{"id":4944,"date":"2026-04-23T15:13:35","date_gmt":"2026-04-23T15:13:35","guid":{"rendered":"https:\/\/qelizaesthetics.com\/?post_type=product&#038;p=4944"},"modified":"2026-04-23T15:13:35","modified_gmt":"2026-04-23T15:13:35","slug":"neurotrim-rx-spray","status":"publish","type":"product","link":"https:\/\/qelizaesthetics.com\/sq\/produkt\/neurotrim-rx-spray\/","title":{"rendered":"NeuroTrim RX spray"},"content":{"rendered":"","protected":false},"excerpt":{"rendered":"<p>NeuroTrim RX \u00ebsht\u00eb nj\u00eb formul\u00eb e avancuar p\u00ebr kontrollin e oreksit dhe menaxhimin e pesh\u00ebs. Vepron n\u00eb nivel qendror duke reduktuar ndjesin\u00eb e uris\u00eb dhe d\u00ebshirat p\u00ebr ushqim, nd\u00ebrkoh\u00eb q\u00eb mb\u00ebshtet energjin\u00eb dhe fokusin gjat\u00eb dit\u00ebs. I p\u00ebrshtatsh\u00ebm p\u00ebr individ\u00eb q\u00eb kan\u00eb v\u00ebshtir\u00ebsi me overeating ose veshtiresi n\u00eb humbjen e pesh\u00ebs.<\/p>","protected":false},"featured_media":4946,"comment_status":"open","ping_status":"closed","template":"","meta":[],"product_brand":[],"product_cat":[33],"product_tag":[],"class_list":{"0":"post-4944","1":"product","2":"type-product","3":"status-publish","4":"has-post-thumbnail","6":"product_cat-peptide","8":"first","9":"instock","10":"shipping-taxable","11":"purchasable","12":"product-type-simple"},"_links":{"self":[{"href":"https:\/\/qelizaesthetics.com\/sq\/wp-json\/wp\/v2\/product\/4944","targetHints":{"allow":["GET"]}}],"collection":[{"href":"https:\/\/qelizaesthetics.com\/sq\/wp-json\/wp\/v2\/product"}],"about":[{"href":"https:\/\/qelizaesthetics.com\/sq\/wp-json\/wp\/v2\/types\/product"}],"replies":[{"embeddable":true,"href":"https:\/\/qelizaesthetics.com\/sq\/wp-json\/wp\/v2\/comments?post=4944"}],"wp:featuredmedia":[{"embeddable":true,"href":"https:\/\/qelizaesthetics.com\/sq\/wp-json\/wp\/v2\/media\/4946"}],"wp:attachment":[{"href":"https:\/\/qelizaesthetics.com\/sq\/wp-json\/wp\/v2\/media?parent=4944"}],"wp:term":[{"taxonomy":"product_brand","embeddable":true,"href":"https:\/\/qelizaesthetics.com\/sq\/wp-json\/wp\/v2\/product_brand?post=4944"},{"taxonomy":"product_cat","embeddable":true,"href":"https:\/\/qelizaesthetics.com\/sq\/wp-json\/wp\/v2\/product_cat?post=4944"},{"taxonomy":"product_tag","embeddable":true,"href":"https:\/\/qelizaesthetics.com\/sq\/wp-json\/wp\/v2\/product_tag?post=4944"}],"curies":[{"name":"wp","href":"https:\/\/api.w.org\/{rel}","templated":true}]}}