{"id":4941,"date":"2026-04-23T15:10:59","date_gmt":"2026-04-23T15:10:59","guid":{"rendered":"https:\/\/qelizaesthetics.com\/?post_type=product&#038;p=4941"},"modified":"2026-04-23T15:10:59","modified_gmt":"2026-04-23T15:10:59","slug":"limitless-rx-spray","status":"publish","type":"product","link":"https:\/\/qelizaesthetics.com\/sq\/produkt\/spraj-i-pakufishem-rx\/","title":{"rendered":"Sprej Limitless RX"},"content":{"rendered":"","protected":false},"excerpt":{"rendered":"<p>Limitless \u00ebsht\u00eb nj\u00eb formul\u00eb nootropike e krijuar p\u00ebr t\u00eb p\u00ebrmir\u00ebsuar fokusin, memorien dhe qart\u00ebsin\u00eb mendore. Ndihmon n\u00eb rritjen e p\u00ebrqendrimit, ul stresin dhe mb\u00ebshtet performanc\u00ebn kognitive n\u00eb situata me ngarkes\u00eb t\u00eb lart\u00eb mendore. Ideale p\u00ebr profesionist\u00eb, student\u00eb dhe individ\u00eb q\u00eb k\u00ebrkojn\u00eb nj\u00eb avantazh mendor n\u00eb jet\u00ebn e p\u00ebrditshme.<\/p>","protected":false},"featured_media":4943,"comment_status":"open","ping_status":"closed","template":"","meta":[],"product_brand":[],"product_cat":[33],"product_tag":[],"class_list":{"0":"post-4941","1":"product","2":"type-product","3":"status-publish","4":"has-post-thumbnail","6":"product_cat-peptide","8":"first","9":"instock","10":"shipping-taxable","11":"purchasable","12":"product-type-simple"},"_links":{"self":[{"href":"https:\/\/qelizaesthetics.com\/sq\/wp-json\/wp\/v2\/product\/4941","targetHints":{"allow":["GET"]}}],"collection":[{"href":"https:\/\/qelizaesthetics.com\/sq\/wp-json\/wp\/v2\/product"}],"about":[{"href":"https:\/\/qelizaesthetics.com\/sq\/wp-json\/wp\/v2\/types\/product"}],"replies":[{"embeddable":true,"href":"https:\/\/qelizaesthetics.com\/sq\/wp-json\/wp\/v2\/comments?post=4941"}],"wp:featuredmedia":[{"embeddable":true,"href":"https:\/\/qelizaesthetics.com\/sq\/wp-json\/wp\/v2\/media\/4943"}],"wp:attachment":[{"href":"https:\/\/qelizaesthetics.com\/sq\/wp-json\/wp\/v2\/media?parent=4941"}],"wp:term":[{"taxonomy":"product_brand","embeddable":true,"href":"https:\/\/qelizaesthetics.com\/sq\/wp-json\/wp\/v2\/product_brand?post=4941"},{"taxonomy":"product_cat","embeddable":true,"href":"https:\/\/qelizaesthetics.com\/sq\/wp-json\/wp\/v2\/product_cat?post=4941"},{"taxonomy":"product_tag","embeddable":true,"href":"https:\/\/qelizaesthetics.com\/sq\/wp-json\/wp\/v2\/product_tag?post=4941"}],"curies":[{"name":"wp","href":"https:\/\/api.w.org\/{rel}","templated":true}]}}