{"id":4938,"date":"2026-04-23T15:08:15","date_gmt":"2026-04-23T15:08:15","guid":{"rendered":"https:\/\/qelizaesthetics.com\/?post_type=product&#038;p=4938"},"modified":"2026-04-23T15:08:43","modified_gmt":"2026-04-23T15:08:43","slug":"mitomagic-rx-spray","status":"publish","type":"product","link":"https:\/\/qelizaesthetics.com\/sq\/produkt\/mitomagic-rx-spray\/","title":{"rendered":"MitoMagic RX spray"},"content":{"rendered":"","protected":false},"excerpt":{"rendered":"<p>MitoMagic \u00ebsht\u00eb nj\u00eb formul\u00eb e avancuar p\u00ebr mb\u00ebshtetjen e energjis\u00eb qelizore dhe funksionit mitokondrial. Kombinimi i NAD+, MOTS-C dhe SS-31 ndihmon n\u00eb rritjen e prodhimit t\u00eb energjis\u00eb (ATP), p\u00ebrmir\u00ebson q\u00ebndrueshm\u00ebrin\u00eb fizike dhe mb\u00ebshtet rikuperimin qelizor. Ideal p\u00ebr ata q\u00eb ndihen t\u00eb lodhur, kan\u00eb energji t\u00eb ul\u00ebt ose k\u00ebrkojn\u00eb optimizim t\u00eb performanc\u00ebs mendore dhe fizike.<\/p>","protected":false},"featured_media":4940,"comment_status":"open","ping_status":"closed","template":"","meta":[],"product_brand":[],"product_cat":[33],"product_tag":[],"class_list":{"0":"post-4938","1":"product","2":"type-product","3":"status-publish","4":"has-post-thumbnail","6":"product_cat-peptide","8":"first","9":"instock","10":"shipping-taxable","11":"purchasable","12":"product-type-simple"},"_links":{"self":[{"href":"https:\/\/qelizaesthetics.com\/sq\/wp-json\/wp\/v2\/product\/4938","targetHints":{"allow":["GET"]}}],"collection":[{"href":"https:\/\/qelizaesthetics.com\/sq\/wp-json\/wp\/v2\/product"}],"about":[{"href":"https:\/\/qelizaesthetics.com\/sq\/wp-json\/wp\/v2\/types\/product"}],"replies":[{"embeddable":true,"href":"https:\/\/qelizaesthetics.com\/sq\/wp-json\/wp\/v2\/comments?post=4938"}],"wp:featuredmedia":[{"embeddable":true,"href":"https:\/\/qelizaesthetics.com\/sq\/wp-json\/wp\/v2\/media\/4940"}],"wp:attachment":[{"href":"https:\/\/qelizaesthetics.com\/sq\/wp-json\/wp\/v2\/media?parent=4938"}],"wp:term":[{"taxonomy":"product_brand","embeddable":true,"href":"https:\/\/qelizaesthetics.com\/sq\/wp-json\/wp\/v2\/product_brand?post=4938"},{"taxonomy":"product_cat","embeddable":true,"href":"https:\/\/qelizaesthetics.com\/sq\/wp-json\/wp\/v2\/product_cat?post=4938"},{"taxonomy":"product_tag","embeddable":true,"href":"https:\/\/qelizaesthetics.com\/sq\/wp-json\/wp\/v2\/product_tag?post=4938"}],"curies":[{"name":"wp","href":"https:\/\/api.w.org\/{rel}","templated":true}]}}