{"id":4798,"date":"2026-02-11T15:59:27","date_gmt":"2026-02-11T15:59:27","guid":{"rendered":"https:\/\/qelizaesthetics.com\/?post_type=product&#038;p=4798"},"modified":"2026-02-11T15:59:27","modified_gmt":"2026-02-11T15:59:27","slug":"ultimate-gi-repair-lvlup","status":"publish","type":"product","link":"https:\/\/qelizaesthetics.com\/sq\/produkt\/niveli-perfundimtar-i-riparimit-te-gi-se\/","title":{"rendered":"Riparimi p\u00ebrfundimtar i traktit gastrointestinal LVLUP"},"content":{"rendered":"<h3 data-start=\"636\" data-end=\"687\">Mb\u00ebshtetje e Avancuar e Peptideve p\u00ebr Sh\u00ebndetin e Barrier\u00ebs s\u00eb Zorr\u00ebve<\/h3>\n<p data-start=\"689\" data-end=\"1083\">Ultimate GI Repair nga LVLUP \u00ebsht\u00eb nj\u00eb formul\u00eb e gjenerat\u00ebs s\u00eb ardhshme e krijuar p\u00ebr individ\u00eb q\u00eb k\u00ebrkojn\u00eb <strong data-start=\"782\" data-end=\"844\">mb\u00ebshtetje e thell\u00eb dhe shum\u00ebshtresore e rreshtimit gastrointestinal<\/strong>P\u00ebrzierja bashkon kat\u00ebr peptide t\u00eb biodisponueshme orale me nutraceutik\u00eb preciz\u00eb p\u00ebr t\u00eb synuar aspekte ky\u00e7e t\u00eb struktur\u00ebs barrier\u00eb, rinovimin e indeve dhe ekuilibrin imunitar - duke ndihmuar zorr\u00ebn t\u00eb rikuperohet nga faktor\u00ebt stresues dietik\u00eb, mjedisor\u00eb dhe t\u00eb stilit t\u00eb jet\u00ebs.<\/p>\n<h3 data-start=\"1085\" data-end=\"1111\">Qasje me shum\u00eb rrug\u00eb<\/h3>\n<p data-start=\"1113\" data-end=\"1345\"><strong data-start=\"1113\" data-end=\"1150\">Faza 1 \u2013 P\u00ebrforcimi i Barrier\u00ebs<\/strong><br data-start=\"1150\" data-end=\"1153\" \/>Peptide t\u00eb tilla si <strong data-start=\"1170\" data-end=\"1201\">BPC-Arginate dhe Larazotide<\/strong> Ndihmojn\u00eb n\u00eb ruajtjen e integritetit t\u00eb lidhjeve t\u00eb ngushta, duke mb\u00ebshtetur p\u00ebrshkueshm\u00ebrin\u00eb normale dhe duke mbrojtur rreshtimin e zorr\u00ebve gjat\u00eb periudhave t\u00eb irritimit ose \u00e7ekuilibrit.<\/p>\n<p data-start=\"1347\" data-end=\"1580\"><strong data-start=\"1347\" data-end=\"1386\">Faza 2 \u2013 Mb\u00ebshtetja e Rip\u00ebrt\u00ebritjes s\u00eb Indeve<\/strong><br data-start=\"1386\" data-end=\"1389\" \/><strong data-start=\"1389\" data-end=\"1399\">GHK-Cu<\/strong> kontribuon n\u00eb proceset e riparimit qelizor, nd\u00ebrsa <strong data-start=\"1448\" data-end=\"1462\">Tributirin\u00eb<\/strong> Ofron butirat\u2014nj\u00eb karburant thelb\u00ebsor p\u00ebr qelizat e zorr\u00ebs s\u00eb trash\u00eb\u2014duke nxitur qarkullimin e sh\u00ebndetsh\u00ebm dhe rezistenc\u00ebn e murit t\u00eb zorr\u00ebve.<\/p>\n<p data-start=\"1582\" data-end=\"1807\"><strong data-start=\"1582\" data-end=\"1629\">Faza 3 \u2013 Modulimi i Mjedisit Imunitar<\/strong><br data-start=\"1629\" data-end=\"1632\" \/><strong data-start=\"1632\" data-end=\"1645\">Quercetin<\/strong> ndihmon n\u00eb rregullimin e p\u00ebrgjigjeve inflamatore lokale, dhe <strong data-start=\"1695\" data-end=\"1715\">L-Karnozina e zinkut<\/strong> mb\u00ebshtet rikuperimin e mukoz\u00ebs, duke krijuar nj\u00eb mjedis t\u00eb ekuilibruar p\u00ebr rehati afatgjat\u00eb t\u00eb tretjes.<\/p>\n<h3 data-start=\"1809\" data-end=\"1828\">P\u00ebrb\u00ebr\u00ebsit kryesor\u00eb<\/h3>\n<p data-start=\"1832\" data-end=\"1935\"><strong data-start=\"1832\" data-end=\"1858\">BPC-Arginate (1000 mg):<\/strong> peptid i nxjerr\u00eb nga rreshtimi i stomakut p\u00ebr t\u00eb mb\u00ebshtetur rikuperimin e zorr\u00ebve dhe indeve<\/p>\n<p data-start=\"1938\" data-end=\"2003\"><strong data-start=\"1938\" data-end=\"1961\">Larazotide (500 mg):<\/strong> ndihmon n\u00eb ruajtjen e funksionit natyror t\u00eb barrier\u00ebs<\/p>\n<p data-start=\"2006\" data-end=\"2088\"><strong data-start=\"2006\" data-end=\"2022\">KPV (500mg):<\/strong> mb\u00ebshtetje e synuar imunitare dhe e indeve pa shtypur mbrojtjet<\/p>\n<p data-start=\"2091\" data-end=\"2154\"><strong data-start=\"2091\" data-end=\"2110\">GHK-Cu (2.5mg):<\/strong> mb\u00ebshtet riparimin dhe rigjenerimin qelizor<\/p>\n<p data-start=\"2157\" data-end=\"2223\"><strong data-start=\"2157\" data-end=\"2180\">Tributirin\u00eb (400 mg):<\/strong> burim butirati p\u00ebr sh\u00ebndetin e kolonociteve<\/p>\n<p data-start=\"2226\" data-end=\"2297\"><strong data-start=\"2226\" data-end=\"2248\">Kuercetina (200 mg):<\/strong> p\u00ebrb\u00ebr\u00ebs bimor p\u00ebr ekuilibrin qelizor dhe imunitar<\/p>\n<p data-start=\"2226\" data-end=\"2297\"><strong data-start=\"2300\" data-end=\"2329\">L-Karnozina e zinkut (150 mg):<\/strong> ngjitet n\u00eb rreshtimin e zorr\u00ebve p\u00ebr t\u00eb ndihmuar n\u00eb rigjenerimin<\/p>\n<h3 data-start=\"2374\" data-end=\"2390\">P\u00ebr k\u00eb \u00ebsht\u00eb<\/h3>\n<p data-start=\"2392\" data-end=\"2560\">Ideale p\u00ebr njer\u00ebzit q\u00eb p\u00ebrjetojn\u00eb ndjeshm\u00ebri t\u00eb vazhdueshme t\u00eb tretjes, rikuperim pas acarimit ose ata q\u00eb duan. <strong data-start=\"2496\" data-end=\"2559\">mb\u00ebshtetje proaktive dhe e nivelit t\u00eb lart\u00eb p\u00ebr integritetin dhe rehatin\u00eb e zorr\u00ebve<\/strong>.<\/p>\n<h3 data-start=\"2562\" data-end=\"2577\">Si t\u00eb merret<\/h3>\n<p data-start=\"2579\" data-end=\"2649\">Merr <strong data-start=\"2584\" data-end=\"2604\">2 kapsula n\u00eb dit\u00eb<\/strong> ose sipas udh\u00ebzimeve t\u00eb nj\u00eb profesionisti t\u00eb kujdesit sh\u00ebndet\u00ebsor.<\/p>\n<p data-start=\"2651\" data-end=\"2689\"><strong data-start=\"2651\" data-end=\"2663\">Paketa:<\/strong> 60 kapsula \u2013 30 racione<\/p>","protected":false},"excerpt":{"rendered":"<p data-start=\"142\" data-end=\"172\"><strong data-start=\"142\" data-end=\"172\">Riparim P\u00ebrfundimtar i Gastrointestinaleve \u2013 LVLUP<\/strong><\/p>\n<p data-start=\"174\" data-end=\"587\">Nj\u00eb formul\u00eb gjith\u00ebp\u00ebrfshir\u00ebse e bazuar n\u00eb peptide, e projektuar p\u00ebr t\u00eb mb\u00ebshtetur integritetin e barrier\u00ebs s\u00eb zorr\u00ebve dhe rezistenc\u00ebn tret\u00ebse. Kombinon peptidet bioaktive me l\u00ebnd\u00eb ushqyese t\u00eb synuara, duke p\u00ebrfshir\u00eb <strong data-start=\"342\" data-end=\"428\">BPC-Arginate, Larazotide, KPV, GHK-Cu, Tributyrin, Quercetin dhe Zink L-Carnosine<\/strong>\u2014p\u00ebr t\u00eb ndihmuar n\u00eb ruajtjen e forc\u00ebs s\u00eb mukoz\u00ebs, aktivitetit t\u00eb ekuilibruar imunitar dhe funksionit t\u00eb sh\u00ebndetsh\u00ebm t\u00eb zorr\u00ebve. Prodhuar sipas GMP me testime nga pal\u00eb t\u00eb treta p\u00ebr cil\u00ebsi dhe past\u00ebrti.<\/p>","protected":false},"featured_media":4800,"comment_status":"open","ping_status":"closed","template":"","meta":[],"product_brand":[],"product_cat":[29],"product_tag":[],"class_list":{"0":"post-4798","1":"product","2":"type-product","3":"status-publish","4":"has-post-thumbnail","6":"product_cat-supplements","8":"first","9":"instock","10":"shipping-taxable","11":"purchasable","12":"product-type-simple"},"_links":{"self":[{"href":"https:\/\/qelizaesthetics.com\/sq\/wp-json\/wp\/v2\/product\/4798","targetHints":{"allow":["GET"]}}],"collection":[{"href":"https:\/\/qelizaesthetics.com\/sq\/wp-json\/wp\/v2\/product"}],"about":[{"href":"https:\/\/qelizaesthetics.com\/sq\/wp-json\/wp\/v2\/types\/product"}],"replies":[{"embeddable":true,"href":"https:\/\/qelizaesthetics.com\/sq\/wp-json\/wp\/v2\/comments?post=4798"}],"wp:featuredmedia":[{"embeddable":true,"href":"https:\/\/qelizaesthetics.com\/sq\/wp-json\/wp\/v2\/media\/4800"}],"wp:attachment":[{"href":"https:\/\/qelizaesthetics.com\/sq\/wp-json\/wp\/v2\/media?parent=4798"}],"wp:term":[{"taxonomy":"product_brand","embeddable":true,"href":"https:\/\/qelizaesthetics.com\/sq\/wp-json\/wp\/v2\/product_brand?post=4798"},{"taxonomy":"product_cat","embeddable":true,"href":"https:\/\/qelizaesthetics.com\/sq\/wp-json\/wp\/v2\/product_cat?post=4798"},{"taxonomy":"product_tag","embeddable":true,"href":"https:\/\/qelizaesthetics.com\/sq\/wp-json\/wp\/v2\/product_tag?post=4798"}],"curies":[{"name":"wp","href":"https:\/\/api.w.org\/{rel}","templated":true}]}}