{"id":4792,"date":"2026-02-11T15:56:43","date_gmt":"2026-02-11T15:56:43","guid":{"rendered":"https:\/\/qelizaesthetics.com\/?post_type=product&#038;p=4792"},"modified":"2026-02-11T15:56:43","modified_gmt":"2026-02-11T15:56:43","slug":"zinc-carnosine-lvlup","status":"publish","type":"product","link":"https:\/\/qelizaesthetics.com\/sq\/produkt\/zinku-karnozine-lvlup\/","title":{"rendered":"Zinku Karnozina LVLUP"},"content":{"rendered":"<h3 data-start=\"662\" data-end=\"713\">Mb\u00ebshtetje me Veprim t\u00eb Trefisht\u00eb p\u00ebr Integritetin e Barrier\u00ebs s\u00eb Zorr\u00ebve<\/h3>\n<p data-start=\"715\" data-end=\"1052\">Zink Carnosine + LVLUP \u00ebsht\u00eb krijuar p\u00ebr ata q\u00eb k\u00ebrkojn\u00eb mb\u00ebshtetje t\u00eb synuar p\u00ebr <strong data-start=\"792\" data-end=\"865\">rreshtimi gastrointestinal, mbrojtja e mukoz\u00ebs dhe ekologjia e ekuilibruar e zorr\u00ebve<\/strong>Kjo formul\u00eb bashkon tre p\u00ebrb\u00ebr\u00ebs t\u00eb mb\u00ebshtetur nga k\u00ebrkimet shkencore\u2014<strong data-start=\"921\" data-end=\"962\">Zink L-Karnozin\u00eb, DGL dhe Gom\u00eb Mastike<\/strong>\u2014p\u00ebr t\u00eb adresuar rrug\u00ebt kryesore t\u00eb p\u00ebrfshira n\u00eb ruajtjen e nj\u00eb barriere tret\u00ebse t\u00eb fort\u00eb dhe elastike.<\/p>\n<h3 data-start=\"1054\" data-end=\"1095\">Mbron dhe qet\u00ebson mukoz\u00ebn e stomakut<\/h3>\n<p data-start=\"1097\" data-end=\"1393\"><strong data-start=\"1097\" data-end=\"1124\">Zink L-Karnozin\u00eb (75 mg)<\/strong> \u00ebsht\u00eb nj\u00eb p\u00ebrb\u00ebr\u00ebs i specializuar q\u00eb ngjitet n\u00eb epitelin e zorr\u00ebve, duke ndihmuar n\u00eb mb\u00ebshtetjen e rinovimit t\u00eb indeve dhe mbrojtjes antioksiduese. I zhvilluar fillimisht n\u00eb Japoni, njihet gjer\u00ebsisht p\u00ebr ndihm\u00ebn ndaj indeve gastrike t\u00eb stresuara ose t\u00eb irrituara dhe p\u00ebr nxitjen e forc\u00ebs afatgjat\u00eb t\u00eb barrier\u00ebs.<\/p>\n<p data-start=\"1395\" data-end=\"1669\"><strong data-start=\"1395\" data-end=\"1440\">DGL \u2013 Likoric\u00eb e deglicirizinuar (300 mg)<\/strong> inkurajon prodhimin e sh\u00ebndetsh\u00ebm t\u00eb mukusit, duke formuar nj\u00eb shtres\u00eb t\u00eb but\u00eb mbrojt\u00ebse mbi zonat e ndjeshme pa ndikuar n\u00eb presionin e gjakut. Kjo e b\u00ebn ideal p\u00ebr njer\u00ebzit q\u00eb p\u00ebrjetojn\u00eb urth t\u00eb rastit, shqet\u00ebsim ose acarim t\u00eb tretjes.<\/p>\n<h3 data-start=\"1671\" data-end=\"1712\">Mb\u00ebshtet nj\u00eb ekologji t\u00eb ekuilibruar tret\u00ebse<\/h3>\n<p data-start=\"1714\" data-end=\"1953\"><strong data-start=\"1714\" data-end=\"1736\">\u00c7am\u00e7ak\u00ebz mastik (250 mg)<\/strong>, me origjin\u00eb nga rr\u00ebshira mesdhetare e pistacis\u00eb, \u00ebsht\u00eb p\u00ebrdorur tradicionalisht p\u00ebr t\u00eb ndihmuar n\u00eb ruajtjen e nj\u00eb ekuilibri t\u00eb sh\u00ebndetsh\u00ebm mikrobik n\u00eb stomak. Mb\u00ebshtet nj\u00eb mjedis t\u00eb brendsh\u00ebm t\u00eb q\u00ebndruesh\u00ebm duke respektuar bakteret e dobishme t\u00eb zorr\u00ebve.<\/p>\n<h3 data-start=\"1955\" data-end=\"1986\">Si funksionon \u2013 Tre faza<\/h3>\n<p data-start=\"1990\" data-end=\"2104\"><strong data-start=\"1990\" data-end=\"2019\">Mbrojtje e menj\u00ebhershme e mukoz\u00ebs<\/strong> \u2013 DGL nxit sekretimin natyral t\u00eb mukusit p\u00ebr t\u00eb mbrojtur indet delikate gjat\u00eb tretjes<\/p>\n<p data-start=\"2107\" data-end=\"2207\"><strong data-start=\"2107\" data-end=\"2136\">Riparim i q\u00ebndruesh\u00ebm qelizor<\/strong> \u2013 L-Karnozina e zinkut mb\u00ebshtet rip\u00ebrt\u00ebritjen dhe q\u00ebndrueshm\u00ebrin\u00eb e rreshtimit t\u00eb zorr\u00ebve<\/p>\n<p data-start=\"2210\" data-end=\"2317\"><strong data-start=\"2210\" data-end=\"2232\">Ekuilibri i mikrobiom\u00ebs<\/strong> \u2013 \u00c7am\u00e7ak\u00ebzi i mastik\u00ebs ndihmon n\u00eb zbutjen e mikrobeve jo t\u00eb dobishme duke ruajtur flor\u00ebn e sh\u00ebndetshme<\/p>\n<h3 data-start=\"2319\" data-end=\"2335\">P\u00ebr k\u00eb \u00ebsht\u00eb<\/h3>\n<p data-start=\"2337\" data-end=\"2530\">Ideale p\u00ebr individ\u00ebt q\u00eb p\u00ebrballen me ndjeshm\u00ebri t\u00eb p\u00ebrditshme tret\u00ebse, shqet\u00ebsime acidike ose ata q\u00eb duan mb\u00ebshtetje proaktive p\u00ebr. <strong data-start=\"2460\" data-end=\"2529\">sh\u00ebndeti i zorr\u00ebve, integriteti i barrier\u00ebs dhe q\u00ebndrueshm\u00ebria afatgjat\u00eb e tretjes<\/strong>.<\/p>\n<h3 data-start=\"2532\" data-end=\"2547\">Si t\u00eb merret<\/h3>\n<p data-start=\"2549\" data-end=\"2677\">Merr <strong data-start=\"2554\" data-end=\"2573\">1 kapsul\u00eb n\u00eb dit\u00eb<\/strong> ose sipas udh\u00ebzimeve t\u00eb nj\u00eb profesionisti t\u00eb kujdesit sh\u00ebndet\u00ebsor. I p\u00ebrshtatsh\u00ebm p\u00ebr p\u00ebrdorim t\u00eb vazhduesh\u00ebm si pjes\u00eb e nj\u00eb rutine mb\u00ebshtetjeje t\u00eb zorr\u00ebve.<\/p>\n<p data-start=\"2679\" data-end=\"2717\"><strong data-start=\"2679\" data-end=\"2691\">Paketa:<\/strong> 60 kapsula \u2013 60 racione<\/p>","protected":false},"excerpt":{"rendered":"<p data-start=\"195\" data-end=\"221\"><strong data-start=\"195\" data-end=\"221\">Zinku Karnozin\u00eb + LVLUP<\/strong><\/p>\n<p data-start=\"223\" data-end=\"613\">Nj\u00eb formul\u00eb me veprim t\u00eb trefisht\u00eb e projektuar p\u00ebr t\u00eb mb\u00ebshtetur integritetin e barrier\u00ebs s\u00eb zorr\u00ebve dhe rehatin\u00eb e p\u00ebrditshme t\u00eb tretjes. Kombinon <strong data-start=\"327\" data-end=\"360\">L-Karnozina e zinkut biodisponueshme<\/strong>, <strong data-start=\"362\" data-end=\"399\">Likorica e deglicirizinuar (DGL)<\/strong>, dhe <strong data-start=\"405\" data-end=\"419\">\u00c7am\u00e7ak\u00ebz mastik<\/strong> p\u00ebr t\u00eb ndihmuar n\u00eb mbrojtjen e mukoz\u00ebs s\u00eb stomakut, p\u00ebr t\u00eb qet\u00ebsuar indet e ndjeshme dhe p\u00ebr t\u00eb nxitur nj\u00eb mjedis tret\u00ebs t\u00eb ekuilibruar. Me baz\u00eb bimore, pa aditiv\u00eb dhe i formuluar p\u00ebr rezistenc\u00eb afatgjat\u00eb gastrointestinale.<\/p>","protected":false},"featured_media":4794,"comment_status":"open","ping_status":"closed","template":"","meta":[],"product_brand":[],"product_cat":[29],"product_tag":[],"class_list":{"0":"post-4792","1":"product","2":"type-product","3":"status-publish","4":"has-post-thumbnail","6":"product_cat-supplements","8":"first","9":"instock","10":"shipping-taxable","11":"purchasable","12":"product-type-simple"},"_links":{"self":[{"href":"https:\/\/qelizaesthetics.com\/sq\/wp-json\/wp\/v2\/product\/4792","targetHints":{"allow":["GET"]}}],"collection":[{"href":"https:\/\/qelizaesthetics.com\/sq\/wp-json\/wp\/v2\/product"}],"about":[{"href":"https:\/\/qelizaesthetics.com\/sq\/wp-json\/wp\/v2\/types\/product"}],"replies":[{"embeddable":true,"href":"https:\/\/qelizaesthetics.com\/sq\/wp-json\/wp\/v2\/comments?post=4792"}],"wp:featuredmedia":[{"embeddable":true,"href":"https:\/\/qelizaesthetics.com\/sq\/wp-json\/wp\/v2\/media\/4794"}],"wp:attachment":[{"href":"https:\/\/qelizaesthetics.com\/sq\/wp-json\/wp\/v2\/media?parent=4792"}],"wp:term":[{"taxonomy":"product_brand","embeddable":true,"href":"https:\/\/qelizaesthetics.com\/sq\/wp-json\/wp\/v2\/product_brand?post=4792"},{"taxonomy":"product_cat","embeddable":true,"href":"https:\/\/qelizaesthetics.com\/sq\/wp-json\/wp\/v2\/product_cat?post=4792"},{"taxonomy":"product_tag","embeddable":true,"href":"https:\/\/qelizaesthetics.com\/sq\/wp-json\/wp\/v2\/product_tag?post=4792"}],"curies":[{"name":"wp","href":"https:\/\/api.w.org\/{rel}","templated":true}]}}