{"id":4681,"date":"2025-11-10T14:33:04","date_gmt":"2025-11-10T14:33:04","guid":{"rendered":"https:\/\/qelizaesthetics.com\/?post_type=product&#038;p=4681"},"modified":"2025-11-10T14:33:04","modified_gmt":"2025-11-10T14:33:04","slug":"neu-biotic-neutrient","status":"publish","type":"product","link":"https:\/\/qelizaesthetics.com\/sq\/produkt\/neutrient-biotik-neu\/","title":{"rendered":"Neutrient Neu-Biotik"},"content":{"rendered":"<h2 class=\"image-with-text__heading inline-richtext h2\">Neu-Biotic Neutrient \u2013 Probiotik me Fuqi t\u00eb Lart\u00eb dhe Shum\u00ebllojshm\u00ebri<\/h2>\n<div class=\"border-section rte\"><strong>Mb\u00ebshtet Diversitetin e Mikrobiom\u00ebs s\u00eb Zorr\u00ebve<\/strong> \u00c7do kapsul\u00eb ditore ofron 20 miliard\u00eb CFU n\u00eb 20 lloje bakteriale t\u00eb gjalla, duke p\u00ebrfshir\u00eb 5 lloje Bifidobacterium dhe 13 lloje Lactobacillus, plus Streptococcus thermophilus dhe Enterococcus faecium, duke ndihmuar n\u00eb ruajtjen e nj\u00eb flore t\u00eb ekuilibruar t\u00eb zorr\u00ebve.<\/div>\n<div class=\"border-section rte\"><strong>Dor\u00ebzim Maksimal<\/strong> Kapsulat enterike mbrojn\u00eb bakteret miq\u00ebsore nga acidi i stomakut, duke siguruar q\u00eb kulturat e gjalla t\u00eb arrijn\u00eb n\u00eb zorr\u00eb ku ato ndodhen natyrsh\u00ebm.<\/div>\n<div class=\"border-section rte\"><strong>Mb\u00ebshtetje prebiotike<\/strong> P\u00ebrmban FOS dhe inulin\u00eb p\u00ebr t\u00eb ushqyer bakteret miq\u00ebsore, duke mb\u00ebshtetur mir\u00ebqenien e tretjes dhe diversitetin mikrobik.<\/div>\n<div class=\"border-section rte\"><strong>I past\u00ebr dhe miq\u00ebsor ndaj vegan\u00ebve<\/strong> Pa OMGJ, gluten, soj\u00eb dhe produkte qum\u00ebshti, pa mbush\u00ebs t\u00eb panevojsh\u00ebm ose p\u00ebrb\u00ebr\u00ebs artificial\u00eb.<\/div>\n<div class=\"border-section rte\"><strong>I p\u00ebrshtatsh\u00ebm dhe i besuesh\u00ebm<\/strong> 60 kapsula p\u00ebr en\u00eb (furnizim 2-mujor), afat ruajtjeje 2-vje\u00e7ar dhe paketim i ricikluesh\u00ebm p\u00ebr mb\u00ebshtetje t\u00eb p\u00ebrditshme t\u00eb tretjes.<\/div>","protected":false},"excerpt":{"rendered":"<p><strong>Neu-Biotic Neutrient \u2013 Mb\u00ebshtetje Probiotike me Shum\u00eb Shtame<\/strong><\/p>\n<div class=\"border-section rte\">\n20 miliard\u00eb CFU p\u00ebr kapsul\u00eb me 20 lloje bakteriale t\u00eb gjalla, t\u00eb veshura me enterik\u00eb p\u00ebr shp\u00ebrndarje maksimale n\u00eb zorr\u00eb. Mb\u00ebshtet diversitetin mikrobik, mir\u00ebqenien e tretjes dhe ekuilibrin e p\u00ebrgjithsh\u00ebm t\u00eb zorr\u00ebve me nj\u00eb formul\u00eb t\u00eb past\u00ebr dhe miq\u00ebsore p\u00ebr vegan\u00ebt.\n<\/div>","protected":false},"featured_media":4683,"comment_status":"open","ping_status":"closed","template":"","meta":[],"product_brand":[],"product_cat":[29],"product_tag":[],"class_list":{"0":"post-4681","1":"product","2":"type-product","3":"status-publish","4":"has-post-thumbnail","6":"product_cat-supplements","8":"first","9":"instock","10":"shipping-taxable","11":"purchasable","12":"product-type-simple"},"_links":{"self":[{"href":"https:\/\/qelizaesthetics.com\/sq\/wp-json\/wp\/v2\/product\/4681","targetHints":{"allow":["GET"]}}],"collection":[{"href":"https:\/\/qelizaesthetics.com\/sq\/wp-json\/wp\/v2\/product"}],"about":[{"href":"https:\/\/qelizaesthetics.com\/sq\/wp-json\/wp\/v2\/types\/product"}],"replies":[{"embeddable":true,"href":"https:\/\/qelizaesthetics.com\/sq\/wp-json\/wp\/v2\/comments?post=4681"}],"wp:featuredmedia":[{"embeddable":true,"href":"https:\/\/qelizaesthetics.com\/sq\/wp-json\/wp\/v2\/media\/4683"}],"wp:attachment":[{"href":"https:\/\/qelizaesthetics.com\/sq\/wp-json\/wp\/v2\/media?parent=4681"}],"wp:term":[{"taxonomy":"product_brand","embeddable":true,"href":"https:\/\/qelizaesthetics.com\/sq\/wp-json\/wp\/v2\/product_brand?post=4681"},{"taxonomy":"product_cat","embeddable":true,"href":"https:\/\/qelizaesthetics.com\/sq\/wp-json\/wp\/v2\/product_cat?post=4681"},{"taxonomy":"product_tag","embeddable":true,"href":"https:\/\/qelizaesthetics.com\/sq\/wp-json\/wp\/v2\/product_tag?post=4681"}],"curies":[{"name":"wp","href":"https:\/\/api.w.org\/{rel}","templated":true}]}}