{"id":4554,"date":"2025-09-03T08:56:09","date_gmt":"2025-09-03T08:56:09","guid":{"rendered":"https:\/\/qelizaesthetics.com\/?post_type=product&#038;p=4554"},"modified":"2025-09-03T08:56:09","modified_gmt":"2025-09-03T08:56:09","slug":"bio-c-peptide-spray","status":"publish","type":"product","link":"https:\/\/qelizaesthetics.com\/sq\/produkt\/sprej-peptidi-bio-c\/","title":{"rendered":"Sprej Peptidi BIO-C"},"content":{"rendered":"<h2 class=\"image-with-text__heading inline-richtext h2\">Rifreskim dhe Mbrojtje me \u00c7do Sp\u00ebrkatje<\/h2>\n<div class=\"border-section rte\">\n  <strong>Hidratim dhe Tonifikim<\/strong><br \/>\n  Freskon, hidraton dhe balancon menj\u00ebher\u00eb pH-in e l\u00ebkur\u00ebs p\u00ebr nj\u00eb shk\u00eblqim t\u00eb sh\u00ebndetsh\u00ebm dhe rrezatues.\n<\/div>\n<div class=\"border-section rte\">\n  <strong>Drita Blu dhe Mbrojtje nga UV<\/strong><br \/>\n  Mbron l\u00ebkur\u00ebn nga fotoplakja dixhitale dhe nga dielli, duke ndihmuar n\u00eb ruajtjen e q\u00ebndrueshm\u00ebris\u00eb rinore.\n<\/div>\n<div class=\"border-section rte\">\n  <strong>Formul\u00eb e fuqishme antioksiduese<\/strong><br \/>\n  I pasuruar me fosfat askorbili magnezi (Vitamina C), peptide, alga deti Havaiane dhe bim\u00eb q\u00eb rrisin energjin\u00eb p\u00ebr t\u00eb luftuar stresin oksidativ.\n<\/div>\n<div class=\"border-section rte\">\n  <strong>P\u00ebr k\u00eb \u00ebsht\u00eb<\/strong><br \/>\n  Perfekt p\u00ebr k\u00ebdo q\u00eb k\u00ebrkon nj\u00eb hidratim freskues me mbrojtje t\u00eb shtuar mjedisore.\n<\/div>\n<div class=\"border-section rte\">\n  <strong>Si t\u00eb p\u00ebrdoret<\/strong><br \/>\n  <em>Rifreskim n\u00eb \u00e7do koh\u00eb:<\/em> Sp\u00ebrkateni gjat\u00eb gjith\u00eb dit\u00ebs, madje edhe mbi grim.<br \/>\n  <em>M\u00ebngjes dhe Mbr\u00ebmje:<\/em> Pas pastrimit, sp\u00ebrkatni p\u00ebr ta p\u00ebrgatitur dhe hidratuar para se t\u00eb aplikoni serumet ose kremrat.<br \/>\n  <em>Pas Ekspozimit:<\/em> P\u00ebrdoreni pas diellit ose koh\u00ebs para ekranit p\u00ebr t\u00eb qet\u00ebsuar dhe mbrojtur nga efektet e fotoplakjes.\n<\/div>","protected":false},"excerpt":{"rendered":"<p><strong>SPRAY BIO-C PEPTIDE \u2013 Sprej Peptidesh Hidratues dhe Tonifikues<\/strong><br \/>\nHidratim dhe Tonifikim \u2022 Mbrojtje nga Drita Blu dhe Rrezet UV \u2022 Formul\u00eb e Fuqishme Antioksiduese<\/p>\n<div class=\"stats\">\n<div class=\"metric\">\n<div class=\"circle-chart\">\n<div class=\"percentage\">\n<h2 class=\"center\">Ajo q\u00eb synon<\/h2>\n<div class=\"stats\">\n<div class=\"metric\">\n<div class=\"circle-chart\">\n<div class=\"percentage\">100% Hidratim<\/div>\n<\/p><\/div>\n<\/p><\/div>\n<div class=\"metric\">\n<div class=\"circle-chart\">\n<div class=\"percentage\">Mbrojtje nga Drita Blu 95%<\/div>\n<\/p><\/div>\n<\/p><\/div>\n<div class=\"metric\">\n<div class=\"circle-chart\">\n<div class=\"percentage\">Mbrojtje nga rrezet UV 90%<\/div>\n<\/p><\/div>\n<\/p><\/div>\n<div class=\"metric\">\n<div class=\"circle-chart\">\n<div class=\"percentage\">85% Fuqi Antioksiduese<\/div>\n<\/p><\/div>\n<\/p><\/div>\n<div class=\"metric\">\n<div class=\"circle-chart\">\n<div class=\"percentage\">Shk\u00eblqim 80%<\/div>\n<\/p><\/div>\n<\/p><\/div>\n<div class=\"metric\">\n<div class=\"circle-chart\">\n<div class=\"percentage\">95% Rifreskues<\/div>\n<\/p><\/div>\n<\/p><\/div>\n<\/p><\/div>\n<\/p><\/div>\n<\/p><\/div>\n<\/p><\/div>\n<\/div>","protected":false},"featured_media":4556,"comment_status":"open","ping_status":"closed","template":"","meta":[],"product_brand":[],"product_cat":[25,34],"product_tag":[],"class_list":{"0":"post-4554","1":"product","2":"type-product","3":"status-publish","4":"has-post-thumbnail","6":"product_cat-young-goose","7":"product_cat-skincare","9":"first","10":"instock","11":"shipping-taxable","12":"purchasable","13":"product-type-simple"},"_links":{"self":[{"href":"https:\/\/qelizaesthetics.com\/sq\/wp-json\/wp\/v2\/product\/4554","targetHints":{"allow":["GET"]}}],"collection":[{"href":"https:\/\/qelizaesthetics.com\/sq\/wp-json\/wp\/v2\/product"}],"about":[{"href":"https:\/\/qelizaesthetics.com\/sq\/wp-json\/wp\/v2\/types\/product"}],"replies":[{"embeddable":true,"href":"https:\/\/qelizaesthetics.com\/sq\/wp-json\/wp\/v2\/comments?post=4554"}],"wp:featuredmedia":[{"embeddable":true,"href":"https:\/\/qelizaesthetics.com\/sq\/wp-json\/wp\/v2\/media\/4556"}],"wp:attachment":[{"href":"https:\/\/qelizaesthetics.com\/sq\/wp-json\/wp\/v2\/media?parent=4554"}],"wp:term":[{"taxonomy":"product_brand","embeddable":true,"href":"https:\/\/qelizaesthetics.com\/sq\/wp-json\/wp\/v2\/product_brand?post=4554"},{"taxonomy":"product_cat","embeddable":true,"href":"https:\/\/qelizaesthetics.com\/sq\/wp-json\/wp\/v2\/product_cat?post=4554"},{"taxonomy":"product_tag","embeddable":true,"href":"https:\/\/qelizaesthetics.com\/sq\/wp-json\/wp\/v2\/product_tag?post=4554"}],"curies":[{"name":"wp","href":"https:\/\/api.w.org\/{rel}","templated":true}]}}