{"id":4535,"date":"2025-09-02T15:22:23","date_gmt":"2025-09-02T15:22:23","guid":{"rendered":"https:\/\/qelizaesthetics.com\/?post_type=product&#038;p=4535"},"modified":"2025-09-02T15:39:39","modified_gmt":"2025-09-02T15:39:39","slug":"youth-firming-body-cream","status":"publish","type":"product","link":"https:\/\/qelizaesthetics.com\/sq\/produkt\/krem-trupi-rinor-qe-forcon-trupin\/","title":{"rendered":"Krem p\u00ebr Trupin Rinor dhe Forcues"},"content":{"rendered":"<h2 class=\"image-with-text__heading inline-richtext h2\">Rip\u00ebrt\u00ebritja e Trupit me Energji NAD+<\/h2>\n<div class=\"border-section rte\">\n  <strong>Firmat e dukshme<\/strong><br \/>\n  Q\u00eb nga aplikimi i par\u00eb, aktivizoni sistemet e energjis\u00eb qelizore dhe rrug\u00ebt e rinovimit p\u00ebr nj\u00eb l\u00ebkur\u00eb trupi m\u00eb t\u00eb fort\u00eb dhe m\u00eb t\u00eb tonifikuar.\n<\/div>\n<div class=\"border-section rte\">\n  <strong>P\u00ebrmir\u00ebson hidratimin<\/strong><br \/>\n  Tekstura e saj prej kadifeje dhe q\u00eb p\u00ebrthithet shpejt ofron hidratim t\u00eb thell\u00eb pa mbetje, duke e l\u00ebn\u00eb l\u00ebkur\u00ebn t\u00eb but\u00eb, t\u00eb l\u00ebmuar dhe t\u00eb fresk\u00ebt.\n<\/div>\n<div class=\"border-section rte\">\n  <strong>Mb\u00ebshtet jet\u00ebgjat\u00ebsin\u00eb qelizore<\/strong><br \/>\n  Kompleksi NAD+ Apex\u2122, spermidina CelVio\u2122, lipopeptidet, ergothioneina dhe k\u00ebrpudhat e jet\u00ebgjat\u00ebsis\u00eb nxisin sistemet e riparimit, duke rritur kolagjenin dhe elastin\u00ebn p\u00ebr nj\u00eb l\u00ebkur\u00eb rinore q\u00eb zgjat.\n<\/div>\n<div class=\"border-section rte\">\n  <strong>P\u00ebr k\u00eb \u00ebsht\u00eb<\/strong><br \/>\n  Ideale p\u00ebr k\u00ebdo q\u00eb k\u00ebrkon forcim dhe rip\u00ebrt\u00ebritje t\u00eb dukshme t\u00eb l\u00ebkur\u00ebs s\u00eb varur ose t\u00eb \u00e7rregullt t\u00eb trupit - perfekte p\u00ebr krah\u00ebt, kofsh\u00ebt, gjoksin, gjunj\u00ebt, duart dhe dekolten\u00eb.\n<\/div>\n<div class=\"border-section rte\">\n  <strong>Si t\u00eb p\u00ebrdoret<\/strong><br \/>\n  <em>Filloni nga e para:<\/em> Aplikoni me boll\u00ebk n\u00eb l\u00ebkur\u00eb t\u00eb past\u00ebr dhe t\u00eb that\u00eb.<br \/>\n  <em>Aktivizo dhe thith:<\/em> Masazhojeni me l\u00ebvizje rrethore derisa t\u00eb p\u00ebrthithet plot\u00ebsisht.<br \/>\n  <em>Angazhohuni p\u00ebr Konsistenc\u00eb:<\/em> P\u00ebrdoreni n\u00eb m\u00ebngjes dhe n\u00eb mbr\u00ebmje p\u00ebr rezultate optimale.<br \/>\n  <em>Synimi me q\u00ebllim:<\/em> P\u00ebrqendrohuni n\u00eb zonat q\u00eb kan\u00eb nevoj\u00eb p\u00ebr p\u00ebrmir\u00ebsim t\u00eb struktur\u00ebs dhe ushqim shtes\u00eb.\n<\/div>","protected":false},"excerpt":{"rendered":"<p><strong>Krem Trupi Rinor Forcues \u2013 NAD+ Powered Body Renovation<\/strong><br \/>\nForcon duksh\u00ebm \u2022 P\u00ebrmir\u00ebson hidratimin \u2022 Mb\u00ebshtet jet\u00ebgjat\u00ebsin\u00eb qelizore<\/p>\n<div class=\"stats\">\n<div class=\"metric\">\n<div class=\"circle-chart\">\n<div class=\"percentage\">\n<h2 class=\"center\">Ajo q\u00eb synon<\/h2>\n<div class=\"stats\">\n<div class=\"metric\">\n<div class=\"circle-chart\">\n<div class=\"percentage\">Fort\u00ebsia 100%<\/div>\n<\/p><\/div>\n<\/p><\/div>\n<div class=\"metric\">\n<div class=\"circle-chart\">\n<div class=\"percentage\">95% Hidratim<\/div>\n<\/p><\/div>\n<\/p><\/div>\n<div class=\"metric\">\n<div class=\"circle-chart\">\n<div class=\"percentage\">90% Jet\u00ebgjat\u00ebsia qelizore<\/div>\n<\/p><\/div>\n<\/p><\/div>\n<div class=\"metric\">\n<div class=\"circle-chart\">\n<div class=\"percentage\">85% P\u00ebrmir\u00ebsim i Kolagjenit dhe Elastin\u00ebs<\/div>\n<\/p><\/div>\n<\/p><\/div>\n<div class=\"metric\">\n<div class=\"circle-chart\">\n<div class=\"percentage\">P\u00ebrmir\u00ebsimi i Tekstur\u00ebs 80%<\/div>\n<\/p><\/div>\n<\/p><\/div>\n<div class=\"metric\">\n<div class=\"circle-chart\">\n<div class=\"percentage\">95% L\u00ebmim<\/div>\n<\/p><\/div>\n<\/p><\/div>\n<\/p><\/div>\n<\/p><\/div>\n<\/p><\/div>\n<\/p><\/div>\n<\/div>","protected":false},"featured_media":4537,"comment_status":"open","ping_status":"closed","template":"","meta":[],"product_brand":[],"product_cat":[25,34],"product_tag":[],"class_list":{"0":"post-4535","1":"product","2":"type-product","3":"status-publish","4":"has-post-thumbnail","6":"product_cat-young-goose","7":"product_cat-skincare","9":"first","10":"instock","11":"shipping-taxable","12":"purchasable","13":"product-type-simple"},"_links":{"self":[{"href":"https:\/\/qelizaesthetics.com\/sq\/wp-json\/wp\/v2\/product\/4535","targetHints":{"allow":["GET"]}}],"collection":[{"href":"https:\/\/qelizaesthetics.com\/sq\/wp-json\/wp\/v2\/product"}],"about":[{"href":"https:\/\/qelizaesthetics.com\/sq\/wp-json\/wp\/v2\/types\/product"}],"replies":[{"embeddable":true,"href":"https:\/\/qelizaesthetics.com\/sq\/wp-json\/wp\/v2\/comments?post=4535"}],"wp:featuredmedia":[{"embeddable":true,"href":"https:\/\/qelizaesthetics.com\/sq\/wp-json\/wp\/v2\/media\/4537"}],"wp:attachment":[{"href":"https:\/\/qelizaesthetics.com\/sq\/wp-json\/wp\/v2\/media?parent=4535"}],"wp:term":[{"taxonomy":"product_brand","embeddable":true,"href":"https:\/\/qelizaesthetics.com\/sq\/wp-json\/wp\/v2\/product_brand?post=4535"},{"taxonomy":"product_cat","embeddable":true,"href":"https:\/\/qelizaesthetics.com\/sq\/wp-json\/wp\/v2\/product_cat?post=4535"},{"taxonomy":"product_tag","embeddable":true,"href":"https:\/\/qelizaesthetics.com\/sq\/wp-json\/wp\/v2\/product_tag?post=4535"}],"curies":[{"name":"wp","href":"https:\/\/api.w.org\/{rel}","templated":true}]}}