{"id":4525,"date":"2025-09-02T15:15:47","date_gmt":"2025-09-02T15:15:47","guid":{"rendered":"https:\/\/qelizaesthetics.com\/?post_type=product&#038;p=4525"},"modified":"2025-09-02T15:40:01","modified_gmt":"2025-09-02T15:40:01","slug":"youth-firming-neck-chest-15-ml","status":"publish","type":"product","link":"https:\/\/qelizaesthetics.com\/sq\/produkt\/rinore-per-forcimin-e-qafes-dhe-gjoksit-15-ml\/","title":{"rendered":"Krem p\u00ebr Forcimin e Qaf\u00ebs dhe Gjoksit (15 ml)"},"content":{"rendered":"<h2 class=\"image-with-text__heading inline-richtext h2\">P\u00ebrmir\u00ebsoni Kujdesin p\u00ebr L\u00ebkur\u00ebn Tuaj p\u00ebrtej Fytyr\u00ebs<\/h2>\n<div class=\"border-section rte\">\n  <strong>Forcim i synuar<\/strong><br \/>\n  I formuluar posa\u00e7\u00ebrisht p\u00ebr t\u00eb rritur fort\u00ebsin\u00eb e l\u00ebkur\u00ebs delikate t\u00eb qaf\u00ebs dhe gjoksit, duke rikthyer konturet rinore.\n<\/div>\n<div class=\"border-section rte\">\n  <strong>Infuzion i pararend\u00ebsve NAD+<\/strong><br \/>\n  Shfryt\u00ebzon fuqin\u00eb e NAD+ p\u00ebr t\u00eb forcuar dhe rinovuar l\u00ebkur\u00ebn n\u00eb nivel qelizor.\n<\/div>\n<div class=\"border-section rte\">\n  <strong>P\u00ebrmir\u00ebsimi i Tekstur\u00ebs<\/strong><br \/>\n  Zbut dhe rafinon l\u00ebkur\u00ebn p\u00ebr nj\u00eb dekolte duksh\u00ebm t\u00eb shk\u00eblqyeshme dhe rinore.\n<\/div>\n<div class=\"border-section rte\">\n  <strong>P\u00ebr k\u00eb \u00ebsht\u00eb<\/strong><br \/>\n  Perfekt p\u00ebr k\u00ebdo q\u00eb d\u00ebshiron t\u00eb zgjeroj\u00eb regjimin e kujdesit p\u00ebr l\u00ebkur\u00ebn duke p\u00ebrfshir\u00eb edhe kujdesin p\u00ebr qaf\u00ebn dhe gjoksin.\n<\/div>\n<div class=\"border-section rte\">\n  <strong>Si t\u00eb aplikoni<\/strong><br \/>\n  Masazhojeni but\u00ebsisht n\u00eb qaf\u00eb dhe gjoks t\u00eb pastruar n\u00eb m\u00ebngjes dhe n\u00eb dark\u00eb. P\u00ebrdoreni pas serumeve dhe para mbrojtjes nga dielli si pjes\u00eb t\u00eb rutin\u00ebs suaj t\u00eb plot\u00eb.\n<\/div>","protected":false},"excerpt":{"rendered":"<p><strong>QAF\u00cb DHE GJOKS P\u00cbR FORCIM RINOR \u2013 Fokus n\u00eb Restaurimin e Qaf\u00ebs dhe D\u00e9collet\u00e9<\/strong><br \/>\nForcim i synuar \u2022 Infuzion me pararend\u00ebs NAD+ \u2022 P\u00ebrmir\u00ebsim i tekstur\u00ebs<\/p>\n<div class=\"stats\">\n<div class=\"metric\">\n<div class=\"circle-chart\">\n<div class=\"percentage\">\n<h2 class=\"center\">Ajo q\u00eb synon<\/h2>\n<div class=\"stats\">\n<div class=\"metric\">\n<div class=\"circle-chart\">\n<div class=\"percentage\">Fort\u00ebsia 100%<\/div>\n<\/p><\/div>\n<\/p><\/div>\n<div class=\"metric\">\n<div class=\"circle-chart\">\n<div class=\"percentage\">Infuzion NAD+ 95%<\/div>\n<\/p><\/div>\n<\/p><\/div>\n<div class=\"metric\">\n<div class=\"circle-chart\">\n<div class=\"percentage\">P\u00ebrmir\u00ebsimi i Tekstur\u00ebs 90%<\/div>\n<\/p><\/div>\n<\/p><\/div>\n<div class=\"metric\">\n<div class=\"circle-chart\">\n<div class=\"percentage\">Elasticiteti 85%<\/div>\n<\/p><\/div>\n<\/p><\/div>\n<div class=\"metric\">\n<div class=\"circle-chart\">\n<div class=\"percentage\">80% Hidratim<\/div>\n<\/p><\/div>\n<\/p><\/div>\n<div class=\"metric\">\n<div class=\"circle-chart\">\n<div class=\"percentage\">95% L\u00ebmim<\/div>\n<\/p><\/div>\n<\/p><\/div>\n<\/p><\/div>\n<\/p><\/div>\n<\/p><\/div>\n<\/p><\/div>\n<\/div>","protected":false},"featured_media":4527,"comment_status":"open","ping_status":"closed","template":"","meta":[],"product_brand":[],"product_cat":[25,34],"product_tag":[],"class_list":{"0":"post-4525","1":"product","2":"type-product","3":"status-publish","4":"has-post-thumbnail","6":"product_cat-young-goose","7":"product_cat-skincare","9":"first","10":"instock","11":"shipping-taxable","12":"purchasable","13":"product-type-simple"},"_links":{"self":[{"href":"https:\/\/qelizaesthetics.com\/sq\/wp-json\/wp\/v2\/product\/4525","targetHints":{"allow":["GET"]}}],"collection":[{"href":"https:\/\/qelizaesthetics.com\/sq\/wp-json\/wp\/v2\/product"}],"about":[{"href":"https:\/\/qelizaesthetics.com\/sq\/wp-json\/wp\/v2\/types\/product"}],"replies":[{"embeddable":true,"href":"https:\/\/qelizaesthetics.com\/sq\/wp-json\/wp\/v2\/comments?post=4525"}],"wp:featuredmedia":[{"embeddable":true,"href":"https:\/\/qelizaesthetics.com\/sq\/wp-json\/wp\/v2\/media\/4527"}],"wp:attachment":[{"href":"https:\/\/qelizaesthetics.com\/sq\/wp-json\/wp\/v2\/media?parent=4525"}],"wp:term":[{"taxonomy":"product_brand","embeddable":true,"href":"https:\/\/qelizaesthetics.com\/sq\/wp-json\/wp\/v2\/product_brand?post=4525"},{"taxonomy":"product_cat","embeddable":true,"href":"https:\/\/qelizaesthetics.com\/sq\/wp-json\/wp\/v2\/product_cat?post=4525"},{"taxonomy":"product_tag","embeddable":true,"href":"https:\/\/qelizaesthetics.com\/sq\/wp-json\/wp\/v2\/product_tag?post=4525"}],"curies":[{"name":"wp","href":"https:\/\/api.w.org\/{rel}","templated":true}]}}