{"id":4513,"date":"2025-09-02T15:07:15","date_gmt":"2025-09-02T15:07:15","guid":{"rendered":"https:\/\/qelizaesthetics.com\/?post_type=product&#038;p=4513"},"modified":"2025-09-02T15:40:27","modified_gmt":"2025-09-02T15:40:27","slug":"4513","status":"publish","type":"product","link":"https:\/\/qelizaesthetics.com\/sq\/produkt\/4513\/","title":{"rendered":"Serum Bio Barrier"},"content":{"rendered":"<h2 class=\"image-with-text__heading inline-richtext h2\">Mbrojtje maksimale, shk\u00eblqim maksimal<\/h2>\n<div class=\"border-section rte\">\n  <strong>Barrier\u00eb e P\u00ebrmir\u00ebsuar e L\u00ebkur\u00ebs<\/strong><br \/>\n  Forconi mbrojtjen natyrale t\u00eb l\u00ebkur\u00ebs suaj kund\u00ebr agresor\u00ebve mjedisor\u00eb me glikolipide bioidentike.\n<\/div>\n<div class=\"border-section rte\">\n  <strong>Fuqia e antioksidant\u00ebve<\/strong><br \/>\n  I pasur me vitamina E, F dhe lipochroman-6 p\u00ebr t\u00eb luftuar stresor\u00ebt mjedisor\u00eb dhe p\u00ebr t\u00eb mbrojtur nga radikalet e lira.\n<\/div>\n<div class=\"border-section rte\">\n  <strong>Shk\u00eblqim dhe Tekstur\u00eb<\/strong><br \/>\n  P\u00ebrmir\u00ebsoni shk\u00eblqimin dhe but\u00ebsin\u00eb e l\u00ebkur\u00ebs me \u00e7do aplikim, duke e l\u00ebn\u00eb at\u00eb t\u00eb hidratuar por kurr\u00eb t\u00eb yndyrshme.\n<\/div>\n<div class=\"border-section rte\">\n  <strong>P\u00ebr k\u00eb \u00ebsht\u00eb<\/strong><br \/>\n  Perfekt p\u00ebr k\u00ebdo q\u00eb k\u00ebrkon q\u00ebndrueshm\u00ebri, reduktim t\u00eb skuqjes dhe shk\u00eblqim afatgjat\u00eb.\n<\/div>\n<div class=\"border-section rte\">\n  <strong>Si t\u00eb aplikoni<\/strong><br \/>\n  Aplikojeni n\u00eb m\u00ebngjes dhe n\u00eb mbr\u00ebmje pas pastrimit dhe para kremit hidratues. Masazhojeni but\u00ebsisht me l\u00ebvizje rrethore p\u00ebr t\u00eb nxitur p\u00ebrthithjen dhe p\u00ebr t\u00eb rritur qarkullimin e gjakut.\n<\/div>","protected":false},"excerpt":{"rendered":"<p><strong>Serum BIO-BARRIE p\u00ebr riparimin e skuqjes<\/strong><br \/>\nBarrier\u00eb e P\u00ebrmir\u00ebsuar e L\u00ebkur\u00ebs \u2022 Fuqi Antioksiduese \u2022 Shk\u00eblqim dhe Tekstur\u00eb<\/p>\n<div class=\"stats\">\n<div class=\"metric\">\n<div class=\"circle-chart\">\n<div class=\"percentage\">\n<h2 class=\"center\">Ajo q\u00eb synon<\/h2>\n<div class=\"stats\">\n<div class=\"metric\">\n<div class=\"circle-chart\">\n<div class=\"percentage\">Mb\u00ebshtetje p\u00ebr barrier\u00ebn e l\u00ebkur\u00ebs 100%<\/div>\n<\/p><\/div>\n<\/p><\/div>\n<div class=\"metric\">\n<div class=\"circle-chart\">\n<div class=\"percentage\">95% Mbrojtje Antioksiduese<\/div>\n<\/p><\/div>\n<\/p><\/div>\n<div class=\"metric\">\n<div class=\"circle-chart\">\n<div class=\"percentage\">90% Reduktim i skuqjes<\/div>\n<\/p><\/div>\n<\/p><\/div>\n<div class=\"metric\">\n<div class=\"circle-chart\">\n<div class=\"percentage\">85% Shk\u00eblqim<\/div>\n<\/p><\/div>\n<\/p><\/div>\n<div class=\"metric\">\n<div class=\"circle-chart\">\n<div class=\"percentage\">P\u00ebrmir\u00ebsimi i Tekstur\u00ebs 80%<\/div>\n<\/p><\/div>\n<\/p><\/div>\n<div class=\"metric\">\n<div class=\"circle-chart\">\n<div class=\"percentage\">100% Ushqyerje<\/div>\n<\/p><\/div>\n<\/p><\/div>\n<\/p><\/div>\n<\/p><\/div>\n<\/p><\/div>\n<\/p><\/div>\n<\/div>","protected":false},"featured_media":4515,"comment_status":"open","ping_status":"closed","template":"","meta":[],"product_brand":[],"product_cat":[25,34],"product_tag":[],"class_list":{"0":"post-4513","1":"product","2":"type-product","3":"status-publish","4":"has-post-thumbnail","6":"product_cat-young-goose","7":"product_cat-skincare","9":"first","10":"instock","11":"shipping-taxable","12":"purchasable","13":"product-type-simple"},"_links":{"self":[{"href":"https:\/\/qelizaesthetics.com\/sq\/wp-json\/wp\/v2\/product\/4513","targetHints":{"allow":["GET"]}}],"collection":[{"href":"https:\/\/qelizaesthetics.com\/sq\/wp-json\/wp\/v2\/product"}],"about":[{"href":"https:\/\/qelizaesthetics.com\/sq\/wp-json\/wp\/v2\/types\/product"}],"replies":[{"embeddable":true,"href":"https:\/\/qelizaesthetics.com\/sq\/wp-json\/wp\/v2\/comments?post=4513"}],"wp:featuredmedia":[{"embeddable":true,"href":"https:\/\/qelizaesthetics.com\/sq\/wp-json\/wp\/v2\/media\/4515"}],"wp:attachment":[{"href":"https:\/\/qelizaesthetics.com\/sq\/wp-json\/wp\/v2\/media?parent=4513"}],"wp:term":[{"taxonomy":"product_brand","embeddable":true,"href":"https:\/\/qelizaesthetics.com\/sq\/wp-json\/wp\/v2\/product_brand?post=4513"},{"taxonomy":"product_cat","embeddable":true,"href":"https:\/\/qelizaesthetics.com\/sq\/wp-json\/wp\/v2\/product_cat?post=4513"},{"taxonomy":"product_tag","embeddable":true,"href":"https:\/\/qelizaesthetics.com\/sq\/wp-json\/wp\/v2\/product_tag?post=4513"}],"curies":[{"name":"wp","href":"https:\/\/api.w.org\/{rel}","templated":true}]}}