{"id":4096,"date":"2025-07-09T14:22:58","date_gmt":"2025-07-09T14:22:58","guid":{"rendered":"https:\/\/qelizaesthetics.com\/?post_type=product&#038;p=4096"},"modified":"2025-09-02T15:46:20","modified_gmt":"2025-09-02T15:46:20","slug":"radiantly-body-cream","status":"publish","type":"product","link":"https:\/\/qelizaesthetics.com\/sq\/produkt\/krem-trupi-me-shkelqim\/","title":{"rendered":"Krem trupi me shk\u00eblqim"},"content":{"rendered":"<p>Nj\u00eb locion trupi p\u00ebr p\u00ebrmir\u00ebsimin e integritetit dhe pamjes s\u00eb tonit dhe struktur\u00ebs s\u00eb l\u00ebkur\u00ebs. Prodhon rezultate t\u00eb shpejta dhe afatgjata. Rinovon l\u00ebkur\u00ebn me ushqimin p\u00ebrfundimtar t\u00eb forcimit dhe hidratimit. Ceramide p\u00ebr rritjen e lag\u00ebshtis\u00eb s\u00eb l\u00ebkur\u00ebs, zbutjen e l\u00ebkur\u00ebs dhe efektet e mbushjes. Kafeina ndihmon p\u00ebr nj\u00eb sip\u00ebrfaqe l\u00ebmuar, t\u00eb fort\u00eb dhe m\u00eb pak t\u00eb pabarabart\u00eb t\u00eb l\u00ebkur\u00ebs. I pasur me antioksidant\u00eb t\u00eb p\u00ebrparuar p\u00ebr t\u00eb ndihmuar n\u00eb mbrojtjen e l\u00ebkur\u00ebs. Burimet natyrore bimore fuqizojn\u00eb rip\u00ebrt\u00ebritjen e l\u00ebkur\u00ebs. Zvog\u00eblojn\u00eb shfaqjen e vijave dhe rrudhave. I dobish\u00ebm p\u00ebr t\u00eb gjitha llojet e l\u00ebkur\u00ebs, por ve\u00e7an\u00ebrisht p\u00ebr ato q\u00eb kan\u00eb shqet\u00ebsime nga plakja.<\/p>\n<p><strong>Udh\u00ebzime:<\/strong>\u00a0Aplikojeni but\u00ebsisht n\u00eb t\u00eb gjith\u00eb trupin. Mund t\u00eb p\u00ebrdoret 1-2 her\u00eb n\u00eb dit\u00eb.<\/p>\n<p><strong>Lloji i l\u00ebkur\u00ebs:<\/strong>\u00a0I mir\u00eb p\u00ebr t\u00eb gjitha llojet e l\u00ebkur\u00ebs.<\/p>\n<p><strong>Madh\u00ebsia:<\/strong>\u00a08oz<\/p>\n<p><strong>P\u00ebrfitimet:<\/strong><\/p>\n<ul>\n<li>Ushqen dhe hidraton l\u00ebkur\u00ebn<\/li>\n<li>Ceramide p\u00ebr rritjen e lag\u00ebshtis\u00eb s\u00eb l\u00ebkur\u00ebs, zbutjen e l\u00ebkur\u00ebs dhe efektet e mbushjes<\/li>\n<li>Kafeina ndihmon q\u00eb sip\u00ebrfaqja e l\u00ebkur\u00ebs t\u00eb jet\u00eb m\u00eb e l\u00ebmuar, m\u00eb e fort\u00eb dhe m\u00eb pak e parregullt.<\/li>\n<li>I pasur me antioksidant\u00eb t\u00eb p\u00ebrparuar p\u00ebr t\u00eb ndihmuar n\u00eb mbrojtjen e l\u00ebkur\u00ebs<\/li>\n<li>Burimet natyrale bimore nxisin rigjenerimin e l\u00ebkur\u00ebs<\/li>\n<\/ul>\n<ul>\n<li>Zvog\u00eblon shfaqjen e vijave dhe rrudhave<\/li>\n<\/ul>\n<p><strong>P\u00ebrb\u00ebr\u00ebsit:<\/strong>\u00a0Uj\u00eb i thar\u00eb, Laktat Lauril, Makadamiat Etilik, Kokogliceride, Acid Stearik, Alkool Cetearilik, Glicerin\u00eb, Stearat Glicerili SE, Propanediol, Gjalp\u00eb Farash Theobroma Cacao (Kakao), Fosfolipide, Linoleat Tokoferili, Acid Hialuronik, Feniletil Resorcinol, Acid Hidroksi-Fenoksi Propionik, Kolekalciferol, Kafein\u00eb, Linoleat Retinili, Hialuronat Natriumi, Linoleat Askorbili, Ceramide NP, Myristoil Nonapeptid-3, Ceramide AP, Ceramide EOP, Fitosfinogozin\u00eb, Vaj L\u00ebkure Citrus Aurantium Bergamot (Bergamot), Vaj Lavandula Hybrida, Vaj Lavandula Angustifolia (Livando), Ekstrakt Planktoni, Dimetikon, Citrate Stearat Glicerili, Hidroksietil Celuloz\u00eb, EDTA Dinatriumi, Kolesterol, Lauroil Natriumi Laktilat, Karbomer, 1-2 Heksanediol, Gom\u00eb Ksantan, Kaprilil Glikol.<\/p>","protected":false},"excerpt":{"rendered":"<p>Nj\u00eb locion trupi p\u00ebr p\u00ebrmir\u00ebsimin e integritetit dhe pamjes s\u00eb tonit dhe struktur\u00ebs s\u00eb l\u00ebkur\u00ebs. Prodhon rezultate t\u00eb shpejta dhe afatgjata. Rinovon l\u00ebkur\u00ebn me ushqimin p\u00ebrfundimtar t\u00eb forcimit dhe hidratimit. Ceramide p\u00ebr rritjen e lag\u00ebshtis\u00eb s\u00eb l\u00ebkur\u00ebs, zbutjen e l\u00ebkur\u00ebs dhe efektet e mbushjes. Kafeina ndihmon n\u00eb nj\u00eb sip\u00ebrfaqe t\u00eb l\u00ebkur\u00ebs t\u00eb l\u00ebmuar, t\u00eb fort\u00eb dhe m\u00eb pak t\u00eb pabarabart\u00eb. I pasur me antioksidant\u00eb t\u00eb p\u00ebrparuar p\u00ebr t\u00eb ndihmuar [\u2026]<\/p>","protected":false},"featured_media":4098,"comment_status":"open","ping_status":"closed","template":"","meta":[],"product_brand":[],"product_cat":[30,34],"product_tag":[],"class_list":{"0":"post-4096","1":"product","2":"type-product","3":"status-publish","4":"has-post-thumbnail","6":"product_cat-societe","7":"product_cat-skincare","9":"first","10":"instock","11":"shipping-taxable","12":"purchasable","13":"product-type-simple"},"_links":{"self":[{"href":"https:\/\/qelizaesthetics.com\/sq\/wp-json\/wp\/v2\/product\/4096","targetHints":{"allow":["GET"]}}],"collection":[{"href":"https:\/\/qelizaesthetics.com\/sq\/wp-json\/wp\/v2\/product"}],"about":[{"href":"https:\/\/qelizaesthetics.com\/sq\/wp-json\/wp\/v2\/types\/product"}],"replies":[{"embeddable":true,"href":"https:\/\/qelizaesthetics.com\/sq\/wp-json\/wp\/v2\/comments?post=4096"}],"wp:featuredmedia":[{"embeddable":true,"href":"https:\/\/qelizaesthetics.com\/sq\/wp-json\/wp\/v2\/media\/4098"}],"wp:attachment":[{"href":"https:\/\/qelizaesthetics.com\/sq\/wp-json\/wp\/v2\/media?parent=4096"}],"wp:term":[{"taxonomy":"product_brand","embeddable":true,"href":"https:\/\/qelizaesthetics.com\/sq\/wp-json\/wp\/v2\/product_brand?post=4096"},{"taxonomy":"product_cat","embeddable":true,"href":"https:\/\/qelizaesthetics.com\/sq\/wp-json\/wp\/v2\/product_cat?post=4096"},{"taxonomy":"product_tag","embeddable":true,"href":"https:\/\/qelizaesthetics.com\/sq\/wp-json\/wp\/v2\/product_tag?post=4096"}],"curies":[{"name":"wp","href":"https:\/\/api.w.org\/{rel}","templated":true}]}}