{"id":4093,"date":"2025-07-09T13:07:52","date_gmt":"2025-07-09T13:07:52","guid":{"rendered":"https:\/\/qelizaesthetics.com\/?post_type=product&#038;p=4093"},"modified":"2025-09-02T15:46:29","modified_gmt":"2025-09-02T15:46:29","slug":"societe-covershield-spf-27","status":"publish","type":"product","link":"https:\/\/qelizaesthetics.com\/sq\/produkt\/societe-covershield-spf-27\/","title":{"rendered":"Societe Covershield SPF 27"},"content":{"rendered":"<p><strong>Nj\u00eb krem hidratues ultra-kremues me SPF q\u00eb ofron mbrojtje t\u00eb spektrit t\u00eb plot\u00eb me nj\u00eb krem mbrojt\u00ebs nga dielli fizik me SPF 27 q\u00eb mbron dhe zbut l\u00ebkur\u00ebn. I shk\u00eblqyer p\u00ebr llojet e l\u00ebkur\u00ebs s\u00eb ndjeshme, reaktive, me rosacea dhe akne, p\u00ebrve\u00e7 pacient\u00ebve pas lazerit, peelingut dhe kirurgjis\u00eb.\u00a0<\/strong><\/p>\n<p>&nbsp;<\/p>\n<p><strong>Udh\u00ebzime:<br \/>\n<\/strong>Aplikojeni pas pastrimit, tret\u00ebsir\u00ebs p\u00ebrgatitore dhe trajtimit t\u00eb p\u00ebrditsh\u00ebm. P\u00ebrdoreni sipas nevoj\u00ebs p\u00ebr hidratim shtes\u00eb.<\/p>\n<p><strong>Lloji i l\u00ebkur\u00ebs:<\/strong>\u00a0I mir\u00eb p\u00ebr t\u00eb gjitha llojet e l\u00ebkur\u00ebs.<\/p>\n<p><strong>pH:<\/strong>\u00a0Neutral<\/p>\n<p><strong>Madh\u00ebsia:<\/strong>\u00a02.1oz<\/p>\n<p><strong>P\u00ebrfitimet:<\/strong><\/p>\n<ul>\n<li>Spekt\u00ebr i Gjer\u00eb UVA\/UVB<\/li>\n<li>Lufton dhe mbron nga radikalet e lira<\/li>\n<li>Mbrojt\u00ebs efektiv i mjedisit<\/li>\n<li>Mban larg ndot\u00ebsit e mjedisit<\/li>\n<li>Pak i lyer\/thahet transparent<\/li>\n<li>Hidratues, jo-irritues dhe zbut\u00ebs i l\u00ebkur\u00ebs<\/li>\n<\/ul>\n<p><strong>P\u00ebrb\u00ebr\u00ebsit:\u00a0<\/strong>Dioksid Titaniumi, Oksid Zinku, Uj\u00eb, Ciklopentasiloksan, Ciklometikon, Krospolimer Dimetikon, Kaprilil Metikon, Butilen Glikol, Glicerin\u00eb, Metikon, Dimetikon, Alkool Cetilik, Krospolimer Dimetikon\/Vinil Dimetikon, Stearat Glicerili, Stearat PEG-75, Ceteth-20, Linoleat Tokoferili\/Oleat, Pentapeptid Myristoil-17, Nonapeptid Myristoil-3, Linoleat Askorbili, Okside Hekuri, Acid Polihidroksistearik, Krospolimer Akrilate\/C10-30 Alkil Akrilat, Hialuronat Natriumi, Ekstrakt Gjethe Camellia Sinensis, Silice, Steareth-20, Fenoksietanol, Etilheksilglicerin\u00eb<\/p>","protected":false},"excerpt":{"rendered":"<p>Nj\u00eb krem hidratues ultra-kremues me SPF q\u00eb ofron mbrojtje t\u00eb spektrit t\u00eb plot\u00eb me nj\u00eb krem mbrojt\u00ebs nga dielli fizik me SPF 27 q\u00eb mbron dhe zbut l\u00ebkur\u00ebn. I shk\u00eblqyer p\u00ebr llojet e l\u00ebkur\u00ebs s\u00eb ndjeshme, reaktive, me rosacea dhe akne, p\u00ebrve\u00e7 pacient\u00ebve pas lazerit, peelingut dhe kirurgjis\u00eb. Udh\u00ebzime: Aplikoni pas pastrimit, tret\u00ebsir\u00ebs p\u00ebrgatitore dhe trajtimit t\u00eb p\u00ebrditsh\u00ebm. P\u00ebrdoreni sipas nevoj\u00ebs p\u00ebr hidratim shtes\u00eb. L\u00ebkura [\u2026]<\/p>","protected":false},"featured_media":4095,"comment_status":"open","ping_status":"closed","template":"","meta":[],"product_brand":[],"product_cat":[30,34],"product_tag":[],"class_list":{"0":"post-4093","1":"product","2":"type-product","3":"status-publish","4":"has-post-thumbnail","6":"product_cat-societe","7":"product_cat-skincare","9":"first","10":"instock","11":"shipping-taxable","12":"purchasable","13":"product-type-simple"},"_links":{"self":[{"href":"https:\/\/qelizaesthetics.com\/sq\/wp-json\/wp\/v2\/product\/4093","targetHints":{"allow":["GET"]}}],"collection":[{"href":"https:\/\/qelizaesthetics.com\/sq\/wp-json\/wp\/v2\/product"}],"about":[{"href":"https:\/\/qelizaesthetics.com\/sq\/wp-json\/wp\/v2\/types\/product"}],"replies":[{"embeddable":true,"href":"https:\/\/qelizaesthetics.com\/sq\/wp-json\/wp\/v2\/comments?post=4093"}],"wp:featuredmedia":[{"embeddable":true,"href":"https:\/\/qelizaesthetics.com\/sq\/wp-json\/wp\/v2\/media\/4095"}],"wp:attachment":[{"href":"https:\/\/qelizaesthetics.com\/sq\/wp-json\/wp\/v2\/media?parent=4093"}],"wp:term":[{"taxonomy":"product_brand","embeddable":true,"href":"https:\/\/qelizaesthetics.com\/sq\/wp-json\/wp\/v2\/product_brand?post=4093"},{"taxonomy":"product_cat","embeddable":true,"href":"https:\/\/qelizaesthetics.com\/sq\/wp-json\/wp\/v2\/product_cat?post=4093"},{"taxonomy":"product_tag","embeddable":true,"href":"https:\/\/qelizaesthetics.com\/sq\/wp-json\/wp\/v2\/product_tag?post=4093"}],"curies":[{"name":"wp","href":"https:\/\/api.w.org\/{rel}","templated":true}]}}