{"id":4090,"date":"2025-07-09T13:05:45","date_gmt":"2025-07-09T13:05:45","guid":{"rendered":"https:\/\/qelizaesthetics.com\/?post_type=product&#038;p=4090"},"modified":"2025-09-02T15:46:38","modified_gmt":"2025-09-02T15:46:38","slug":"societe-prime-defend-spf-30","status":"publish","type":"product","link":"https:\/\/qelizaesthetics.com\/sq\/produkt\/societe-prime-defend-spf-30\/","title":{"rendered":"Societe Prime &amp; Defend (SPF 30)"},"content":{"rendered":"<p><strong>Abetare p\u00ebr l\u00ebkur\u00ebn dhe grimin rezistente ndaj ujit me nj\u00eb krem kund\u00ebr diellit fizik SPF30 q\u00eb mbron dhe zbut l\u00ebkur\u00ebn. Formul\u00eb jo-komedogjene, jo-yndyrore dhe jo-ngjit\u00ebse q\u00eb formon nj\u00eb barrier\u00eb t\u00eb frym\u00ebmarrjes n\u00eb l\u00ebkur\u00eb dhe parandalon acarimin e l\u00ebkur\u00ebs. E shk\u00eblqyer p\u00ebr llojet e l\u00ebkur\u00ebs s\u00eb ndjeshme, reaktive, me rosacea dhe akne, p\u00ebrve\u00e7 pacient\u00ebve pas lazerit, peelingut dhe kirurgjis\u00eb. P\u00ebrfitimet e jasht\u00ebzakonshme t\u00eb \u00e7ajit jeshil p\u00ebrfshijn\u00eb antioksidant\u00eb, antibakterial\u00eb dhe antiviral\u00eb, si dhe ofrojn\u00eb mbrojtje nga rrezatimi ultravjollc\u00eb.<\/strong><\/p>\n<p>&nbsp;<\/p>\n<p class=\"p1\"><strong>Udh\u00ebzime:<\/strong>\u00a0Aplikojeni n\u00eb m\u00ebnyr\u00eb t\u00eb barabart\u00eb si hapin e fundit n\u00eb m\u00ebngjes para makijazhit, ekspozimit n\u00eb diell dhe sipas d\u00ebshir\u00ebs p\u00ebr hidratim. Riaplikojeni sipas nevoj\u00ebs pasi t\u00eb thaheni me peshqir, t\u00eb notoni ose t\u00eb djersiteni.<\/p>\n<p><strong>Lloji i l\u00ebkur\u00ebs:\u00a0<\/strong>I mir\u00eb p\u00ebr t\u00eb gjitha llojet e l\u00ebkur\u00ebs. I shk\u00eblqyer p\u00ebr llojet e l\u00ebkur\u00ebs t\u00eb ndjeshme, reaktive, me rosacea dhe akne. Gjithashtu pas lazerit, pilingut dhe nd\u00ebrhyrjeve kirurgjikale.<\/p>\n<p><strong>pH:\u00a0<\/strong>Neutral<\/p>\n<p class=\"p1\"><strong>Madh\u00ebsia:<\/strong>\u00a01.7oz, 8oz<\/p>\n<p class=\"p1\"><strong>P\u00ebrfitimet:<\/strong><\/p>\n<ul>\n<li>Spekt\u00ebr i gjer\u00eb UVA\/UVB<\/li>\n<li>Lufton dhe mbron nga radikalet e lira<\/li>\n<li>Mbrojt\u00ebs efektiv i mjedisit<\/li>\n<li>Mban larg ndot\u00ebsit e mjedisit<\/li>\n<li>Jo-irrituese<\/li>\n<li>Pa vaj - nuk bllokon poret<\/li>\n<li>Bazament i shk\u00eblqyer p\u00ebr makijazh \/ P\u00ebrmir\u00ebson makijazhin<\/li>\n<li>Zbutja e l\u00ebkur\u00ebs - nj\u00ebtrajt\u00ebsia e pamjes s\u00eb tonit t\u00eb l\u00ebkur\u00ebs<\/li>\n<li>I lyer leht\u00eb \/ thahet transparent<\/li>\n<\/ul>\n<p class=\"p1\"><strong>P\u00ebrb\u00ebr\u00ebsit:\u00a0<\/strong>Dioksid Titaniumi, Oksid Zinku, Ciklopentasiloksan, Krospolimer Dimetikon, Krospolimer Metil Metakrilat\/Glikol Dimetakrilat, Krospolimer Dimetikon\/Vinil Dimetikon, Melanin\u00eb, Tribehenin\u00eb, Behenat Kalciumi, Izostearat Sorbitani, Dimetikonol, Ciklotetrasiloksan, Alumin\u00eb, PEG-10 Dimetikon, Metikon, Ekstrakt Gjethe Camellia Sinensis, Oksid Hekuri.<\/p>","protected":false},"excerpt":{"rendered":"<p>Bazament p\u00ebr l\u00ebkur\u00ebn dhe grimin rezistent ndaj ujit me nj\u00eb krem fizik kund\u00ebr diellit SPF30 q\u00eb mbron dhe zbut l\u00ebkur\u00ebn. Formul\u00eb jo-komedogjene, jo-yndyrore dhe jo-ngjit\u00ebse q\u00eb formon nj\u00eb barrier\u00eb t\u00eb frym\u00ebmarrjes n\u00eb l\u00ebkur\u00eb dhe parandalon acarimin e l\u00ebkur\u00ebs. I shk\u00eblqyer p\u00ebr llojet e l\u00ebkur\u00ebs s\u00eb ndjeshme, reaktive, me rosacea dhe akne, p\u00ebrve\u00e7 pacient\u00ebve pas lazerit, peelingut dhe kirurgjis\u00eb. P\u00ebrfitimet e jasht\u00ebzakonshme t\u00eb \u00e7ajit jeshil p\u00ebrfshijn\u00eb antioksidant\u00eb, antibakterial\u00eb [\u2026]<\/p>","protected":false},"featured_media":4092,"comment_status":"open","ping_status":"closed","template":"","meta":[],"product_brand":[],"product_cat":[30,34],"product_tag":[],"class_list":{"0":"post-4090","1":"product","2":"type-product","3":"status-publish","4":"has-post-thumbnail","6":"product_cat-societe","7":"product_cat-skincare","9":"first","10":"instock","11":"shipping-taxable","12":"purchasable","13":"product-type-simple"},"_links":{"self":[{"href":"https:\/\/qelizaesthetics.com\/sq\/wp-json\/wp\/v2\/product\/4090","targetHints":{"allow":["GET"]}}],"collection":[{"href":"https:\/\/qelizaesthetics.com\/sq\/wp-json\/wp\/v2\/product"}],"about":[{"href":"https:\/\/qelizaesthetics.com\/sq\/wp-json\/wp\/v2\/types\/product"}],"replies":[{"embeddable":true,"href":"https:\/\/qelizaesthetics.com\/sq\/wp-json\/wp\/v2\/comments?post=4090"}],"wp:featuredmedia":[{"embeddable":true,"href":"https:\/\/qelizaesthetics.com\/sq\/wp-json\/wp\/v2\/media\/4092"}],"wp:attachment":[{"href":"https:\/\/qelizaesthetics.com\/sq\/wp-json\/wp\/v2\/media?parent=4090"}],"wp:term":[{"taxonomy":"product_brand","embeddable":true,"href":"https:\/\/qelizaesthetics.com\/sq\/wp-json\/wp\/v2\/product_brand?post=4090"},{"taxonomy":"product_cat","embeddable":true,"href":"https:\/\/qelizaesthetics.com\/sq\/wp-json\/wp\/v2\/product_cat?post=4090"},{"taxonomy":"product_tag","embeddable":true,"href":"https:\/\/qelizaesthetics.com\/sq\/wp-json\/wp\/v2\/product_tag?post=4090"}],"curies":[{"name":"wp","href":"https:\/\/api.w.org\/{rel}","templated":true}]}}