{"id":4085,"date":"2025-07-09T13:01:29","date_gmt":"2025-07-09T13:01:29","guid":{"rendered":"https:\/\/qelizaesthetics.com\/?post_type=product&#038;p=4085"},"modified":"2025-09-02T15:46:49","modified_gmt":"2025-09-02T15:46:49","slug":"vitamin-c-serum","status":"publish","type":"product","link":"https:\/\/qelizaesthetics.com\/sq\/produkt\/serum-me-vitamine-c\/","title":{"rendered":"Serum me vitamin\u00eb C"},"content":{"rendered":"<p class=\"p1\">Nj\u00eb p\u00ebrzierje revolucionare e tre vitaminave t\u00eb ndryshme dhe unike t\u00eb stabilizuara C. Kjo formul\u00eb e re p\u00ebrdor Fosfat Askorbil Natriumi, Glukozid Askorbil dhe Fosfat Askorbil Magnezi. K\u00ebto tre forma t\u00eb Vitamin\u00ebs C krijojn\u00eb nj\u00eb kombinim t\u00eb jasht\u00ebzakonsh\u00ebm sinergjik q\u00eb mbetet i q\u00ebndruesh\u00ebm p\u00ebr periudha t\u00eb gjata, duke ofruar veti t\u00eb larta antioksiduese dhe nxit\u00ebse t\u00eb kolagjenit pa irritim. Dep\u00ebrton menj\u00ebher\u00eb p\u00ebr t\u00eb siguruar p\u00ebrfitime afatgjata t\u00eb Vitamin\u00ebs C gjat\u00eb gjith\u00eb dit\u00ebs.<\/p>\n<p><strong>Udh\u00ebzime:\u00a0<\/strong>Aplikoni nj\u00eb sasi sa nj\u00eb bizele n\u00eb fytyr\u00eb dhe qaf\u00eb dhe shp\u00ebrndajeni n\u00eb l\u00ebkur\u00eb.<\/p>\n<p><strong>Lloji i l\u00ebkur\u00ebs:<\/strong>\u00a0I mir\u00eb p\u00ebr t\u00eb gjitha llojet e l\u00ebkur\u00ebs.<\/p>\n<p><strong>pH:<\/strong>\u00a07.5 \u2013 8<\/p>\n<p><strong>Madh\u00ebsia:<\/strong>\u00a01oz, 3.5oz<\/p>\n<p><strong>P\u00ebrfitimet\u00a0<\/strong><\/p>\n<ul>\n<li>Rezultate maksimale me nj\u00eb p\u00ebrzierje t\u00eb trefisht\u00eb t\u00eb vitamin\u00ebs C<\/li>\n<li>Rritja e formimit t\u00eb kolagjenit<\/li>\n<li>Rregullimi i pigmentit<\/li>\n<li>Mbrojtje nga rrezet UV<\/li>\n<li>Peptidet m\u00eb t\u00eb mira kund\u00ebr plakjes zbutin linjat dhe rrudhat<\/li>\n<li>Qelizat staminale t\u00eb moll\u00ebs luftojn\u00eb shenjat e plakjes<\/li>\n<li>Proteinat e nxeht\u00ebsis\u00eb pengojn\u00eb aktivitetin e radikaleve d\u00ebmtuese dhe mbrojn\u00eb qelizat<\/li>\n<li>Antioksidant\u00ebt mbrojn\u00eb l\u00ebkur\u00ebn<\/li>\n<li>Mbrojtja nga d\u00ebmtimet nga rrezet UV dhe ADN-ja \u00ebsht\u00eb rritur<\/li>\n<li>Anti-glikimi ndihmon n\u00eb mbrojtjen e prodhimit dhe mir\u00ebmbajtjes s\u00eb kolagjenit<\/li>\n<\/ul>\n<p class=\"p1\"><strong>P\u00ebrb\u00ebr\u00ebsit:\u00a0<\/strong>Uj\u00eb, Fosfat Askorbil Natriumi, Glicerin\u00eb, Glukozid Askorbili, Sulfonat Polistiren Natriumi, Nonapeptid Miristoil-3, Fosfat Askorbil Magnezi, Ekstrakt Kulture Qelizash Frutore Malus Domestica, Oligopeptid Palmitoil, Tetrapeptid Palmitoil-7, Tripeptid Palmitoil-5, Ferment Thermus Thermophillus, Ekstrakt Gjethe Cassia Alata, Ekstrakt Artemia, Katalaz\u00eb, Aminoguanidin HCL, Teprenon, Ekstrakt Gjethe Peumus Boldus, Ekstrakt Rr\u00ebnje Polygonum Cuspidatum, Dekarboksi Karnozin\u00eb HCL, Lecitin\u00eb, Triglicerid Kaprilik\/Kaprik, 1,2-Heksandiol, Kaprilil Glikol, Tropolon, Tokofersolan, Hidroksietilceluloz\u00eb, Gom\u00eb Ksantan, Polisorbat-20, Karbomer, Butilen Glikol, Fenoksietanol, L-Glutation.<\/p>","protected":false},"excerpt":{"rendered":"<p>Nj\u00eb p\u00ebrzierje revolucionare e tre vitaminave t\u00eb ndryshme dhe unike t\u00eb stabilizuara C. Kjo formul\u00eb e re p\u00ebrdor Fosfat Askorbil Natriumi, Glukozid Askorbil dhe Fosfat Askorbil Magnezi. K\u00ebto tre forma t\u00eb Vitamin\u00ebs C krijojn\u00eb nj\u00eb kombinim t\u00eb jasht\u00ebzakonsh\u00ebm sinergjik q\u00eb mbetet i q\u00ebndruesh\u00ebm p\u00ebr periudha t\u00eb gjata, duke ofruar veti t\u00eb larta antioksiduese dhe nxit\u00ebse t\u00eb kolagjenit pa acarim. Dep\u00ebrton menj\u00ebher\u00eb p\u00ebr t\u00eb siguruar p\u00ebrfitime afatgjata t\u00eb Vitamin\u00ebs C n\u00eb t\u00eb gjith\u00eb [\u2026]<\/p>","protected":false},"featured_media":4087,"comment_status":"open","ping_status":"closed","template":"","meta":[],"product_brand":[],"product_cat":[30,34],"product_tag":[],"class_list":{"0":"post-4085","1":"product","2":"type-product","3":"status-publish","4":"has-post-thumbnail","6":"product_cat-societe","7":"product_cat-skincare","9":"first","10":"instock","11":"shipping-taxable","12":"purchasable","13":"product-type-simple"},"_links":{"self":[{"href":"https:\/\/qelizaesthetics.com\/sq\/wp-json\/wp\/v2\/product\/4085","targetHints":{"allow":["GET"]}}],"collection":[{"href":"https:\/\/qelizaesthetics.com\/sq\/wp-json\/wp\/v2\/product"}],"about":[{"href":"https:\/\/qelizaesthetics.com\/sq\/wp-json\/wp\/v2\/types\/product"}],"replies":[{"embeddable":true,"href":"https:\/\/qelizaesthetics.com\/sq\/wp-json\/wp\/v2\/comments?post=4085"}],"wp:featuredmedia":[{"embeddable":true,"href":"https:\/\/qelizaesthetics.com\/sq\/wp-json\/wp\/v2\/media\/4087"}],"wp:attachment":[{"href":"https:\/\/qelizaesthetics.com\/sq\/wp-json\/wp\/v2\/media?parent=4085"}],"wp:term":[{"taxonomy":"product_brand","embeddable":true,"href":"https:\/\/qelizaesthetics.com\/sq\/wp-json\/wp\/v2\/product_brand?post=4085"},{"taxonomy":"product_cat","embeddable":true,"href":"https:\/\/qelizaesthetics.com\/sq\/wp-json\/wp\/v2\/product_cat?post=4085"},{"taxonomy":"product_tag","embeddable":true,"href":"https:\/\/qelizaesthetics.com\/sq\/wp-json\/wp\/v2\/product_tag?post=4085"}],"curies":[{"name":"wp","href":"https:\/\/api.w.org\/{rel}","templated":true}]}}