{"id":4082,"date":"2025-07-09T12:56:48","date_gmt":"2025-07-09T12:56:48","guid":{"rendered":"https:\/\/qelizaesthetics.com\/?post_type=product&#038;p=4082"},"modified":"2025-09-02T15:46:59","modified_gmt":"2025-09-02T15:46:59","slug":"vitamin-d-complex-cream","status":"publish","type":"product","link":"https:\/\/qelizaesthetics.com\/sq\/produkt\/krem-me-kompleks-te-vitamines-d\/","title":{"rendered":"Krem kompleksi i vitamin\u00ebs D"},"content":{"rendered":"<p>Nj\u00eb krem dite hidratues i formuluar me vitamin\u00eb D p\u00ebr t\u00eb riparuar l\u00ebkur\u00ebn e d\u00ebmtuar q\u00eb shfaqet me mosh\u00ebn. Peptidet p\u00ebrforcuese ndihmojn\u00eb pamjen duke e forcuar dhe shtr\u00ebnguar p\u00ebr nj\u00eb ton m\u00eb t\u00eb nj\u00ebtrajtsh\u00ebm t\u00eb l\u00ebkur\u00ebs dhe rrudha m\u00eb pak t\u00eb dukshme t\u00eb vetullave. Teknologjia Rafinuese e Poreve t\u00eb P\u00ebrsosura ndihmon n\u00eb forcimin e struktur\u00ebs s\u00eb poreve duke i dh\u00ebn\u00eb pamjen e nj\u00eb l\u00ebkure m\u00eb rinore.<\/p>\n<p><strong>Udh\u00ebzime:<\/strong>\u00a0Aplikoni 1-2 pompa \u00e7do dit\u00eb pas serumeve. F\u00ebrkoni mir\u00eb. M\u00eb pas p\u00ebrdorni krem SPF. Mund t\u00eb p\u00ebrdoret edhe pas peelingut ose trajtimit.<\/p>\n<p><strong>Lloji i l\u00ebkur\u00ebs:<\/strong>\u00a0I mir\u00eb p\u00ebr t\u00eb gjitha llojet e l\u00ebkur\u00ebs, p\u00ebrfshir\u00eb l\u00ebkur\u00ebn e ndjeshme dhe at\u00eb me rosacea<\/p>\n<p><strong>pH:<\/strong>\u00a05.5 \u2013 6.5<\/p>\n<p><strong>Madh\u00ebsia:<\/strong>\u00a01.7oz \/ 48g<\/p>\n<p><strong>P\u00ebrfitimet:<\/strong><\/p>\n<ul>\n<li>Vitamina D luan nj\u00eb rol t\u00eb r\u00ebnd\u00ebsish\u00ebm n\u00eb mbrojtjen dhe rigjenerimin e l\u00ebkur\u00ebs<\/li>\n<li>Pjesa m\u00eb e madhe e vitamin\u00ebs D t\u00eb prodhuar n\u00eb l\u00ebkur\u00eb thithet dhe p\u00ebrdoret edhe nga sisteme t\u00eb tjera t\u00eb trupit.<\/li>\n<li>Nj\u00eb doz\u00eb e plot\u00eb e vitaminave thelb\u00ebsore t\u00eb vitamin\u00ebs D, C dhe E<\/li>\n<li>I shk\u00eblqyer p\u00ebr gjendjet dermatologjike: dermatit, ekzem\u00eb, psoriaz\u00eb, rosacea<\/li>\n<li>I shk\u00eblqyer p\u00ebr peeling, pas procedur\u00ebs, pas operacionit dhe pas needlingut dermal.<\/li>\n<li>Parandalon humbjen e ujit epidermal dhe vulos barrier\u00ebn e l\u00ebkur\u00ebs<\/li>\n<\/ul>\n<p><strong>P\u00ebrb\u00ebr\u00ebsit:<\/strong>\u00a0Uj\u00eb, Ciklopentasiloksan, Alkool Cetearil, Cikloheksasiloksan, Behenoksi Dimetikon, Dimetikon, Behentrimonium Metosulfat, Glicerin\u00eb, Niacinamid\u00eb, Kolekalciferol, Miristoil Pentapeptid-17, Miristoil Nonapeptid-3, Hialuronat Natriumi, Ekstrakt Farash Selino (Apium Graveolens), Ekstrakt Farash Linum Usitatissimum (Far\u00eb Lini), Tokoferol, Acid Malik, Linoleat Askorbili, Linoleat\/Oleat Tokoferili, Acetat N-Prolil Palmitoil Tripeptid-56, Etil Makadamiat, Triglicerid Kaprilik\/Kaprik, Trioleat Sorbitan, Kaprilil Glikol, Pentilen Glikol, Fenoksietanol<\/p>","protected":false},"excerpt":{"rendered":"<p>Nj\u00eb krem hidratues ditor i formuluar me vitamin\u00eb D p\u00ebr t\u00eb riparuar l\u00ebkur\u00ebn e d\u00ebmtuar q\u00eb shfaqet me mosh\u00ebn. Peptidet p\u00ebrforcuese ndihmojn\u00eb pamjen duke e forcuar dhe shtr\u00ebnguar p\u00ebr nj\u00eb ton m\u00eb t\u00eb nj\u00ebtrajtsh\u00ebm t\u00eb l\u00ebkur\u00ebs dhe rrudha m\u00eb pak t\u00eb dukshme t\u00eb rrudhave. Teknologjia Rafinuese e Poreve t\u00eb P\u00ebrsosura ndihmon n\u00eb p\u00ebrforcimin e struktur\u00ebs s\u00eb poreve duke i dh\u00ebn\u00eb pamjen e nj\u00eb l\u00ebkure m\u00eb rinore [\u2026]<\/p>","protected":false},"featured_media":4084,"comment_status":"open","ping_status":"closed","template":"","meta":[],"product_brand":[],"product_cat":[30,34],"product_tag":[],"class_list":{"0":"post-4082","1":"product","2":"type-product","3":"status-publish","4":"has-post-thumbnail","6":"product_cat-societe","7":"product_cat-skincare","9":"first","10":"instock","11":"shipping-taxable","12":"purchasable","13":"product-type-simple"},"_links":{"self":[{"href":"https:\/\/qelizaesthetics.com\/sq\/wp-json\/wp\/v2\/product\/4082","targetHints":{"allow":["GET"]}}],"collection":[{"href":"https:\/\/qelizaesthetics.com\/sq\/wp-json\/wp\/v2\/product"}],"about":[{"href":"https:\/\/qelizaesthetics.com\/sq\/wp-json\/wp\/v2\/types\/product"}],"replies":[{"embeddable":true,"href":"https:\/\/qelizaesthetics.com\/sq\/wp-json\/wp\/v2\/comments?post=4082"}],"wp:featuredmedia":[{"embeddable":true,"href":"https:\/\/qelizaesthetics.com\/sq\/wp-json\/wp\/v2\/media\/4084"}],"wp:attachment":[{"href":"https:\/\/qelizaesthetics.com\/sq\/wp-json\/wp\/v2\/media?parent=4082"}],"wp:term":[{"taxonomy":"product_brand","embeddable":true,"href":"https:\/\/qelizaesthetics.com\/sq\/wp-json\/wp\/v2\/product_brand?post=4082"},{"taxonomy":"product_cat","embeddable":true,"href":"https:\/\/qelizaesthetics.com\/sq\/wp-json\/wp\/v2\/product_cat?post=4082"},{"taxonomy":"product_tag","embeddable":true,"href":"https:\/\/qelizaesthetics.com\/sq\/wp-json\/wp\/v2\/product_tag?post=4082"}],"curies":[{"name":"wp","href":"https:\/\/api.w.org\/{rel}","templated":true}]}}