{"id":4077,"date":"2025-07-09T12:43:49","date_gmt":"2025-07-09T12:43:49","guid":{"rendered":"https:\/\/qelizaesthetics.com\/?post_type=product&#038;p=4077"},"modified":"2025-09-02T15:47:09","modified_gmt":"2025-09-02T15:47:09","slug":"peptide-mask","status":"publish","type":"product","link":"https:\/\/qelizaesthetics.com\/sq\/produkt\/maske-peptidesh\/","title":{"rendered":"Mask\u00eb peptidesh"},"content":{"rendered":"<p><strong>P\u00cbRDORIMET: \u00a0<\/strong><strong>Perfekt p\u00ebr p\u00ebrdorim pas: gjilp\u00ebrave dermale, mikrodermabrasionit, modaliteteve t\u00eb fytyr\u00ebs, kirurgjis\u00eb s\u00eb fytyr\u00ebs, peelingut, lazerit dhe m\u00eb shum\u00eb.<\/strong><br \/>\n<strong>Maska xheli rigjeneruese me peptide u zhvillua p\u00ebr p\u00ebrdorim kozmetik p\u00ebr t\u00eb qet\u00ebsuar dhe hidratuar l\u00ebkur\u00ebn pas mikro-gjilp\u00ebrave, procedurave kirurgjikale, pas injeksioneve dhe\/ose \u00e7do trajtimi ablativ. P\u00ebrve\u00e7 k\u00ebsaj, mund t\u00eb p\u00ebrdoret edhe gjat\u00eb trajtimeve t\u00eb fytyr\u00ebs dhe trajtimeve me mikrodermabrazion.<\/strong><\/p>\n<p>&nbsp;<\/p>\n<p>Duke p\u00ebrdorur nj\u00eb formul\u00eb unike peptidesh, qelizash staminale me baz\u00eb bimore dhe p\u00ebrb\u00ebr\u00ebs t\u00eb shk\u00eblqyer kund\u00ebr plakjes, t\u00eb cil\u00ebt ndihmojn\u00eb n\u00eb rigjenerimin e l\u00ebkur\u00ebs, k\u00ebto flet\u00eb xheli peptide p\u00ebrfshijn\u00eb nj\u00eb teknologji inovative t\u00eb quajtur TCD (Transdermal Cosmetic Delivery), e cila siguron q\u00eb p\u00ebrb\u00ebr\u00ebsit e tyre kryesor\u00eb t\u00eb aktivizohen nga temperatura e l\u00ebkur\u00ebs. P\u00ebrve\u00e7 k\u00ebsaj, ato minimizojn\u00eb shpejt l\u00ebkur\u00ebn e dehidratuar dhe p\u00ebrmir\u00ebsojn\u00eb aft\u00ebsin\u00eb e saj vet\u00eb-hidratuese.<\/p>\n<p class=\"p1\"><strong>Udh\u00ebzime:<br \/>\n<\/strong>Maska xheli rigjeneruese me peptide mund t\u00eb p\u00ebrdoret n\u00eb fytyr\u00eb dhe zona t\u00eb tjera t\u00eb trupit sipas nevoj\u00ebs p\u00ebr t\u00eb nxitur sh\u00ebrimin, hidratimin e thell\u00eb dhe p\u00ebr t\u00eb zvog\u00ebluar skuqjen, \u00ebnjtjen dhe acarimin.<em>\u00a0K\u00cbSHILL\u00cb: Vendosni maskat n\u00eb frigorifer p\u00ebr efekt shtes\u00eb freskues.<\/em><\/p>\n<p class=\"p1\"><strong>P\u00ebrfitimet:<\/strong><\/p>\n<ul>\n<li>Qet\u00ebson, freskon dhe zbut l\u00ebkur\u00ebn menj\u00ebher\u00eb<\/li>\n<li>Zvog\u00eblon skuqjen dhe \u00ebnjtjen me efekt freskues dhe ftoh\u00ebs<\/li>\n<li>Ofron hidratim t\u00eb thell\u00eb p\u00ebr l\u00ebkur\u00ebn e that\u00eb dhe t\u00eb stresuar<\/li>\n<\/ul>\n<p class=\"p1\"><strong>P\u00ebrb\u00ebr\u00ebsit:\u00a0<\/strong>Uj\u00eb, Ekstrakt Luleje Chamomilla Recutita (Matricaria), Kolagjen i Hidrolizuar, Hialuronat Natriumi, Acetil Heksapeptid-8, Glicerin\u00eb, Ekstrakt Kulture Qelizore Gjethesh t\u00eb Rhododendron Ferrugineum, Ekstrakt Kulture Qelizore Frutore t\u00eb Malus Domestica, Ekstrakt Portulaca Oleracea, Manan, Polisorbat 80, Glicirrizat Dipotasium, EDTA Dinatriumi, Gom\u00eb Ceratonia Silique, Hidroksid Kaliumi, Fenoksietanol.<\/p>","protected":false},"excerpt":{"rendered":"<p>USES: \u00a0Perfect for use after: Dermal Needling, Microdermabrasion, Facial Modalities, Facial Surgery, Peels, Laser and more. The Rejuvenating Peptide Gel Mask was developed for cosmetic use to calm and moisturize the skin after micro-needling, surgical procedures, post injection, and\/or any ablative treatments. In addition, it can also be used during facials and microdermabrasion treatments. &nbsp; [&hellip;]<\/p>","protected":false},"featured_media":4079,"comment_status":"open","ping_status":"closed","template":"","meta":[],"product_brand":[],"product_cat":[33],"product_tag":[],"class_list":{"0":"post-4077","1":"product","2":"type-product","3":"status-publish","4":"has-post-thumbnail","6":"product_cat-peptide","8":"first","9":"instock","10":"shipping-taxable","11":"purchasable","12":"product-type-simple"},"_links":{"self":[{"href":"https:\/\/qelizaesthetics.com\/sq\/wp-json\/wp\/v2\/product\/4077","targetHints":{"allow":["GET"]}}],"collection":[{"href":"https:\/\/qelizaesthetics.com\/sq\/wp-json\/wp\/v2\/product"}],"about":[{"href":"https:\/\/qelizaesthetics.com\/sq\/wp-json\/wp\/v2\/types\/product"}],"replies":[{"embeddable":true,"href":"https:\/\/qelizaesthetics.com\/sq\/wp-json\/wp\/v2\/comments?post=4077"}],"wp:featuredmedia":[{"embeddable":true,"href":"https:\/\/qelizaesthetics.com\/sq\/wp-json\/wp\/v2\/media\/4079"}],"wp:attachment":[{"href":"https:\/\/qelizaesthetics.com\/sq\/wp-json\/wp\/v2\/media?parent=4077"}],"wp:term":[{"taxonomy":"product_brand","embeddable":true,"href":"https:\/\/qelizaesthetics.com\/sq\/wp-json\/wp\/v2\/product_brand?post=4077"},{"taxonomy":"product_cat","embeddable":true,"href":"https:\/\/qelizaesthetics.com\/sq\/wp-json\/wp\/v2\/product_cat?post=4077"},{"taxonomy":"product_tag","embeddable":true,"href":"https:\/\/qelizaesthetics.com\/sq\/wp-json\/wp\/v2\/product_tag?post=4077"}],"curies":[{"name":"wp","href":"https:\/\/api.w.org\/{rel}","templated":true}]}}