{"id":3718,"date":"2025-02-03T16:55:17","date_gmt":"2025-02-03T16:55:17","guid":{"rendered":"https:\/\/qelizaesthetics.com\/?post_type=product&#038;p=3718"},"modified":"2025-09-02T15:54:37","modified_gmt":"2025-09-02T15:54:37","slug":"coq10-200-mg-60-caps","status":"publish","type":"product","link":"https:\/\/qelizaesthetics.com\/sq\/produkt\/coq10-200-mg-60-kapsula\/","title":{"rendered":"CoQ10 200 mg (60 kapsula)"},"content":{"rendered":"","protected":false},"excerpt":{"rendered":"<div class=\"border-section rte\"><strong>Esenciale p\u00ebr funksionin mitokondrial<\/strong>, CoQ10 rrit prodhimin e energjis\u00eb, mb\u00ebshtet sh\u00ebndetin kardiovaskular dhe vepron si nj\u00eb antioksidant i fuqish\u00ebm.<\/div>\n<p>&nbsp;<\/p>","protected":false},"featured_media":3750,"comment_status":"open","ping_status":"closed","template":"","meta":[],"product_brand":[],"product_cat":[29],"product_tag":[],"class_list":{"0":"post-3718","1":"product","2":"type-product","3":"status-publish","4":"has-post-thumbnail","6":"product_cat-supplements","8":"first","9":"instock","10":"shipping-taxable","11":"purchasable","12":"product-type-simple"},"_links":{"self":[{"href":"https:\/\/qelizaesthetics.com\/sq\/wp-json\/wp\/v2\/product\/3718","targetHints":{"allow":["GET"]}}],"collection":[{"href":"https:\/\/qelizaesthetics.com\/sq\/wp-json\/wp\/v2\/product"}],"about":[{"href":"https:\/\/qelizaesthetics.com\/sq\/wp-json\/wp\/v2\/types\/product"}],"replies":[{"embeddable":true,"href":"https:\/\/qelizaesthetics.com\/sq\/wp-json\/wp\/v2\/comments?post=3718"}],"wp:featuredmedia":[{"embeddable":true,"href":"https:\/\/qelizaesthetics.com\/sq\/wp-json\/wp\/v2\/media\/3750"}],"wp:attachment":[{"href":"https:\/\/qelizaesthetics.com\/sq\/wp-json\/wp\/v2\/media?parent=3718"}],"wp:term":[{"taxonomy":"product_brand","embeddable":true,"href":"https:\/\/qelizaesthetics.com\/sq\/wp-json\/wp\/v2\/product_brand?post=3718"},{"taxonomy":"product_cat","embeddable":true,"href":"https:\/\/qelizaesthetics.com\/sq\/wp-json\/wp\/v2\/product_cat?post=3718"},{"taxonomy":"product_tag","embeddable":true,"href":"https:\/\/qelizaesthetics.com\/sq\/wp-json\/wp\/v2\/product_tag?post=3718"}],"curies":[{"name":"wp","href":"https:\/\/api.w.org\/{rel}","templated":true}]}}