{"id":3712,"date":"2025-02-03T16:54:51","date_gmt":"2025-02-03T16:54:51","guid":{"rendered":"https:\/\/qelizaesthetics.com\/?post_type=product&#038;p=3712"},"modified":"2025-09-02T15:54:58","modified_gmt":"2025-09-02T15:54:58","slug":"nmn-nicotinamide-mononucleotide-500-mg-60-caps","status":"publish","type":"product","link":"https:\/\/qelizaesthetics.com\/sq\/produkt\/nmn-nikotinamid-mononukleotid-500-mg-60-kapak\/","title":{"rendered":"NMN (mononukleotidi nikotinamid) - 500 mg (60 kapak)"},"content":{"rendered":"","protected":false},"excerpt":{"rendered":"<div class=\"border-section rte\">\n    <strong>Nj\u00eb suplement modern p\u00ebr jet\u00ebgjat\u00ebsin\u00eb<\/strong> q\u00eb rrit nivelet e NAD+, duke rritur energjin\u00eb qelizore, riparimin e ADN-s\u00eb dhe funksionin e p\u00ebrgjithsh\u00ebm metabolik.\n<\/div>\n<p><\/p>\n<div class=\"border-section rte\">\n    <strong>A e dinit?<\/strong><br \/>\n    \u00c7iftimi i NMN me <strong><a href=\"https:\/\/qelizaesthetics.com\/sq\/produkt\/resveratrol-200-mg-60-kapak\/\">Resveratrol<\/a><\/strong> mund t\u00eb p\u00ebrforcoj\u00eb prodhimin e NAD+ dhe t\u00eb aktivizoj\u00eb sirtuinat, duke rritur energjin\u00eb qelizore, riparimin e ADN-s\u00eb dhe rrug\u00ebt e jet\u00ebgjat\u00ebsis\u00eb p\u00ebr p\u00ebrfitime optimale kund\u00ebr plakjes dhe metabolike.\n<\/div>","protected":false},"featured_media":3754,"comment_status":"open","ping_status":"closed","template":"","meta":[],"product_brand":[],"product_cat":[29],"product_tag":[],"class_list":{"0":"post-3712","1":"product","2":"type-product","3":"status-publish","4":"has-post-thumbnail","6":"product_cat-supplements","8":"first","9":"instock","10":"shipping-taxable","11":"purchasable","12":"product-type-simple"},"_links":{"self":[{"href":"https:\/\/qelizaesthetics.com\/sq\/wp-json\/wp\/v2\/product\/3712","targetHints":{"allow":["GET"]}}],"collection":[{"href":"https:\/\/qelizaesthetics.com\/sq\/wp-json\/wp\/v2\/product"}],"about":[{"href":"https:\/\/qelizaesthetics.com\/sq\/wp-json\/wp\/v2\/types\/product"}],"replies":[{"embeddable":true,"href":"https:\/\/qelizaesthetics.com\/sq\/wp-json\/wp\/v2\/comments?post=3712"}],"wp:featuredmedia":[{"embeddable":true,"href":"https:\/\/qelizaesthetics.com\/sq\/wp-json\/wp\/v2\/media\/3754"}],"wp:attachment":[{"href":"https:\/\/qelizaesthetics.com\/sq\/wp-json\/wp\/v2\/media?parent=3712"}],"wp:term":[{"taxonomy":"product_brand","embeddable":true,"href":"https:\/\/qelizaesthetics.com\/sq\/wp-json\/wp\/v2\/product_brand?post=3712"},{"taxonomy":"product_cat","embeddable":true,"href":"https:\/\/qelizaesthetics.com\/sq\/wp-json\/wp\/v2\/product_cat?post=3712"},{"taxonomy":"product_tag","embeddable":true,"href":"https:\/\/qelizaesthetics.com\/sq\/wp-json\/wp\/v2\/product_tag?post=3712"}],"curies":[{"name":"wp","href":"https:\/\/api.w.org\/{rel}","templated":true}]}}