{"id":3706,"date":"2025-02-03T16:38:44","date_gmt":"2025-02-03T16:38:44","guid":{"rendered":"https:\/\/qelizaesthetics.com\/?post_type=product&#038;p=3706"},"modified":"2025-09-02T15:55:07","modified_gmt":"2025-09-02T15:55:07","slug":"nac-n-acetyl-cysteine-600-mg-60-caps","status":"publish","type":"product","link":"https:\/\/qelizaesthetics.com\/sq\/produkt\/nac-n-acetil-cisteine-600-mg-60-kapak\/","title":{"rendered":"NAC (N-acetil-cistein\u00eb) 600 mg (60 kapak)"},"content":{"rendered":"","protected":false},"excerpt":{"rendered":"<div class=\"border-section rte\">\n    <strong>Nj\u00eb antioksidant i fuqish\u00ebm<\/strong> q\u00eb mb\u00ebshtet detoksifikimin e m\u00ebl\u00e7is\u00eb, sh\u00ebndetin e mushk\u00ebrive dhe prodhimin e glutationit - nj\u00eb nga detoksifikuesit m\u00eb t\u00eb fuqish\u00ebm natyror\u00eb t\u00eb trupit.\n<\/div>\n<p><\/p>","protected":false},"featured_media":3747,"comment_status":"open","ping_status":"closed","template":"","meta":[],"product_brand":[],"product_cat":[29],"product_tag":[],"class_list":{"0":"post-3706","1":"product","2":"type-product","3":"status-publish","4":"has-post-thumbnail","6":"product_cat-supplements","8":"first","9":"instock","10":"shipping-taxable","11":"purchasable","12":"product-type-simple"},"_links":{"self":[{"href":"https:\/\/qelizaesthetics.com\/sq\/wp-json\/wp\/v2\/product\/3706","targetHints":{"allow":["GET"]}}],"collection":[{"href":"https:\/\/qelizaesthetics.com\/sq\/wp-json\/wp\/v2\/product"}],"about":[{"href":"https:\/\/qelizaesthetics.com\/sq\/wp-json\/wp\/v2\/types\/product"}],"replies":[{"embeddable":true,"href":"https:\/\/qelizaesthetics.com\/sq\/wp-json\/wp\/v2\/comments?post=3706"}],"wp:featuredmedia":[{"embeddable":true,"href":"https:\/\/qelizaesthetics.com\/sq\/wp-json\/wp\/v2\/media\/3747"}],"wp:attachment":[{"href":"https:\/\/qelizaesthetics.com\/sq\/wp-json\/wp\/v2\/media?parent=3706"}],"wp:term":[{"taxonomy":"product_brand","embeddable":true,"href":"https:\/\/qelizaesthetics.com\/sq\/wp-json\/wp\/v2\/product_brand?post=3706"},{"taxonomy":"product_cat","embeddable":true,"href":"https:\/\/qelizaesthetics.com\/sq\/wp-json\/wp\/v2\/product_cat?post=3706"},{"taxonomy":"product_tag","embeddable":true,"href":"https:\/\/qelizaesthetics.com\/sq\/wp-json\/wp\/v2\/product_tag?post=3706"}],"curies":[{"name":"wp","href":"https:\/\/api.w.org\/{rel}","templated":true}]}}