{"id":3686,"date":"2025-02-03T16:31:26","date_gmt":"2025-02-03T16:31:26","guid":{"rendered":"https:\/\/qelizaesthetics.com\/?post_type=product&#038;p=3686"},"modified":"2025-09-02T15:55:35","modified_gmt":"2025-09-02T15:55:35","slug":"vit-d3-5000-iu-k-60-caps","status":"publish","type":"product","link":"https:\/\/qelizaesthetics.com\/sq\/produkt\/vit-d3-5000-iu-k-60-kapak\/","title":{"rendered":"Vit D3 5000 IU + K (60 kapak)"},"content":{"rendered":"","protected":false},"excerpt":{"rendered":"<div class=\"border-section rte\">\n    <strong>Nj\u00eb kombinim i fuqish\u00ebm p\u00ebr sh\u00ebndetin e kockave<\/strong>, mb\u00ebshtetjen e imunitetit dhe funksionin kardiovaskular. Vitamina K2 siguron p\u00ebrdorimin e duhur t\u00eb kalciumit n\u00eb trup.\n<\/div>\n<p><\/p>\n<div class=\"border-section rte\">\n    <strong>A e dinit?<\/strong><br \/>\n    \u00c7iftimi <strong>Vitamina D + K<\/strong> me <strong><a href=\"https:\/\/qelizaesthetics.com\/sq\/produkt\/citrate-magnezi-250-mg-60-kapak\/\">Magnezi<\/a><\/strong> rrit p\u00ebrthithjen e kalciumit, mb\u00ebshtet sh\u00ebndetin e kockave dhe optimizon metabolizmin e vitamin\u00ebs D, pasi magnezi \u00ebsht\u00eb thelb\u00ebsor p\u00ebr shnd\u00ebrrimin e vitamin\u00ebs D n\u00eb form\u00ebn e saj aktive, nd\u00ebrsa vitamina K siguron q\u00eb kalciumi t\u00eb drejtohet n\u00eb kocka dhe jo n\u00eb arterie.\n<\/div>","protected":false},"featured_media":3745,"comment_status":"open","ping_status":"closed","template":"","meta":[],"product_brand":[],"product_cat":[29],"product_tag":[],"class_list":{"0":"post-3686","1":"product","2":"type-product","3":"status-publish","4":"has-post-thumbnail","6":"product_cat-supplements","8":"first","9":"instock","10":"shipping-taxable","11":"purchasable","12":"product-type-simple"},"_links":{"self":[{"href":"https:\/\/qelizaesthetics.com\/sq\/wp-json\/wp\/v2\/product\/3686","targetHints":{"allow":["GET"]}}],"collection":[{"href":"https:\/\/qelizaesthetics.com\/sq\/wp-json\/wp\/v2\/product"}],"about":[{"href":"https:\/\/qelizaesthetics.com\/sq\/wp-json\/wp\/v2\/types\/product"}],"replies":[{"embeddable":true,"href":"https:\/\/qelizaesthetics.com\/sq\/wp-json\/wp\/v2\/comments?post=3686"}],"wp:featuredmedia":[{"embeddable":true,"href":"https:\/\/qelizaesthetics.com\/sq\/wp-json\/wp\/v2\/media\/3745"}],"wp:attachment":[{"href":"https:\/\/qelizaesthetics.com\/sq\/wp-json\/wp\/v2\/media?parent=3686"}],"wp:term":[{"taxonomy":"product_brand","embeddable":true,"href":"https:\/\/qelizaesthetics.com\/sq\/wp-json\/wp\/v2\/product_brand?post=3686"},{"taxonomy":"product_cat","embeddable":true,"href":"https:\/\/qelizaesthetics.com\/sq\/wp-json\/wp\/v2\/product_cat?post=3686"},{"taxonomy":"product_tag","embeddable":true,"href":"https:\/\/qelizaesthetics.com\/sq\/wp-json\/wp\/v2\/product_tag?post=3686"}],"curies":[{"name":"wp","href":"https:\/\/api.w.org\/{rel}","templated":true}]}}