{"id":3683,"date":"2025-02-03T16:31:06","date_gmt":"2025-02-03T16:31:06","guid":{"rendered":"https:\/\/qelizaesthetics.com\/?post_type=product&#038;p=3683"},"modified":"2025-09-02T15:55:44","modified_gmt":"2025-09-02T15:55:44","slug":"zinc-citrate-25-mg-60-caps","status":"publish","type":"product","link":"https:\/\/qelizaesthetics.com\/sq\/produkt\/citrate-zinku-25-mg-60-kapak\/","title":{"rendered":"Citrate zinku 25 mg (60 kapele)"},"content":{"rendered":"","protected":false},"excerpt":{"rendered":"<div class=\"border-section rte\">\n    <strong>Nj\u00eb mineral thelb\u00ebsor p\u00ebr funksionin e imunitetit<\/strong>, sh\u00ebndetin e l\u00ebkur\u00ebs dhe sh\u00ebrimin e plag\u00ebve. Citrati i zinkut ofron p\u00ebrthithje t\u00eb p\u00ebrmir\u00ebsuar, duke siguruar p\u00ebrfitime maksimale.\n<\/div>\n<p><\/p>\n<div class=\"border-section rte\">\n    <strong>A e dinit?<\/strong><br \/>\n    Zinku luan nj\u00eb rol vendimtar n\u00eb rritjen e <strong>efektiviteti dhe jet\u00ebgjat\u00ebsia e Botox-it<\/strong> duke mb\u00ebshtetur rregullimin e acetilkolin\u00ebs dhe aktivitetin e enzim\u00ebs n\u00eb kryq\u00ebzimin neuromuskular. Studimet sugjerojn\u00eb se zinku mund t\u00eb ndihmoj\u00eb Botox-in t\u00eb lidhet n\u00eb m\u00ebnyr\u00eb m\u00eb efektive me mbaresat nervore, duke b\u00ebr\u00eb q\u00eb rezultatet t\u00eb zgjasin m\u00eb shum\u00eb dhe t\u00eb funksionojn\u00eb n\u00eb m\u00ebnyr\u00eb m\u00eb efikase.\n<\/div>","protected":false},"featured_media":3744,"comment_status":"open","ping_status":"closed","template":"","meta":[],"product_brand":[],"product_cat":[29],"product_tag":[],"class_list":{"0":"post-3683","1":"product","2":"type-product","3":"status-publish","4":"has-post-thumbnail","6":"product_cat-supplements","8":"first","9":"instock","10":"shipping-taxable","11":"purchasable","12":"product-type-simple"},"_links":{"self":[{"href":"https:\/\/qelizaesthetics.com\/sq\/wp-json\/wp\/v2\/product\/3683","targetHints":{"allow":["GET"]}}],"collection":[{"href":"https:\/\/qelizaesthetics.com\/sq\/wp-json\/wp\/v2\/product"}],"about":[{"href":"https:\/\/qelizaesthetics.com\/sq\/wp-json\/wp\/v2\/types\/product"}],"replies":[{"embeddable":true,"href":"https:\/\/qelizaesthetics.com\/sq\/wp-json\/wp\/v2\/comments?post=3683"}],"wp:featuredmedia":[{"embeddable":true,"href":"https:\/\/qelizaesthetics.com\/sq\/wp-json\/wp\/v2\/media\/3744"}],"wp:attachment":[{"href":"https:\/\/qelizaesthetics.com\/sq\/wp-json\/wp\/v2\/media?parent=3683"}],"wp:term":[{"taxonomy":"product_brand","embeddable":true,"href":"https:\/\/qelizaesthetics.com\/sq\/wp-json\/wp\/v2\/product_brand?post=3683"},{"taxonomy":"product_cat","embeddable":true,"href":"https:\/\/qelizaesthetics.com\/sq\/wp-json\/wp\/v2\/product_cat?post=3683"},{"taxonomy":"product_tag","embeddable":true,"href":"https:\/\/qelizaesthetics.com\/sq\/wp-json\/wp\/v2\/product_tag?post=3683"}],"curies":[{"name":"wp","href":"https:\/\/api.w.org\/{rel}","templated":true}]}}