{"id":3680,"date":"2025-02-03T16:30:50","date_gmt":"2025-02-03T16:30:50","guid":{"rendered":"https:\/\/qelizaesthetics.com\/?post_type=product&#038;p=3680"},"modified":"2025-09-02T15:55:54","modified_gmt":"2025-09-02T15:55:54","slug":"magnesium-citrate-250-mg-60-caps","status":"publish","type":"product","link":"https:\/\/qelizaesthetics.com\/sq\/produkt\/citrate-magnezi-250-mg-60-kapak\/","title":{"rendered":"Citrate Magnezi 250 mg (60 kapele)"},"content":{"rendered":"","protected":false},"excerpt":{"rendered":"<div class=\"border-section rte\">\n    <strong>E domosdoshme p\u00ebr relaksimin e muskujve<\/strong>, funksionin nervor dhe cil\u00ebsin\u00eb e gjumit. Citrati i magnezit \u00ebsht\u00eb nj\u00eb nga format m\u00eb t\u00eb disponueshme bio, q\u00eb ndihmon n\u00eb leht\u00ebsimin e stresit dhe mb\u00ebshtetjen e tretjes.\n<\/div>\n<p><\/p>\n<div class=\"border-section rte\">\n    <strong>A e dinit?<\/strong><br \/>\n    \u00c7iftimi <strong>Magnezi<\/strong> me vitamin\u00eb D + K (<strong><a href=\"https:\/\/qelizaesthetics.com\/sq\/produkt\/vit-d3-5000-iu-k-60-kapak\/\">Vit D3 5000 IU + K<\/a><\/strong> ose <strong><a href=\"https:\/\/qelizaesthetics.com\/sq\/produkt\/vit-d3-10000-iu-k-60-kapak\/\">Vit D3 10000 IU + K<\/a><\/strong>) rrit p\u00ebrthithjen e kalciumit, mb\u00ebshtet sh\u00ebndetin e kockave dhe optimizon metabolizmin e vitamin\u00ebs D, pasi magnezi \u00ebsht\u00eb thelb\u00ebsor p\u00ebr shnd\u00ebrrimin e vitamin\u00ebs D n\u00eb form\u00ebn e saj aktive, nd\u00ebrsa vitamina K siguron q\u00eb kalciumi t\u00eb drejtohet te kockat dhe jo te arteriet.\n<\/div>","protected":false},"featured_media":3743,"comment_status":"open","ping_status":"closed","template":"","meta":[],"product_brand":[],"product_cat":[29],"product_tag":[],"class_list":{"0":"post-3680","1":"product","2":"type-product","3":"status-publish","4":"has-post-thumbnail","6":"product_cat-supplements","8":"first","9":"instock","10":"shipping-taxable","11":"purchasable","12":"product-type-simple"},"_links":{"self":[{"href":"https:\/\/qelizaesthetics.com\/sq\/wp-json\/wp\/v2\/product\/3680","targetHints":{"allow":["GET"]}}],"collection":[{"href":"https:\/\/qelizaesthetics.com\/sq\/wp-json\/wp\/v2\/product"}],"about":[{"href":"https:\/\/qelizaesthetics.com\/sq\/wp-json\/wp\/v2\/types\/product"}],"replies":[{"embeddable":true,"href":"https:\/\/qelizaesthetics.com\/sq\/wp-json\/wp\/v2\/comments?post=3680"}],"wp:featuredmedia":[{"embeddable":true,"href":"https:\/\/qelizaesthetics.com\/sq\/wp-json\/wp\/v2\/media\/3743"}],"wp:attachment":[{"href":"https:\/\/qelizaesthetics.com\/sq\/wp-json\/wp\/v2\/media?parent=3680"}],"wp:term":[{"taxonomy":"product_brand","embeddable":true,"href":"https:\/\/qelizaesthetics.com\/sq\/wp-json\/wp\/v2\/product_brand?post=3680"},{"taxonomy":"product_cat","embeddable":true,"href":"https:\/\/qelizaesthetics.com\/sq\/wp-json\/wp\/v2\/product_cat?post=3680"},{"taxonomy":"product_tag","embeddable":true,"href":"https:\/\/qelizaesthetics.com\/sq\/wp-json\/wp\/v2\/product_tag?post=3680"}],"curies":[{"name":"wp","href":"https:\/\/api.w.org\/{rel}","templated":true}]}}