{"id":3677,"date":"2025-02-03T16:30:32","date_gmt":"2025-02-03T16:30:32","guid":{"rendered":"https:\/\/qelizaesthetics.com\/?post_type=product&#038;p=3677"},"modified":"2025-09-02T15:56:04","modified_gmt":"2025-09-02T15:56:04","slug":"inositol-500-mg-60-caps","status":"publish","type":"product","link":"https:\/\/qelizaesthetics.com\/sq\/produkt\/inositol-500-mg-60-kapak\/","title":{"rendered":"Inositol 500 mg (60 kapak)"},"content":{"rendered":"","protected":false},"excerpt":{"rendered":"<div class=\"border-section rte\">\n    <strong>Mb\u00ebshtet ndjeshm\u00ebrin\u00eb ndaj insulin\u00ebs<\/strong>, ekuilibri hormonal dhe funksioni kognitiv. P\u00ebrdoret shpesh p\u00ebr PCOS, stabilizimin e humorit dhe sh\u00ebndetin metabolik.\n<\/div>\n<p><\/p>\n<div class=\"border-section rte\">\n    <strong>A e dinit?<\/strong><br \/>\n    \u00c7iftimi <strong>Inositol<\/strong> me <strong>P\u00ebrzierje e Metiluar me porosi t\u00eb Qeliz\u00ebs<\/strong> <em>(S\u00eb shpejti n\u00eb QelizA)<\/em> mund t\u00eb p\u00ebrmir\u00ebsoj\u00eb <strong>humor, ekuilib\u00ebr hormonal<\/strong>, dhe <strong>funksioni metabolik<\/strong>, si mb\u00ebshtet inositol <strong>ndjeshm\u00ebria ndaj insulin\u00ebs<\/strong> dhe <strong>sinjalizimi i neurotransmetuesve<\/strong>, nd\u00ebrsa p\u00ebrzierja e metiluar optimizohet <strong>rrug\u00ebt e metilimit<\/strong> vendimtare p\u00ebr detoksifikimin, prodhimin e energjis\u00eb dhe sh\u00ebndetin neurologjik.\n<\/div>\n<p><\/p>\n<div class=\"border-section rte\">\n    Ky kombinim \u00ebsht\u00eb ve\u00e7an\u00ebrisht i dobish\u00ebm p\u00ebr individ\u00ebt me <strong>Variacionet e MTHFR, PCOS, \u00e7\u00ebshtjet e fertilitetit<\/strong>, ose <strong>pabarazit\u00eb njoh\u00ebse<\/strong>.\n<\/div>\n<p><\/p>\n<div class=\"border-section rte\">\n    <strong>Fakt:<\/strong> \u00c7iftimi <strong><a href=\"https:\/\/qelizaesthetics.com\/sq\/produkt\/resveratrol-200-mg-60-kapak\/\">Resveratrol<\/a><\/strong> me <strong><a href=\"https:\/\/qelizaesthetics.com\/sq\/produkt\/nmn-nikotinamid-mononukleotid-500-mg-60-kapak\/\">NMN<\/a><\/strong> mund t\u00eb p\u00ebrforcoj\u00eb prodhimin e NAD+ dhe t\u00eb aktivizoj\u00eb sirtuinat, duke rritur energjin\u00eb qelizore, riparimin e ADN-s\u00eb dhe rrug\u00ebt e jet\u00ebgjat\u00ebsis\u00eb p\u00ebr p\u00ebrfitime optimale kund\u00ebr plakjes dhe metabolike.\n<\/div>","protected":false},"featured_media":3741,"comment_status":"open","ping_status":"closed","template":"","meta":[],"product_brand":[],"product_cat":[29],"product_tag":[],"class_list":{"0":"post-3677","1":"product","2":"type-product","3":"status-publish","4":"has-post-thumbnail","6":"product_cat-supplements","8":"first","9":"instock","10":"shipping-taxable","11":"purchasable","12":"product-type-simple"},"_links":{"self":[{"href":"https:\/\/qelizaesthetics.com\/sq\/wp-json\/wp\/v2\/product\/3677","targetHints":{"allow":["GET"]}}],"collection":[{"href":"https:\/\/qelizaesthetics.com\/sq\/wp-json\/wp\/v2\/product"}],"about":[{"href":"https:\/\/qelizaesthetics.com\/sq\/wp-json\/wp\/v2\/types\/product"}],"replies":[{"embeddable":true,"href":"https:\/\/qelizaesthetics.com\/sq\/wp-json\/wp\/v2\/comments?post=3677"}],"wp:featuredmedia":[{"embeddable":true,"href":"https:\/\/qelizaesthetics.com\/sq\/wp-json\/wp\/v2\/media\/3741"}],"wp:attachment":[{"href":"https:\/\/qelizaesthetics.com\/sq\/wp-json\/wp\/v2\/media?parent=3677"}],"wp:term":[{"taxonomy":"product_brand","embeddable":true,"href":"https:\/\/qelizaesthetics.com\/sq\/wp-json\/wp\/v2\/product_brand?post=3677"},{"taxonomy":"product_cat","embeddable":true,"href":"https:\/\/qelizaesthetics.com\/sq\/wp-json\/wp\/v2\/product_cat?post=3677"},{"taxonomy":"product_tag","embeddable":true,"href":"https:\/\/qelizaesthetics.com\/sq\/wp-json\/wp\/v2\/product_tag?post=3677"}],"curies":[{"name":"wp","href":"https:\/\/api.w.org\/{rel}","templated":true}]}}