{"id":2756,"date":"2024-10-18T15:40:14","date_gmt":"2024-10-18T15:40:14","guid":{"rendered":"https:\/\/qelizaesthetics.com\/?post_type=product&#038;p=2756"},"modified":"2025-09-02T15:56:46","modified_gmt":"2025-09-02T15:56:46","slug":"c-a-r-e","status":"publish","type":"product","link":"https:\/\/qelizaesthetics.com\/sq\/produkt\/kujdesi\/","title":{"rendered":"KUJDESI"},"content":{"rendered":"<h2 class=\"image-with-text__heading inline-richtext h2\">Transformoni l\u00ebkur\u00ebn tuaj me fuqin\u00eb e prekursor\u00ebve NAD+<\/h2>\n<div class=\"border-section rte\">\n<p><strong>Redukton vijat e im\u00ebta<\/strong><\/p>\n<p>L\u00ebshoni fuqin\u00eb e pararend\u00ebsve NAD+ p\u00ebr t\u00eb zvog\u00ebluar duksh\u00ebm pamjen e rrudhave dhe linjave t\u00eb holla.<\/p>\n<\/div>\n<div class=\"border-section rte\">\n<p><strong>Rrit shk\u00eblqimin e l\u00ebkur\u00ebs<\/strong><\/p>\n<p>E mbushur me resveratrol dhe aktiv\u00eb vital\u00eb, formula jon\u00eb ndri\u00e7on dhe rigjall\u00ebron p\u00ebr nj\u00eb shk\u00eblqim rinor.<\/p>\n<\/div>\n<div class=\"border-section rte\">\n<p><strong>P\u00ebrmir\u00ebson tekstur\u00ebn dhe poret<\/strong><\/p>\n<p>P\u00ebrjetoni nj\u00eb transformim n\u00eb struktur\u00ebn e l\u00ebkur\u00ebs dhe dukshm\u00ebrin\u00eb e poreve p\u00ebr nj\u00eb \u00e7ehre m\u00eb t\u00eb l\u00ebmuar dhe m\u00eb t\u00eb rafinuar.<\/p>\n<\/div>","protected":false},"excerpt":{"rendered":"<p><strong>Hidratuesi i fundit kund\u00ebr plakjes<br \/>\n<\/strong>Redukton vijat e im\u00ebta \u2022 Rrit shk\u00eblqimin e l\u00ebkur\u00ebs \u2022 P\u00ebrmir\u00ebson tekstur\u00ebn dhe poret<\/p>\n<div class=\"stats\">\n<div class=\"metric\">\n<div class=\"circle-chart\">\n<div class=\"percentage\">\n<h2 class=\"center\">Ajo q\u00eb synon<\/h2>\n<div class=\"stats\">\n<div class=\"metric\">\n<div class=\"circle-chart\">\n<div class=\"percentage\">100% Hidratim<\/div>\n<\/div>\n<\/div>\n<div class=\"metric\">\n<div class=\"circle-chart\">\n<div class=\"percentage\">50% Pigmentim<\/div>\n<\/div>\n<\/div>\n<div class=\"metric\">\n<div class=\"circle-chart\">\n<div class=\"percentage\">95% Q\u00ebndrueshm\u00ebria<\/div>\n<\/div>\n<\/div>\n<div class=\"metric\">\n<div class=\"circle-chart\">\n<div class=\"percentage\">95% Rrudhat<\/div>\n<\/div>\n<\/div>\n<div class=\"metric\">\n<div class=\"circle-chart\">\n<div class=\"percentage\">100% M\u00ebrzi<\/div>\n<\/div>\n<\/div>\n<div class=\"metric\">\n<div class=\"circle-chart\">\n<div class=\"percentage\">60% Rezistenca<\/div>\n<\/div>\n<\/div>\n<\/div>\n<\/div>\n<\/div>\n<\/div>\n<\/div>","protected":false},"featured_media":2757,"comment_status":"open","ping_status":"closed","template":"","meta":[],"product_brand":[],"product_cat":[34,25],"product_tag":[],"class_list":{"0":"post-2756","1":"product","2":"type-product","3":"status-publish","4":"has-post-thumbnail","6":"product_cat-skincare","7":"product_cat-young-goose","9":"first","10":"instock","11":"shipping-taxable","12":"purchasable","13":"product-type-simple"},"_links":{"self":[{"href":"https:\/\/qelizaesthetics.com\/sq\/wp-json\/wp\/v2\/product\/2756","targetHints":{"allow":["GET"]}}],"collection":[{"href":"https:\/\/qelizaesthetics.com\/sq\/wp-json\/wp\/v2\/product"}],"about":[{"href":"https:\/\/qelizaesthetics.com\/sq\/wp-json\/wp\/v2\/types\/product"}],"replies":[{"embeddable":true,"href":"https:\/\/qelizaesthetics.com\/sq\/wp-json\/wp\/v2\/comments?post=2756"}],"wp:featuredmedia":[{"embeddable":true,"href":"https:\/\/qelizaesthetics.com\/sq\/wp-json\/wp\/v2\/media\/2757"}],"wp:attachment":[{"href":"https:\/\/qelizaesthetics.com\/sq\/wp-json\/wp\/v2\/media?parent=2756"}],"wp:term":[{"taxonomy":"product_brand","embeddable":true,"href":"https:\/\/qelizaesthetics.com\/sq\/wp-json\/wp\/v2\/product_brand?post=2756"},{"taxonomy":"product_cat","embeddable":true,"href":"https:\/\/qelizaesthetics.com\/sq\/wp-json\/wp\/v2\/product_cat?post=2756"},{"taxonomy":"product_tag","embeddable":true,"href":"https:\/\/qelizaesthetics.com\/sq\/wp-json\/wp\/v2\/product_tag?post=2756"}],"curies":[{"name":"wp","href":"https:\/\/api.w.org\/{rel}","templated":true}]}}