{"id":2748,"date":"2024-10-18T15:15:49","date_gmt":"2024-10-18T15:15:49","guid":{"rendered":"https:\/\/qelizaesthetics.com\/?post_type=product&#038;p=2748"},"modified":"2025-09-02T15:57:27","modified_gmt":"2025-09-02T15:57:27","slug":"youth-daily-v2","status":"publish","type":"product","link":"https:\/\/qelizaesthetics.com\/sq\/produkt\/e-perditshme-e-te-rinjve-v2\/","title":{"rendered":"DITA E RINJVE V2"},"content":{"rendered":"<h2 class=\"image-with-text__heading inline-richtext h2\">Ngrini ritualin tuaj t\u00eb p\u00ebrditsh\u00ebm<\/h2>\n<div class=\"border-section rte\">\n<p><strong>P\u00ebrt\u00ebritje ditor<\/strong><\/p>\n<p>Projektuar p\u00ebr p\u00ebrdorim t\u00eb p\u00ebrditsh\u00ebm p\u00ebr t\u00eb ruajtur vitalitetin rinor t\u00eb l\u00ebkur\u00ebs.<\/p>\n<\/div>\n<div class=\"border-section rte\">\n<p><strong>Anti-plakje e avancuar<\/strong><\/p>\n<p>Synon t\u00eb gjitha 12 shenjat dalluese t\u00eb plakjes p\u00ebr kujdes gjith\u00ebp\u00ebrfshir\u00ebs t\u00eb l\u00ebkur\u00ebs.<\/p>\n<\/div>\n<div class=\"border-section rte\">\n<p><strong>Formula ushqyese<\/strong><\/p>\n<p>Hidraton dhe ushqen thell\u00ebsisht, duke e l\u00ebn\u00eb l\u00ebkur\u00ebn t\u00eb but\u00eb, t\u00eb l\u00ebmuar dhe rrezatuese.<\/p>\n<\/div>","protected":false},"excerpt":{"rendered":"<p><strong>Rigjall\u00ebroni l\u00ebkur\u00ebn tuaj me JU<sup>TH<\/sup>\u00a0Fuqia Sfiduese e Epok\u00ebs s\u00eb DAILY<\/strong><br \/>\nP\u00ebrt\u00ebritje ditore \u2022 Formul\u00eb e avancuar kund\u00ebr plakjes \u2022 Formul\u00eb ushqyese<\/p>\n<h2 class=\"center\">Ajo q\u00eb synon<\/h2>\n<div class=\"stats\">\n<div class=\"metric\">\n<div class=\"circle-chart\">\n<div class=\"percentage\">100% Hidratim<\/div>\n<\/div>\n<\/div>\n<div class=\"metric\">\n<div class=\"circle-chart\">\n<div class=\"percentage\">60% Pigmentim<\/div>\n<\/div>\n<\/div>\n<div class=\"metric\">\n<div class=\"circle-chart\">\n<div class=\"percentage\">90% Q\u00ebndrueshm\u00ebria<\/div>\n<\/div>\n<\/div>\n<div class=\"metric\">\n<div class=\"circle-chart\">\n<div class=\"percentage\">90% Rrudhat<\/div>\n<\/div>\n<\/div>\n<div class=\"metric\">\n<div class=\"circle-chart\">\n<div class=\"percentage\">100% M\u00ebrzi<\/div>\n<\/div>\n<\/div>\n<div class=\"metric\">\n<div class=\"circle-chart\">\n<div class=\"percentage\">95% Q\u00ebndrueshm\u00ebri<\/div>\n<\/div>\n<\/div>\n<\/div>","protected":false},"featured_media":2750,"comment_status":"open","ping_status":"closed","template":"","meta":[],"product_brand":[],"product_cat":[34,25],"product_tag":[],"class_list":{"0":"post-2748","1":"product","2":"type-product","3":"status-publish","4":"has-post-thumbnail","6":"product_cat-skincare","7":"product_cat-young-goose","9":"first","10":"instock","11":"shipping-taxable","12":"purchasable","13":"product-type-simple"},"_links":{"self":[{"href":"https:\/\/qelizaesthetics.com\/sq\/wp-json\/wp\/v2\/product\/2748","targetHints":{"allow":["GET"]}}],"collection":[{"href":"https:\/\/qelizaesthetics.com\/sq\/wp-json\/wp\/v2\/product"}],"about":[{"href":"https:\/\/qelizaesthetics.com\/sq\/wp-json\/wp\/v2\/types\/product"}],"replies":[{"embeddable":true,"href":"https:\/\/qelizaesthetics.com\/sq\/wp-json\/wp\/v2\/comments?post=2748"}],"wp:featuredmedia":[{"embeddable":true,"href":"https:\/\/qelizaesthetics.com\/sq\/wp-json\/wp\/v2\/media\/2750"}],"wp:attachment":[{"href":"https:\/\/qelizaesthetics.com\/sq\/wp-json\/wp\/v2\/media?parent=2748"}],"wp:term":[{"taxonomy":"product_brand","embeddable":true,"href":"https:\/\/qelizaesthetics.com\/sq\/wp-json\/wp\/v2\/product_brand?post=2748"},{"taxonomy":"product_cat","embeddable":true,"href":"https:\/\/qelizaesthetics.com\/sq\/wp-json\/wp\/v2\/product_cat?post=2748"},{"taxonomy":"product_tag","embeddable":true,"href":"https:\/\/qelizaesthetics.com\/sq\/wp-json\/wp\/v2\/product_tag?post=2748"}],"curies":[{"name":"wp","href":"https:\/\/api.w.org\/{rel}","templated":true}]}}