{"id":2731,"date":"2024-10-18T15:00:12","date_gmt":"2024-10-18T15:00:12","guid":{"rendered":"https:\/\/qelizaesthetics.com\/?post_type=product&#038;p=2731"},"modified":"2025-09-02T15:58:16","modified_gmt":"2025-09-02T15:58:16","slug":"pro-c-a-r-e","status":"publish","type":"product","link":"https:\/\/qelizaesthetics.com\/sq\/produkt\/pro-kujdesit\/","title":{"rendered":"Pro CARE"},"content":{"rendered":"<h2 class=\"image-with-text__heading inline-richtext h2\">Zhbllokoni sekretin e l\u00ebkur\u00ebs s\u00eb p\u00ebrjetshme<\/h2>\n<div class=\"border-section rte\">\n<p><strong>Veprim senolitik<\/strong><\/p>\n<p>Synon dhe eliminon qelizat e plakura, duke rinovuar l\u00ebkur\u00ebn nga brenda.<\/p>\n<\/div>\n<div class=\"border-section rte\">\n<p><strong>Reduktimi i rrudhave dhe poreve<\/strong><\/p>\n<p>Zvog\u00eblon duksh\u00ebm pamjen e rrudhave dhe rafinon poret p\u00ebr nj\u00eb \u00e7ehre t\u00eb l\u00ebmuar.<\/p>\n<\/div>\n<div class=\"border-section rte\">\n<p><strong>Gom\u00eb me pika t\u00eb mosh\u00ebs<\/strong><\/p>\n<p>Zbardhon dhe redukton njollat e mosh\u00ebs, duke promovuar nj\u00eb ton t\u00eb nj\u00ebtrajtsh\u00ebm t\u00eb l\u00ebkur\u00ebs.<\/p>\n<\/div>","protected":false},"excerpt":{"rendered":"<p><strong>Teknologji e avancuar senolitike p\u00ebr anti-plakje t\u00eb pakrahasueshme<\/strong><br \/>\nVeprim senolitik \u2022 Reduktim i rrudhave dhe poreve \u2022 Gom\u00eb p\u00ebr pikat e mosh\u00ebs<\/p>\n<h2 class=\"center\">Ajo q\u00eb synon<\/h2>\n<div class=\"stats\">\n<div class=\"metric\">\n<div class=\"circle-chart\">\n<div class=\"percentage\">40% Hidratim<\/div>\n<\/div>\n<\/div>\n<div class=\"metric\">\n<div class=\"circle-chart\">\n<div class=\"percentage\">95% Pigmentim<\/div>\n<\/div>\n<\/div>\n<div class=\"metric\">\n<div class=\"circle-chart\">\n<div class=\"percentage\">90% Q\u00ebndrueshm\u00ebria<\/div>\n<\/div>\n<\/div>\n<div class=\"metric\">\n<div class=\"circle-chart\">\n<div class=\"percentage\">95% Rrudhat<\/div>\n<\/div>\n<\/div>\n<div class=\"metric\">\n<div class=\"circle-chart\">\n<div class=\"percentage\">100% M\u00ebrzi<\/div>\n<\/div>\n<\/div>\n<div class=\"metric\">\n<div class=\"circle-chart\">\n<div class=\"percentage\">100% Q\u00ebndrueshm\u00ebri<\/div>\n<\/div>\n<\/div>\n<\/div>","protected":false},"featured_media":2729,"comment_status":"open","ping_status":"closed","template":"","meta":[],"product_brand":[],"product_cat":[34,25],"product_tag":[],"class_list":{"0":"post-2731","1":"product","2":"type-product","3":"status-publish","4":"has-post-thumbnail","6":"product_cat-skincare","7":"product_cat-young-goose","9":"first","10":"instock","11":"shipping-taxable","12":"purchasable","13":"product-type-simple"},"_links":{"self":[{"href":"https:\/\/qelizaesthetics.com\/sq\/wp-json\/wp\/v2\/product\/2731","targetHints":{"allow":["GET"]}}],"collection":[{"href":"https:\/\/qelizaesthetics.com\/sq\/wp-json\/wp\/v2\/product"}],"about":[{"href":"https:\/\/qelizaesthetics.com\/sq\/wp-json\/wp\/v2\/types\/product"}],"replies":[{"embeddable":true,"href":"https:\/\/qelizaesthetics.com\/sq\/wp-json\/wp\/v2\/comments?post=2731"}],"wp:featuredmedia":[{"embeddable":true,"href":"https:\/\/qelizaesthetics.com\/sq\/wp-json\/wp\/v2\/media\/2729"}],"wp:attachment":[{"href":"https:\/\/qelizaesthetics.com\/sq\/wp-json\/wp\/v2\/media?parent=2731"}],"wp:term":[{"taxonomy":"product_brand","embeddable":true,"href":"https:\/\/qelizaesthetics.com\/sq\/wp-json\/wp\/v2\/product_brand?post=2731"},{"taxonomy":"product_cat","embeddable":true,"href":"https:\/\/qelizaesthetics.com\/sq\/wp-json\/wp\/v2\/product_cat?post=2731"},{"taxonomy":"product_tag","embeddable":true,"href":"https:\/\/qelizaesthetics.com\/sq\/wp-json\/wp\/v2\/product_tag?post=2731"}],"curies":[{"name":"wp","href":"https:\/\/api.w.org\/{rel}","templated":true}]}}