{"id":2723,"date":"2024-10-18T14:45:02","date_gmt":"2024-10-18T14:45:02","guid":{"rendered":"https:\/\/qelizaesthetics.com\/?post_type=product&#038;p=2723"},"modified":"2025-09-03T08:50:58","modified_gmt":"2025-09-03T08:50:58","slug":"hyperbaric-mask","status":"publish","type":"product","link":"https:\/\/qelizaesthetics.com\/sq\/produkt\/maske-hiperbarike\/","title":{"rendered":"Maska hiperbarike"},"content":{"rendered":"<h2 class=\"image-with-text__heading inline-richtext h2\">Keni nevoj\u00eb p\u00ebr ashensor?<\/h2>\n<div class=\"border-section rte\">\n<p><strong>Hidratim i menj\u00ebhersh\u00ebm<\/strong><\/p>\n<p>Mbushni l\u00ebkur\u00ebn tuaj me lag\u00ebshti thelb\u00ebsore p\u00ebr nj\u00eb p\u00ebrfundim t\u00eb past\u00ebr dhe rrezatues.<\/p>\n<\/div>\n<div class=\"border-section rte\">\n<p><strong>Q\u00ebndrueshm\u00ebri e dukshme<\/strong><\/p>\n<p>Ndjeni ngritjen me formul\u00ebn ton\u00eb t\u00eb injektuar me oksigjen, e krijuar p\u00ebr t\u00eb rritur elasticitetin e l\u00ebkur\u00ebs.<\/p>\n<\/div>\n<div class=\"border-section rte\">\n<p><strong>E l\u00ebmuar dhe rigjall\u00ebron<\/strong><\/p>\n<p>I pasuruar me alga detare dhe peptide, d\u00ebshmojn\u00eb nj\u00eb \u00e7ehre m\u00eb t\u00eb l\u00ebmuar dhe t\u00eb rinovuar.<\/p>\n<\/div>","protected":false},"excerpt":{"rendered":"<p><strong>P\u00ebrjetoni fuqin\u00eb rigjall\u00ebruese t\u00eb terapis\u00eb me oksigjen<\/strong><br \/>\nHidratim i menj\u00ebhersh\u00ebm \u2022 Fort\u00ebsi e dukshme \u2022 E l\u00ebmuar dhe rigjall\u00ebruar<\/p>\n<h2 class=\"center\">Ajo q\u00eb synon<\/h2>\n<div class=\"stats\">\n<div class=\"metric\">\n<div class=\"circle-chart\">\n<div class=\"percentage\">100% Hidratim<\/div>\n<\/div>\n<\/div>\n<div class=\"metric\">\n<div class=\"circle-chart\">\n<div class=\"percentage\">50% Pigmentim<\/div>\n<\/div>\n<\/div>\n<div class=\"metric\">\n<div class=\"circle-chart\">\n<div class=\"percentage\">95% Q\u00ebndrueshm\u00ebria<\/div>\n<\/div>\n<\/div>\n<div class=\"metric\">\n<div class=\"circle-chart\">\n<div class=\"percentage\">95% Rrudhat<\/div>\n<\/div>\n<\/div>\n<div class=\"metric\">\n<div class=\"circle-chart\">\n<div class=\"percentage\">100% M\u00ebrzi<\/div>\n<\/div>\n<\/div>\n<div class=\"metric\">\n<div class=\"circle-chart\">\n<div class=\"percentage\">60% Rezistenca<\/div>\n<\/div>\n<\/div>\n<\/div>","protected":false},"featured_media":2725,"comment_status":"open","ping_status":"closed","template":"","meta":[],"product_brand":[],"product_cat":[34,25],"product_tag":[],"class_list":{"0":"post-2723","1":"product","2":"type-product","3":"status-publish","4":"has-post-thumbnail","6":"product_cat-skincare","7":"product_cat-young-goose","9":"first","10":"instock","11":"shipping-taxable","12":"purchasable","13":"product-type-simple"},"_links":{"self":[{"href":"https:\/\/qelizaesthetics.com\/sq\/wp-json\/wp\/v2\/product\/2723","targetHints":{"allow":["GET"]}}],"collection":[{"href":"https:\/\/qelizaesthetics.com\/sq\/wp-json\/wp\/v2\/product"}],"about":[{"href":"https:\/\/qelizaesthetics.com\/sq\/wp-json\/wp\/v2\/types\/product"}],"replies":[{"embeddable":true,"href":"https:\/\/qelizaesthetics.com\/sq\/wp-json\/wp\/v2\/comments?post=2723"}],"wp:featuredmedia":[{"embeddable":true,"href":"https:\/\/qelizaesthetics.com\/sq\/wp-json\/wp\/v2\/media\/2725"}],"wp:attachment":[{"href":"https:\/\/qelizaesthetics.com\/sq\/wp-json\/wp\/v2\/media?parent=2723"}],"wp:term":[{"taxonomy":"product_brand","embeddable":true,"href":"https:\/\/qelizaesthetics.com\/sq\/wp-json\/wp\/v2\/product_brand?post=2723"},{"taxonomy":"product_cat","embeddable":true,"href":"https:\/\/qelizaesthetics.com\/sq\/wp-json\/wp\/v2\/product_cat?post=2723"},{"taxonomy":"product_tag","embeddable":true,"href":"https:\/\/qelizaesthetics.com\/sq\/wp-json\/wp\/v2\/product_tag?post=2723"}],"curies":[{"name":"wp","href":"https:\/\/api.w.org\/{rel}","templated":true}]}}