{"id":2947,"date":"2024-11-15T10:54:43","date_gmt":"2024-11-15T10:54:43","guid":{"rendered":"https:\/\/qelizaesthetics.com\/?page_id=2947"},"modified":"2025-02-03T12:03:47","modified_gmt":"2025-02-03T12:03:47","slug":"deep-cleansing-facial","status":"publish","type":"page","link":"https:\/\/qelizaesthetics.com\/sq\/pastrim-te-thelle-te-fytyres\/","title":{"rendered":"Pastrim i thell\u00eb i fytyr\u00ebs"},"content":{"rendered":"<div data-elementor-type=\"wp-page\" data-elementor-id=\"2947\" class=\"elementor elementor-2947\" data-elementor-post-type=\"page\">\n\t\t\t\t<div data-particle_enable=\"false\" data-particle-mobile-disabled=\"false\" class=\"elementor-element elementor-element-02b2435 e-con-full e-flex e-con e-parent\" data-id=\"02b2435\" data-element_type=\"container\" data-e-type=\"container\" data-settings=\"{&quot;background_background&quot;:&quot;classic&quot;}\">\n\t\t\t\t<div class=\"elementor-element elementor-element-ff39eab elementor-widget elementor-widget-heading\" data-id=\"ff39eab\" data-element_type=\"widget\" data-e-type=\"widget\" data-widget_type=\"heading.default\">\n\t\t\t\t<div class=\"elementor-widget-container\">\n\t\t\t\t\t<h1 class=\"elementor-heading-title elementor-size-default\">Pastrim i thell\u00eb i fytyr\u00ebs<\/h1>\t\t\t\t<\/div>\n\t\t\t\t<\/div>\n\t\t\t\t<\/div>\n\t\t<div data-particle_enable=\"false\" data-particle-mobile-disabled=\"false\" class=\"elementor-element elementor-element-d3b2763 e-flex e-con-boxed e-con e-parent\" data-id=\"d3b2763\" data-element_type=\"container\" data-e-type=\"container\">\n\t\t\t\t\t<div class=\"e-con-inner\">\n\t\t<div data-particle_enable=\"false\" data-particle-mobile-disabled=\"false\" class=\"elementor-element elementor-element-5521c16 e-con-full e-flex e-con e-child\" data-id=\"5521c16\" data-element_type=\"container\" data-e-type=\"container\">\n\t\t\t\t<div class=\"elementor-element elementor-element-52c6f3a elementor-widget__width-initial elementor-widget elementor-widget-text-editor\" data-id=\"52c6f3a\" data-element_type=\"widget\" data-e-type=\"widget\" data-widget_type=\"text-editor.default\">\n\t\t\t\t<div class=\"elementor-widget-container\">\n\t\t\t\t\t\t\t\t\t<h2>Deep Cleansing Facial n\u00eb Qeliza Aesthetics Lounge, Tiran\u00eb<\/h2><p>N\u00eb <strong>Salla e Estetik\u00ebs Qeliza<\/strong> ne Tirane ju ofrojme te fundit <strong>Pastrim i thell\u00eb i fytyr\u00ebs<\/strong> p\u00ebr t\u00eb rinovuar l\u00ebkur\u00ebn tuaj dhe p\u00ebr t\u00eb p\u00ebrmir\u00ebsuar bukurin\u00eb e saj natyrore. P\u00ebr vet\u00ebm 100 \u20ac, ky trajtim luksoz \u00ebsht\u00eb krijuar p\u00ebr t\u00eb hequr papast\u00ebrtit\u00eb, p\u00ebr t\u00eb balancuar prodhimin e vajit dhe p\u00ebr ta l\u00ebn\u00eb l\u00ebkur\u00ebn tuaj rrezatuese, t\u00eb l\u00ebmuar dhe me shk\u00eblqim.<\/p><h2>Pse t\u00eb zgjidhni fytyr\u00ebn ton\u00eb p\u00ebr pastrim t\u00eb thell\u00eb n\u00eb Tiran\u00eb?<\/h2><p>Jon\u00eb <strong>Pastrim i thell\u00eb i fytyr\u00ebs<\/strong> \u00ebsht\u00eb nj\u00eb zgjidhje profesionale p\u00ebr kujdesin e l\u00ebkur\u00ebs, e krijuar p\u00ebr t\u00eb trajtuar shqet\u00ebsimet e zakonshme t\u00eb l\u00ebkur\u00ebs duke promovuar sh\u00ebndetin afatgjat\u00eb. Ja pse \u00ebsht\u00eb trajtimi ideal p\u00ebr l\u00ebkur\u00ebn tuaj:<\/p><ul><li><strong>Largon papast\u00ebrtit\u00eb dhe pikat e zeza<\/strong>: Pastron poret e bllokuara, pikat e zeza dhe qelizat e vdekura t\u00eb l\u00ebkur\u00ebs, duke parandaluar shp\u00ebrthimet dhe duke p\u00ebrmir\u00ebsuar qart\u00ebsin\u00eb e l\u00ebkur\u00ebs.<\/li><li><strong>Balancon prodhimin e naft\u00ebs<\/strong>: Rregullon nivelet e sebumit, duke siguruar q\u00eb l\u00ebkura juaj t\u00eb q\u00ebndroj\u00eb e hidratuar pa shk\u00eblqim t\u00eb tep\u00ebrt.<\/li><li><strong>P\u00ebrmir\u00ebson struktur\u00ebn e l\u00ebkur\u00ebs<\/strong>: E l\u00eb l\u00ebkur\u00ebn tuaj t\u00eb but\u00eb, t\u00eb l\u00ebmuar dhe duksh\u00ebm t\u00eb fresk\u00ebt.<\/li><li><strong>Rrit absorbimin e produkteve p\u00ebr kujdesin e l\u00ebkur\u00ebs<\/strong>: P\u00ebrgatit l\u00ebkur\u00ebn tuaj p\u00ebr t\u00eb absorbuar n\u00eb m\u00ebnyr\u00eb m\u00eb efektive hidratuesit, serumet dhe trajtimet.<\/li><li><strong>Promovon nj\u00eb shk\u00eblqim t\u00eb sh\u00ebndetsh\u00ebm<\/strong>: Rikthen shk\u00eblqimin natyral t\u00eb l\u00ebkur\u00ebs suaj, duke e b\u00ebr\u00eb at\u00eb t\u00eb duket dhe t\u00eb ndjehet e rigjall\u00ebruar.<\/li><\/ul><h2>\u00c7far\u00eb p\u00ebrfshihet n\u00eb pastrimin e thell\u00eb t\u00eb fytyr\u00ebs?<\/h2><p>N\u00eb Qeliza Aesthetics Lounge, \u00e7do hap i fytyr\u00ebs suaj \u00ebsht\u00eb krijuar p\u00ebr t\u00eb dh\u00ebn\u00eb rezultate t\u00eb jasht\u00ebzakonshme:<\/p><ol><li><strong>Vler\u00ebsimi i Personalizuar i L\u00ebkur\u00ebs<\/strong>: Ekspert\u00ebt tan\u00eb analizojn\u00eb l\u00ebkur\u00ebn tuaj p\u00ebr t\u00eb p\u00ebrshtatur trajtimin p\u00ebr p\u00ebrfitime optimale.<\/li><li><strong>Pastrim i thell\u00eb<\/strong>: Largon papast\u00ebrtit\u00eb sip\u00ebrfaq\u00ebsore, mbetjet e grimit dhe papast\u00ebrtit\u00eb p\u00ebr t\u00eb p\u00ebrgatitur l\u00ebkur\u00ebn tuaj p\u00ebr trajtim.<\/li><li><strong>Eksfolimi<\/strong>: Eliminon but\u00ebsisht qelizat e vdekura t\u00eb l\u00ebkur\u00ebs, duke zbuluar nj\u00eb shtres\u00eb m\u00eb t\u00eb ndritshme dhe m\u00eb t\u00eb fresk\u00ebt.<\/li><li><strong>Nxjerrja<\/strong>: Heqja pa dhimbje e pikave t\u00eb zeza dhe poreve t\u00eb bllokuara p\u00ebr t\u00eb parandaluar aknet dhe p\u00ebr t\u00eb p\u00ebrmir\u00ebsuar ngjyr\u00ebn tuaj.<\/li><li><strong>Mask\u00eb hidratuese dhe qet\u00ebsuese<\/strong>: Qet\u00ebson l\u00ebkur\u00ebn tuaj nd\u00ebrsa rikthen hidratimin dhe l\u00ebnd\u00ebt ushqyese thelb\u00ebsore.<\/li><li><strong>Prekje p\u00ebrfundimtare<\/strong>: Hidratuesit, serumet dhe SPF aplikohen p\u00ebr t\u00eb mbrojtur dhe p\u00ebrmir\u00ebsuar shk\u00eblqimin tuaj pas trajtimit.<\/li><\/ol><h2>P\u00ebrfitimet e nj\u00eb pastrimi t\u00eb thell\u00eb t\u00eb fytyr\u00ebs n\u00eb Qeliza Aesthetics Lounge<\/h2><ul><li><strong>Parandalimi i akneve<\/strong>: Synoni poret e bllokuara dhe papast\u00ebrtit\u00eb q\u00eb \u00e7ojn\u00eb n\u00eb shp\u00ebrthime.<\/li><li><strong>L\u00ebkur\u00eb e l\u00ebmuar dhe e nj\u00ebtrajtshme<\/strong>: P\u00ebrmir\u00ebsoni struktur\u00ebn p\u00ebr nj\u00eb pamje t\u00eb p\u00ebrsosur dhe t\u00eb l\u00ebmuar.<\/li><li><strong>Kompleksi rrezatues<\/strong>: Riktheni shk\u00eblqimin tuaj natyral me ushqim t\u00eb thell\u00eb.<\/li><li><strong>Rritja e besimit<\/strong>: Ndjehuni mir\u00eb duke ditur q\u00eb l\u00ebkura juaj duket m\u00eb e mira.<\/li><\/ul><h2>P\u00ebr k\u00eb \u00ebsht\u00eb i p\u00ebrsosur pastrimi i thell\u00eb i fytyr\u00ebs?<\/h2><p>Fytyra jon\u00eb \u00ebsht\u00eb ideale p\u00ebr:<\/p><ul><li>Ata q\u00eb luftojn\u00eb me <strong>pikat e zeza, aknet ose poret e bllokuara<\/strong>.<\/li><li>Individ\u00ebt me <strong>l\u00ebkur\u00eb t\u00eb kombinuar ose t\u00eb yndyrshme<\/strong> n\u00eb k\u00ebrkim t\u00eb ekuilibrit.<\/li><li>Kushdo q\u00eb k\u00ebrkon nj\u00eb <strong>\u00e7ehre rrezatuese, e rifreskuar<\/strong>.<\/li><li>Njer\u00ebzit q\u00eb duan nj\u00eb trajtim relaksues por efektiv t\u00eb kujdesit t\u00eb l\u00ebkur\u00ebs n\u00eb Tiran\u00eb.<\/li><\/ul><h2>Rezervoni sot pastrimin tuaj t\u00eb thell\u00eb t\u00eb fytyr\u00ebs!<\/h2><p>Vizitoni <strong>Salla e Estetik\u00ebs Qeliza<\/strong> n\u00eb Tiran\u00eb dhe p\u00ebrjetoni p\u00ebrfitimet e nj\u00eb profesionisti <strong>Pastrim i thell\u00eb i fytyr\u00ebs<\/strong>. P\u00ebr vet\u00ebm 100 \u20ac, ky trajtim transformues do ta b\u00ebj\u00eb l\u00ebkur\u00ebn tuaj m\u00eb t\u00eb sh\u00ebndetshme, m\u00eb t\u00eb l\u00ebmuar dhe me shk\u00eblqim.<\/p><p>Na telefononi tani ose vizitoni klinik\u00ebn ton\u00eb p\u00ebr t\u00eb caktuar takimin tuaj. Le t\u00eb nxjerrim n\u00eb pah potencialin e v\u00ebrtet\u00eb t\u00eb l\u00ebkur\u00ebs suaj n\u00eb Qeliza Aesthetics Lounge!<\/p>\t\t\t\t\t\t\t\t<\/div>\n\t\t\t\t<\/div>\n\t\t\t\t<div class=\"elementor-element elementor-element-b9da8b7 elementor-widget__width-initial elementor-widget elementor-widget-text-editor\" data-id=\"b9da8b7\" data-element_type=\"widget\" data-e-type=\"widget\" data-widget_type=\"text-editor.default\">\n\t\t\t\t<div class=\"elementor-widget-container\">\n\t\t\t\t\t\t\t\t\t<h3>Pastrim i thell\u00eb i fytyr\u00ebs \u2013 100 euro<\/h3><p><span style=\"font-weight: 400;\">P\u00ebrfitimet:<\/span><\/p><ul><li><strong>Largon papast\u00ebrtit\u00eb dhe pikat e zeza<\/strong>: Pastron poret e bllokuara, pikat e zeza dhe qelizat e vdekura t\u00eb l\u00ebkur\u00ebs, duke parandaluar aknet dhe m\u00ebrzin\u00eb.<\/li><li><strong>Balancon prodhimin e naft\u00ebs<\/strong>: Rregullon nivelet e sebumit p\u00ebr nj\u00eb \u00e7ehre m\u00eb t\u00eb ekuilibruar dhe m\u00eb t\u00eb fresk\u00ebt.<\/li><li><strong>P\u00ebrmir\u00ebson struktur\u00ebn e l\u00ebkur\u00ebs<\/strong>: Zbut njolla t\u00eb ashpra, duke e l\u00ebn\u00eb l\u00ebkur\u00ebn tuaj t\u00eb but\u00eb, t\u00eb nj\u00ebtrajtshme dhe me shk\u00eblqim.<\/li><li><strong>Rrit absorbimin e kujdesit t\u00eb l\u00ebkur\u00ebs<\/strong>: Rrit efektivitetin e serumeve, hidratuesve dhe produkteve t\u00eb tjera p\u00ebr kujdesin e l\u00ebkur\u00ebs.<\/li><li><strong>Parandalon shp\u00ebrthimet<\/strong>: Eliminon papast\u00ebrtit\u00eb q\u00eb mund t\u00eb \u00e7ojn\u00eb n\u00eb akne dhe njolla.<\/li><li><strong>Promovon nj\u00eb shk\u00eblqim rrezatues<\/strong>: Rikthen shk\u00eblqimin natyral t\u00eb l\u00ebkur\u00ebs tuaj p\u00ebr nj\u00eb pamje rinore dhe t\u00eb gjall\u00eb.<\/li><li><strong>Redukton skuqjen dhe inflamacionin<\/strong>: Qet\u00ebson l\u00ebkur\u00ebn e irrituar, duke e b\u00ebr\u00eb at\u00eb t\u00eb p\u00ebrshtatshme p\u00ebr llojet e ndjeshme t\u00eb l\u00ebkur\u00ebs.<\/li><li><strong>P\u00ebrmir\u00ebson poret<\/strong>: Minimizon pamjen e poreve p\u00ebr nj\u00eb pamje m\u00eb t\u00eb l\u00ebmuar dhe m\u00eb t\u00eb qart\u00eb.<\/li><li><strong>Rrit besimin<\/strong>: Ndihuni t\u00eb p\u00ebrt\u00ebrir\u00eb dhe t\u00eb sigurt me l\u00ebkur\u00eb t\u00eb fresk\u00ebt dhe t\u00eb sh\u00ebndetshme.<\/li><\/ul>\t\t\t\t\t\t\t\t<\/div>\n\t\t\t\t<\/div>\n\t\t\t\t<\/div>\n\t\t<div data-particle_enable=\"false\" data-particle-mobile-disabled=\"false\" class=\"elementor-element elementor-element-8b0c7cc e-con-full e-flex e-con e-child\" data-id=\"8b0c7cc\" data-element_type=\"container\" data-e-type=\"container\">\n\t\t\t\t<div class=\"elementor-element elementor-element-ca2297f elementor-cta--skin-classic elementor-animated-content elementor-widget elementor-widget-call-to-action\" data-id=\"ca2297f\" data-element_type=\"widget\" data-e-type=\"widget\" data-widget_type=\"call-to-action.default\">\n\t\t\t\t<div class=\"elementor-widget-container\">\n\t\t\t\t\t\t\t<div class=\"elementor-cta\">\n\t\t\t\t\t<div class=\"elementor-cta__bg-wrapper\">\n\t\t\t\t<div class=\"elementor-cta__bg elementor-bg\" style=\"background-image: url(https:\/\/qelizaesthetics.com\/wp-content\/uploads\/2024\/11\/young-woman-lying-cosmetologist-s-table-rejuvenation-procedure-scaled.jpg);\" role=\"img\" aria-label=\"e re-grua-g\u00ebnjyer-kozmetologu-s-tavolin\u00eb-p\u00ebrt\u00ebritje-procedur\u00eb\"><\/div>\n\t\t\t\t<div class=\"elementor-cta__bg-overlay\"><\/div>\n\t\t\t<\/div>\n\t\t\t\t\t\t\t<div class=\"elementor-cta__content\">\n\t\t\t\t\n\t\t\t\t\n\t\t\t\t\t\t\t\t\t<div class=\"elementor-cta__description elementor-cta__content-item elementor-content-item\">\n\t\t\t\t\t\t\n\t\t\t\t\t<\/div>\n\t\t\t\t\n\t\t\t\t\t\t\t<\/div>\n\t\t\t\t\t\t<\/div>\n\t\t\t\t\t\t<\/div>\n\t\t\t\t<\/div>\n\t\t\t\t<\/div>\n\t\t\t\t\t<\/div>\n\t\t\t\t<\/div>\n\t\t\t\t<\/div>","protected":false},"excerpt":{"rendered":"<p>Trajtim Pastrimi i Thell\u00eb i Fytyr\u00ebs n\u00eb Qeliza Aesthetics Lounge, Tiran\u00eb N\u00eb Qeliza Aesthetics Lounge n\u00eb Tiran\u00eb, ne ofrojm\u00eb trajtimin m\u00eb t\u00eb mir\u00eb t\u00eb Pastrimit t\u00eb Thell\u00eb t\u00eb Fytyr\u00ebs p\u00ebr t\u00eb rigjall\u00ebruar l\u00ebkur\u00ebn tuaj dhe p\u00ebr t\u00eb rritur bukurin\u00eb e saj natyrale. P\u00ebr vet\u00ebm 100 \u20ac, ky trajtim luksoz \u00ebsht\u00eb i p\u00ebrshtatur p\u00ebr t\u00eb hequr papast\u00ebrtit\u00eb, p\u00ebr t\u00eb balancuar prodhimin e yndyr\u00ebs dhe p\u00ebr ta l\u00ebn\u00eb l\u00ebkur\u00ebn tuaj t\u00eb shk\u00eblqyeshme, t\u00eb l\u00ebmuar dhe t\u00eb shk\u00eblqyeshme. [\u2026]<\/p>","protected":false},"author":1,"featured_media":0,"parent":0,"menu_order":0,"comment_status":"closed","ping_status":"closed","template":"","meta":{"footnotes":""},"class_list":["post-2947","page","type-page","status-publish","hentry"],"rankMath":{"parentDomain":"qelizaesthetics.com","noFollowDomains":[],"noFollowExcludeDomains":[],"noFollowExternalLinks":false,"featuredImageNotice":"The featured image should be at least 200 by 200 pixels to be picked up by Facebook and other social media sites.","pluginReviewed":false,"postSettings":{"linkSuggestions":true,"useFocusKeyword":false},"frontEndScore":false,"postName":"deep-cleansing-facial","permalinkFormat":"https:\/\/qelizaesthetics.com\/sq\/%pagename%\/","showLockModifiedDate":true,"assessor":{"focusKeywordLink":"https:\/\/qelizaesthetics.com\/wp-admin\/edit.php?focus_keyword=%focus_keyword%&post_type=%post_type%","hasTOCPlugin":true,"primaryTaxonomy":false,"serpData":{"title":"","description":"","focusKeywords":"","pillarContent":false,"canonicalUrl":"","breadcrumbTitle":"","advancedRobots":{"max-snippet":"-1","max-video-preview":"-1","max-image-preview":"large"},"facebookTitle":"","facebookDescription":"","facebookImage":"","facebookImageID":"","facebookHasOverlay":false,"facebookImageOverlay":"","facebookAuthor":"","twitterCardType":"","twitterUseFacebook":true,"twitterTitle":"","twitterDescription":"","twitterImage":"","twitterImageID":"","twitterHasOverlay":false,"twitterImageOverlay":"","twitterPlayerUrl":"","twitterPlayerSize":"","twitterPlayerStream":"","twitterPlayerStreamCtype":"","twitterAppDescription":"","twitterAppIphoneName":"","twitterAppIphoneID":"","twitterAppIphoneUrl":"","twitterAppIpadName":"","twitterAppIpadID":"","twitterAppIpadUrl":"","twitterAppGoogleplayName":"","twitterAppGoogleplayID":"","twitterAppGoogleplayUrl":"","twitterAppCountry":"","robots":{"":true},"twitterAuthor":"username","primaryTerm":0,"authorName":"admin","titleTemplate":"%title% %sep% %sitename%","descriptionTemplate":"%excerpt%","showScoreFrontend":true,"lockModifiedDate":false},"powerWords":[],"diacritics":{"A":"[\\u0041\\u24B6\\uFF21\\u00C0\\u00C1\\u00C2\\u1EA6\\u1EA4\\u1EAA\\u1EA8\\u00C3\\u0100\\u0102\\u1EB0\\u1EAE\\u1EB4\\u1EB2\\u0226\\u01E0\\u00C4\\u01DE\\u1EA2\\u00C5\\u01FA\\u01CD\\u0200\\u0202\\u1EA0\\u1EAC\\u1EB6\\u1E00\\u0104\\u023A\\u2C6F]","AA":"[\\uA732]","AE":"[\\u00C6\\u01FC\\u01E2]","AO":"[\\uA734]","AU":"[\\uA736]","AV":"[\\uA738\\uA73A]","AY":"[\\uA73C]","B":"[\\u0042\\u24B7\\uFF22\\u1E02\\u1E04\\u1E06\\u0243\\u0182\\u0181]","C":"[\\u0043\\u24B8\\uFF23\\u0106\\u0108\\u010A\\u010C\\u00C7\\u1E08\\u0187\\u023B\\uA73E]","D":"[\\u0044\\u24B9\\uFF24\\u1E0A\\u010E\\u1E0C\\u1E10\\u1E12\\u1E0E\\u0110\\u018B\\u018A\\u0189\\uA779]","DZ":"[\\u01F1\\u01C4]","Dz":"[\\u01F2\\u01C5]","E":"[\\u0045\\u24BA\\uFF25\\u00C8\\u00C9\\u00CA\\u1EC0\\u1EBE\\u1EC4\\u1EC2\\u1EBC\\u0112\\u1E14\\u1E16\\u0114\\u0116\\u00CB\\u1EBA\\u011A\\u0204\\u0206\\u1EB8\\u1EC6\\u0228\\u1E1C\\u0118\\u1E18\\u1E1A\\u0190\\u018E]","F":"[\\u0046\\u24BB\\uFF26\\u1E1E\\u0191\\uA77B]","G":"[\\u0047\\u24BC\\uFF27\\u01F4\\u011C\\u1E20\\u011E\\u0120\\u01E6\\u0122\\u01E4\\u0193\\uA7A0\\uA77D\\uA77E]","H":"[\\u0048\\u24BD\\uFF28\\u0124\\u1E22\\u1E26\\u021E\\u1E24\\u1E28\\u1E2A\\u0126\\u2C67\\u2C75\\uA78D]","I":"[\\u0049\\u24BE\\uFF29\\u00CC\\u00CD\\u00CE\\u0128\\u012A\\u012C\\u0130\\u00CF\\u1E2E\\u1EC8\\u01CF\\u0208\\u020A\\u1ECA\\u012E\\u1E2C\\u0197]","J":"[\\u004A\\u24BF\\uFF2A\\u0134\\u0248]","K":"[\\u004B\\u24C0\\uFF2B\\u1E30\\u01E8\\u1E32\\u0136\\u1E34\\u0198\\u2C69\\uA740\\uA742\\uA744\\uA7A2]","L":"[\\u004C\\u24C1\\uFF2C\\u013F\\u0139\\u013D\\u1E36\\u1E38\\u013B\\u1E3C\\u1E3A\\u0141\\u023D\\u2C62\\u2C60\\uA748\\uA746\\uA780]","LJ":"[\\u01C7]","Lj":"[\\u01C8]","M":"[\\u004D\\u24C2\\uFF2D\\u1E3E\\u1E40\\u1E42\\u2C6E\\u019C]","N":"[\\u004E\\u24C3\\uFF2E\\u01F8\\u0143\\u00D1\\u1E44\\u0147\\u1E46\\u0145\\u1E4A\\u1E48\\u0220\\u019D\\uA790\\uA7A4]","NJ":"[\\u01CA]","Nj":"[\\u01CB]","O":"[\\u004F\\u24C4\\uFF2F\\u00D2\\u00D3\\u00D4\\u1ED2\\u1ED0\\u1ED6\\u1ED4\\u00D5\\u1E4C\\u022C\\u1E4E\\u014C\\u1E50\\u1E52\\u014E\\u022E\\u0230\\u00D6\\u022A\\u1ECE\\u0150\\u01D1\\u020C\\u020E\\u01A0\\u1EDC\\u1EDA\\u1EE0\\u1EDE\\u1EE2\\u1ECC\\u1ED8\\u01EA\\u01EC\\u00D8\\u01FE\\u0186\\u019F\\uA74A\\uA74C]","OI":"[\\u01A2]","OO":"[\\uA74E]","OU":"[\\u0222]","P":"[\\u0050\\u24C5\\uFF30\\u1E54\\u1E56\\u01A4\\u2C63\\uA750\\uA752\\uA754]","Q":"[\\u0051\\u24C6\\uFF31\\uA756\\uA758\\u024A]","R":"[\\u0052\\u24C7\\uFF32\\u0154\\u1E58\\u0158\\u0210\\u0212\\u1E5A\\u1E5C\\u0156\\u1E5E\\u024C\\u2C64\\uA75A\\uA7A6\\uA782]","S":"[\\u0053\\u24C8\\uFF33\\u1E9E\\u015A\\u1E64\\u015C\\u1E60\\u0160\\u1E66\\u1E62\\u1E68\\u0218\\u015E\\u2C7E\\uA7A8\\uA784]","T":"[\\u0054\\u24C9\\uFF34\\u1E6A\\u0164\\u1E6C\\u021A\\u0162\\u1E70\\u1E6E\\u0166\\u01AC\\u01AE\\u023E\\uA786]","TZ":"[\\uA728]","U":"[\\u0055\\u24CA\\uFF35\\u00D9\\u00DA\\u00DB\\u0168\\u1E78\\u016A\\u1E7A\\u016C\\u00DC\\u01DB\\u01D7\\u01D5\\u01D9\\u1EE6\\u016E\\u0170\\u01D3\\u0214\\u0216\\u01AF\\u1EEA\\u1EE8\\u1EEE\\u1EEC\\u1EF0\\u1EE4\\u1E72\\u0172\\u1E76\\u1E74\\u0244]","V":"[\\u0056\\u24CB\\uFF36\\u1E7C\\u1E7E\\u01B2\\uA75E\\u0245]","VY":"[\\uA760]","W":"[\\u0057\\u24CC\\uFF37\\u1E80\\u1E82\\u0174\\u1E86\\u1E84\\u1E88\\u2C72]","X":"[\\u0058\\u24CD\\uFF38\\u1E8A\\u1E8C]","Y":"[\\u0059\\u24CE\\uFF39\\u1EF2\\u00DD\\u0176\\u1EF8\\u0232\\u1E8E\\u0178\\u1EF6\\u1EF4\\u01B3\\u024E\\u1EFE]","Z":"[\\u005A\\u24CF\\uFF3A\\u0179\\u1E90\\u017B\\u017D\\u1E92\\u1E94\\u01B5\\u0224\\u2C7F\\u2C6B\\uA762]","a":"[\\u0061\\u24D0\\uFF41\\u1E9A\\u00E0\\u00E1\\u00E2\\u1EA7\\u1EA5\\u1EAB\\u1EA9\\u00E3\\u0101\\u0103\\u1EB1\\u1EAF\\u1EB5\\u1EB3\\u0227\\u01E1\\u00E4\\u01DF\\u1EA3\\u00E5\\u01FB\\u01CE\\u0201\\u0203\\u1EA1\\u1EAD\\u1EB7\\u1E01\\u0105\\u2C65\\u0250]","aa":"[\\uA733]","ae":"[\\u00E6\\u01FD\\u01E3]","ao":"[\\uA735]","au":"[\\uA737]","av":"[\\uA739\\uA73B]","ay":"[\\uA73D]","b":"[\\u0062\\u24D1\\uFF42\\u1E03\\u1E05\\u1E07\\u0180\\u0183\\u0253]","c":"[\\u0063\\u24D2\\uFF43\\u0107\\u0109\\u010B\\u010D\\u00E7\\u1E09\\u0188\\u023C\\uA73F\\u2184]","d":"[\\u0064\\u24D3\\uFF44\\u1E0B\\u010F\\u1E0D\\u1E11\\u1E13\\u1E0F\\u0111\\u018C\\u0256\\u0257\\uA77A]","dz":"[\\u01F3\\u01C6]","e":"[\\u0065\\u24D4\\uFF45\\u00E8\\u00E9\\u00EA\\u1EC1\\u1EBF\\u1EC5\\u1EC3\\u1EBD\\u0113\\u1E15\\u1E17\\u0115\\u0117\\u00EB\\u1EBB\\u011B\\u0205\\u0207\\u1EB9\\u1EC7\\u0229\\u1E1D\\u0119\\u1E19\\u1E1B\\u0247\\u025B\\u01DD]","f":"[\\u0066\\u24D5\\uFF46\\u1E1F\\u0192\\uA77C]","g":"[\\u0067\\u24D6\\uFF47\\u01F5\\u011D\\u1E21\\u011F\\u0121\\u01E7\\u0123\\u01E5\\u0260\\uA7A1\\u1D79\\uA77F]","h":"[\\u0068\\u24D7\\uFF48\\u0125\\u1E23\\u1E27\\u021F\\u1E25\\u1E29\\u1E2B\\u1E96\\u0127\\u2C68\\u2C76\\u0265]","hv":"[\\u0195]","i":"[\\u0069\\u24D8\\uFF49\\u00EC\\u00ED\\u00EE\\u0129\\u012B\\u012D\\u00EF\\u1E2F\\u1EC9\\u01D0\\u0209\\u020B\\u1ECB\\u012F\\u1E2D\\u0268\\u0131]","j":"[\\u006A\\u24D9\\uFF4A\\u0135\\u01F0\\u0249]","k":"[\\u006B\\u24DA\\uFF4B\\u1E31\\u01E9\\u1E33\\u0137\\u1E35\\u0199\\u2C6A\\uA741\\uA743\\uA745\\uA7A3]","l":"[\\u006C\\u24DB\\uFF4C\\u0140\\u013A\\u013E\\u1E37\\u1E39\\u013C\\u1E3D\\u1E3B\\u017F\\u0142\\u019A\\u026B\\u2C61\\uA749\\uA781\\uA747]","lj":"[\\u01C9]","m":"[\\u006D\\u24DC\\uFF4D\\u1E3F\\u1E41\\u1E43\\u0271\\u026F]","n":"[\\u006E\\u24DD\\uFF4E\\u01F9\\u0144\\u00F1\\u1E45\\u0148\\u1E47\\u0146\\u1E4B\\u1E49\\u019E\\u0272\\u0149\\uA791\\uA7A5]","nj":"[\\u01CC]","o":"[\\u006F\\u24DE\\uFF4F\\u00F2\\u00F3\\u00F4\\u1ED3\\u1ED1\\u1ED7\\u1ED5\\u00F5\\u1E4D\\u022D\\u1E4F\\u014D\\u1E51\\u1E53\\u014F\\u022F\\u0231\\u00F6\\u022B\\u1ECF\\u0151\\u01D2\\u020D\\u020F\\u01A1\\u1EDD\\u1EDB\\u1EE1\\u1EDF\\u1EE3\\u1ECD\\u1ED9\\u01EB\\u01ED\\u00F8\\u01FF\\u0254\\uA74B\\uA74D\\u0275]","oi":"[\\u01A3]","ou":"[\\u0223]","oo":"[\\uA74F]","p":"[\\u0070\\u24DF\\uFF50\\u1E55\\u1E57\\u01A5\\u1D7D\\uA751\\uA753\\uA755]","q":"[\\u0071\\u24E0\\uFF51\\u024B\\uA757\\uA759]","r":"[\\u0072\\u24E1\\uFF52\\u0155\\u1E59\\u0159\\u0211\\u0213\\u1E5B\\u1E5D\\u0157\\u1E5F\\u024D\\u027D\\uA75B\\uA7A7\\uA783]","s":"[\\u0073\\u24E2\\uFF53\\u015B\\u1E65\\u015D\\u1E61\\u0161\\u1E67\\u1E63\\u1E69\\u0219\\u015F\\u023F\\uA7A9\\uA785\\u1E9B]","ss":"[\\u00DF]","t":"[\\u0074\\u24E3\\uFF54\\u1E6B\\u1E97\\u0165\\u1E6D\\u021B\\u0163\\u1E71\\u1E6F\\u0167\\u01AD\\u0288\\u2C66\\uA787]","tz":"[\\uA729]","u":"[\\u0075\\u24E4\\uFF55\\u00F9\\u00FA\\u00FB\\u0169\\u1E79\\u016B\\u1E7B\\u016D\\u00FC\\u01DC\\u01D8\\u01D6\\u01DA\\u1EE7\\u016F\\u0171\\u01D4\\u0215\\u0217\\u01B0\\u1EEB\\u1EE9\\u1EEF\\u1EED\\u1EF1\\u1EE5\\u1E73\\u0173\\u1E77\\u1E75\\u0289]","v":"[\\u0076\\u24E5\\uFF56\\u1E7D\\u1E7F\\u028B\\uA75F\\u028C]","vy":"[\\uA761]","w":"[\\u0077\\u24E6\\uFF57\\u1E81\\u1E83\\u0175\\u1E87\\u1E85\\u1E98\\u1E89\\u2C73]","x":"[\\u0078\\u24E7\\uFF58\\u1E8B\\u1E8D]","y":"[\\u0079\\u24E8\\uFF59\\u1EF3\\u00FD\\u0177\\u1EF9\\u0233\\u1E8F\\u00FF\\u1EF7\\u1E99\\u1EF5\\u01B4\\u024F\\u1EFF]","z":"[\\u007A\\u24E9\\uFF5A\\u017A\\u1E91\\u017C\\u017E\\u1E93\\u1E95\\u01B6\\u0225\\u0240\\u2C6C\\uA763]"},"researchesTests":["contentHasTOC","contentHasShortParagraphs","contentHasAssets","keywordInTitle","keywordInMetaDescription","keywordInPermalink","keywordIn10Percent","keywordInContent","keywordInSubheadings","keywordInImageAlt","keywordDensity","keywordNotUsed","lengthContent","lengthPermalink","linksHasInternal","linksHasExternals","linksNotAllExternals","titleStartWithKeyword","titleSentiment","titleHasPowerWords","titleHasNumber","hasContentAI"],"hasRedirection":true,"hasBreadcrumb":false},"homeUrl":"https:\/\/qelizaesthetics.com\/sq","objectID":2947,"objectType":"post","locale":"sq","localeFull":"sq","overlayImages":{"play":{"name":"Play icon","url":"https:\/\/qelizaesthetics.com\/wp-content\/plugins\/seo-by-rank-math\/assets\/admin\/img\/icon-play.png","path":"\/home\/qelizaesthetics\/public_html\/wp-content\/plugins\/seo-by-rank-math\/assets\/admin\/img\/icon-play.png","position":"middle_center"},"gif":{"name":"GIF icon","url":"https:\/\/qelizaesthetics.com\/wp-content\/plugins\/seo-by-rank-math\/assets\/admin\/img\/icon-gif.png","path":"\/home\/qelizaesthetics\/public_html\/wp-content\/plugins\/seo-by-rank-math\/assets\/admin\/img\/icon-gif.png","position":"middle_center"}},"defautOgImage":"https:\/\/qelizaesthetics.com\/wp-content\/uploads\/2024\/04\/Qeliza-Logo.png","customPermalinks":true,"isUserRegistered":true,"autoSuggestKeywords":true,"connectSiteUrl":"https:\/\/rankmath.com\/auth?site=https%3A%2F%2Fqelizaesthetics.com%2Fsq&r=https%3A%2F%2Fqelizaesthetics.com%2Fsq%2Fwp-json%2Fwp%2Fv2%2Fpages%2F2947%3Fnonce%3D26f4eac8cb&pro=1","maxTags":100,"trendsIcon":"<svg viewBox=\"0 0 610 610\"><path d=\"M18.85,446,174.32,290.48l58.08,58.08L76.93,504a14.54,14.54,0,0,1-20.55,0L18.83,466.48a14.54,14.54,0,0,1,0-20.55Z\" style=\"fill:#4285f4\"\/><path d=\"M242.65,242.66,377.59,377.6l-47.75,47.75a14.54,14.54,0,0,1-20.55,0L174.37,290.43l47.75-47.75A14.52,14.52,0,0,1,242.65,242.66Z\" style=\"fill:#ea4335\"\/><polygon points=\"319.53 319.53 479.26 159.8 537.34 217.88 377.61 377.62 319.53 319.53\" style=\"fill:#fabb05\"\/><path d=\"M594.26,262.73V118.61h0a16.94,16.94,0,0,0-16.94-16.94H433.2a16.94,16.94,0,0,0-12,28.92L565.34,274.71h0a16.94,16.94,0,0,0,28.92-12Z\" style=\"fill:#34a853\"\/><rect width=\"610\" height=\"610\" style=\"fill:none\"\/><\/svg>","showScore":true,"siteFavIcon":"https:\/\/qelizaesthetics.com\/wp-content\/uploads\/2024\/05\/cropped-Qeliza-Logo-32x32.png","canUser":{"general":false,"advanced":false,"snippet":false,"social":false,"analysis":false,"analytics":false,"content_ai":false},"isPro":true,"is_front_page":false,"trendsUpgradeLink":"https:\/\/rankmath.com\/pricing\/?utm_source=Plugin&utm_medium=CE%20General%20Tab%20Trends&utm_campaign=WP","trendsUpgradeLabel":"Upgrade","trendsPreviewImage":"https:\/\/qelizaesthetics.com\/wp-content\/plugins\/seo-by-rank-math\/assets\/admin\/img\/trends-preview.jpg","currentEditor":false,"homepageData":{"assessor":{"powerWords":[],"diacritics":true,"researchesTests":["contentHasTOC","contentHasShortParagraphs","contentHasAssets","keywordInTitle","keywordInMetaDescription","keywordInPermalink","keywordIn10Percent","keywordInContent","keywordInSubheadings","keywordInImageAlt","keywordDensity","keywordNotUsed","lengthContent","lengthPermalink","linksHasInternal","linksHasExternals","linksNotAllExternals","titleStartWithKeyword","titleSentiment","titleHasPowerWords","titleHasNumber","hasContentAI"],"hasBreadcrumb":false,"serpData":{"title":true,"description":true,"titleTemplate":"%sitename% %page% %sep% %sitedesc%","descriptionTemplate":"","focusKeywords":"","breadcrumbTitle":"Home","robots":{"index":true},"advancedRobots":{"max-snippet":"-1","max-video-preview":"-1","max-image-preview":"large"},"facebookTitle":"","facebookDescription":"","facebookImage":"","facebookImageID":""}}},"isAnalyticsConnected":false,"tocTitle":"Table of Contents","tocExcludeHeadings":[],"listStyle":"ul"},"_links":{"self":[{"href":"https:\/\/qelizaesthetics.com\/sq\/wp-json\/wp\/v2\/pages\/2947","targetHints":{"allow":["GET"]}}],"collection":[{"href":"https:\/\/qelizaesthetics.com\/sq\/wp-json\/wp\/v2\/pages"}],"about":[{"href":"https:\/\/qelizaesthetics.com\/sq\/wp-json\/wp\/v2\/types\/page"}],"author":[{"embeddable":true,"href":"https:\/\/qelizaesthetics.com\/sq\/wp-json\/wp\/v2\/users\/1"}],"replies":[{"embeddable":true,"href":"https:\/\/qelizaesthetics.com\/sq\/wp-json\/wp\/v2\/comments?post=2947"}],"version-history":[{"count":7,"href":"https:\/\/qelizaesthetics.com\/sq\/wp-json\/wp\/v2\/pages\/2947\/revisions"}],"predecessor-version":[{"id":3504,"href":"https:\/\/qelizaesthetics.com\/sq\/wp-json\/wp\/v2\/pages\/2947\/revisions\/3504"}],"wp:attachment":[{"href":"https:\/\/qelizaesthetics.com\/sq\/wp-json\/wp\/v2\/media?parent=2947"}],"curies":[{"name":"wp","href":"https:\/\/api.w.org\/{rel}","templated":true}]}}