{"id":4957,"date":"2026-04-23T15:21:56","date_gmt":"2026-04-23T15:21:56","guid":{"rendered":"https:\/\/qelizaesthetics.com\/?post_type=product&#038;p=4957"},"modified":"2026-04-23T15:21:57","modified_gmt":"2026-04-23T15:21:57","slug":"regen-rx-spray","status":"publish","type":"product","link":"https:\/\/qelizaesthetics.com\/it\/prodotto\/regen-rx-spray\/","title":{"rendered":"Regen RX spray"},"content":{"rendered":"","protected":false},"excerpt":{"rendered":"<p>Regen RX \u00ebsht\u00eb nj\u00eb formul\u00eb p\u00ebr rigjenerim dhe rikuperim t\u00eb indeve. Ndihmon n\u00eb sh\u00ebrimin e muskujve, tendinave dhe sistemit gastrointestinal, duke p\u00ebrmir\u00ebsuar rikuperimin pas d\u00ebmtimeve ose stresit fizik. Ideal p\u00ebr sportist\u00eb dhe individ\u00eb aktiv\u00eb q\u00eb k\u00ebrkojn\u00eb rikuperim m\u00eb t\u00eb shpejt\u00eb dhe mb\u00ebshtetje t\u00eb sh\u00ebndetit t\u00eb p\u00ebrgjithsh\u00ebm.<\/p>","protected":false},"featured_media":4959,"comment_status":"open","ping_status":"closed","template":"","meta":[],"product_brand":[],"product_cat":[33],"product_tag":[],"class_list":{"0":"post-4957","1":"product","2":"type-product","3":"status-publish","4":"has-post-thumbnail","6":"product_cat-peptide","8":"first","9":"instock","10":"shipping-taxable","11":"purchasable","12":"product-type-simple"},"_links":{"self":[{"href":"https:\/\/qelizaesthetics.com\/it\/wp-json\/wp\/v2\/product\/4957","targetHints":{"allow":["GET"]}}],"collection":[{"href":"https:\/\/qelizaesthetics.com\/it\/wp-json\/wp\/v2\/product"}],"about":[{"href":"https:\/\/qelizaesthetics.com\/it\/wp-json\/wp\/v2\/types\/product"}],"replies":[{"embeddable":true,"href":"https:\/\/qelizaesthetics.com\/it\/wp-json\/wp\/v2\/comments?post=4957"}],"wp:featuredmedia":[{"embeddable":true,"href":"https:\/\/qelizaesthetics.com\/it\/wp-json\/wp\/v2\/media\/4959"}],"wp:attachment":[{"href":"https:\/\/qelizaesthetics.com\/it\/wp-json\/wp\/v2\/media?parent=4957"}],"wp:term":[{"taxonomy":"product_brand","embeddable":true,"href":"https:\/\/qelizaesthetics.com\/it\/wp-json\/wp\/v2\/product_brand?post=4957"},{"taxonomy":"product_cat","embeddable":true,"href":"https:\/\/qelizaesthetics.com\/it\/wp-json\/wp\/v2\/product_cat?post=4957"},{"taxonomy":"product_tag","embeddable":true,"href":"https:\/\/qelizaesthetics.com\/it\/wp-json\/wp\/v2\/product_tag?post=4957"}],"curies":[{"name":"wp","href":"https:\/\/api.w.org\/{rel}","templated":true}]}}