{"id":4954,"date":"2026-04-23T15:19:12","date_gmt":"2026-04-23T15:19:12","guid":{"rendered":"https:\/\/qelizaesthetics.com\/?post_type=product&#038;p=4954"},"modified":"2026-04-23T15:19:12","modified_gmt":"2026-04-23T15:19:12","slug":"trim-rx-spray","status":"publish","type":"product","link":"https:\/\/qelizaesthetics.com\/it\/prodotto\/trim-rx-spray\/","title":{"rendered":"Trim RX spray"},"content":{"rendered":"","protected":false},"excerpt":{"rendered":"<p>Trim RX \u00ebsht\u00eb nj\u00eb formul\u00eb p\u00ebr menaxhimin e pesh\u00ebs dhe balancimin e metabolizmit. Ndihmon n\u00eb reduktimin e oreksit, stabilizimin e glukoz\u00ebs dhe p\u00ebrmir\u00ebsimin e p\u00ebrdorimit t\u00eb energjis\u00eb nga trupi. I p\u00ebrshtatsh\u00ebm p\u00ebr individ\u00eb q\u00eb jan\u00eb n\u00eb fillim t\u00eb rrug\u00ebtimit t\u00eb tyre p\u00ebr humbje peshe ose k\u00ebrkojn\u00eb nj\u00eb qasje t\u00eb q\u00ebndrueshme.<\/p>","protected":false},"featured_media":4956,"comment_status":"open","ping_status":"closed","template":"","meta":[],"product_brand":[],"product_cat":[33],"product_tag":[],"class_list":{"0":"post-4954","1":"product","2":"type-product","3":"status-publish","4":"has-post-thumbnail","6":"product_cat-peptide","8":"first","9":"instock","10":"shipping-taxable","11":"purchasable","12":"product-type-simple"},"_links":{"self":[{"href":"https:\/\/qelizaesthetics.com\/it\/wp-json\/wp\/v2\/product\/4954","targetHints":{"allow":["GET"]}}],"collection":[{"href":"https:\/\/qelizaesthetics.com\/it\/wp-json\/wp\/v2\/product"}],"about":[{"href":"https:\/\/qelizaesthetics.com\/it\/wp-json\/wp\/v2\/types\/product"}],"replies":[{"embeddable":true,"href":"https:\/\/qelizaesthetics.com\/it\/wp-json\/wp\/v2\/comments?post=4954"}],"wp:featuredmedia":[{"embeddable":true,"href":"https:\/\/qelizaesthetics.com\/it\/wp-json\/wp\/v2\/media\/4956"}],"wp:attachment":[{"href":"https:\/\/qelizaesthetics.com\/it\/wp-json\/wp\/v2\/media?parent=4954"}],"wp:term":[{"taxonomy":"product_brand","embeddable":true,"href":"https:\/\/qelizaesthetics.com\/it\/wp-json\/wp\/v2\/product_brand?post=4954"},{"taxonomy":"product_cat","embeddable":true,"href":"https:\/\/qelizaesthetics.com\/it\/wp-json\/wp\/v2\/product_cat?post=4954"},{"taxonomy":"product_tag","embeddable":true,"href":"https:\/\/qelizaesthetics.com\/it\/wp-json\/wp\/v2\/product_tag?post=4954"}],"curies":[{"name":"wp","href":"https:\/\/api.w.org\/{rel}","templated":true}]}}