{"id":4947,"date":"2026-04-23T15:15:18","date_gmt":"2026-04-23T15:15:18","guid":{"rendered":"https:\/\/qelizaesthetics.com\/?post_type=product&#038;p=4947"},"modified":"2026-04-23T15:15:18","modified_gmt":"2026-04-23T15:15:18","slug":"vibe-rx-spray","status":"publish","type":"product","link":"https:\/\/qelizaesthetics.com\/it\/prodotto\/vibe-rx-spray\/","title":{"rendered":"Vibe RX spray"},"content":{"rendered":"","protected":false},"excerpt":{"rendered":"<p>VibeRx \u00ebsht\u00eb nj\u00eb formul\u00eb e dizajnuar p\u00ebr t\u00eb mb\u00ebshtetur mir\u00ebqenien emocionale dhe lidhjen nd\u00ebrpersonale. Ndihmon n\u00eb rritjen e d\u00ebshir\u00ebs, p\u00ebrmir\u00ebson humorin dhe mb\u00ebshtet ndjesin\u00eb e af\u00ebrsis\u00eb dhe relaksit. Ideal p\u00ebr individ\u00eb q\u00eb k\u00ebrkojn\u00eb t\u00eb p\u00ebrmir\u00ebsojn\u00eb balanc\u00ebn emocionale dhe jet\u00ebn intime.<\/p>","protected":false},"featured_media":4949,"comment_status":"open","ping_status":"closed","template":"","meta":[],"product_brand":[],"product_cat":[33],"product_tag":[],"class_list":{"0":"post-4947","1":"product","2":"type-product","3":"status-publish","4":"has-post-thumbnail","6":"product_cat-peptide","8":"first","9":"instock","10":"shipping-taxable","11":"purchasable","12":"product-type-simple"},"_links":{"self":[{"href":"https:\/\/qelizaesthetics.com\/it\/wp-json\/wp\/v2\/product\/4947","targetHints":{"allow":["GET"]}}],"collection":[{"href":"https:\/\/qelizaesthetics.com\/it\/wp-json\/wp\/v2\/product"}],"about":[{"href":"https:\/\/qelizaesthetics.com\/it\/wp-json\/wp\/v2\/types\/product"}],"replies":[{"embeddable":true,"href":"https:\/\/qelizaesthetics.com\/it\/wp-json\/wp\/v2\/comments?post=4947"}],"wp:featuredmedia":[{"embeddable":true,"href":"https:\/\/qelizaesthetics.com\/it\/wp-json\/wp\/v2\/media\/4949"}],"wp:attachment":[{"href":"https:\/\/qelizaesthetics.com\/it\/wp-json\/wp\/v2\/media?parent=4947"}],"wp:term":[{"taxonomy":"product_brand","embeddable":true,"href":"https:\/\/qelizaesthetics.com\/it\/wp-json\/wp\/v2\/product_brand?post=4947"},{"taxonomy":"product_cat","embeddable":true,"href":"https:\/\/qelizaesthetics.com\/it\/wp-json\/wp\/v2\/product_cat?post=4947"},{"taxonomy":"product_tag","embeddable":true,"href":"https:\/\/qelizaesthetics.com\/it\/wp-json\/wp\/v2\/product_tag?post=4947"}],"curies":[{"name":"wp","href":"https:\/\/api.w.org\/{rel}","templated":true}]}}