{"id":4104,"date":"2025-07-09T15:00:15","date_gmt":"2025-07-09T15:00:15","guid":{"rendered":"https:\/\/qelizaesthetics.com\/?post_type=product&#038;p=4104"},"modified":"2025-09-02T15:45:57","modified_gmt":"2025-09-02T15:45:57","slug":"vit-d3-4000-iu-k2-liposomal-hinnao","status":"publish","type":"product","link":"https:\/\/qelizaesthetics.com\/it\/prodotto\/vit-d3-4000-iu-k2-liposomiale-hinnao\/","title":{"rendered":"Vit D3 4000 UI + K2 (liposomiale) HiNNAO"},"content":{"rendered":"<p><b>Perch\u00e9 scegliere HINNAO Vitamina D3 e K2<\/b><br \/>\nLa vitamina D non \u00e8 tecnicamente una vitamina, ma uno degli ormoni pi\u00f9 potenti dell'organismo che regola pi\u00f9 di 2.000 geni e funzioni corporee. Fa pi\u00f9 di qualsiasi altro ormone.<\/p>\n<p>Ci\u00f2 che \u00e8 ancora pi\u00f9 sorprendente \u00e8 che la vitamina D \u00e8 una delle poche vitamine che il corpo \u00e8 in grado di produrre da solo, con un piccolo aiuto da parte della luce solare. Purtroppo, per la maggior parte di noi l'esposizione al sole raramente fornisce una quantit\u00e0 sufficiente di vitamina D, anzi la maggior parte di noi ne \u00e8 carente, rendendo necessaria l'integrazione.<\/p>\n<p>*La vitamina D contribuisce alla normale funzione del sistema immunitario e al mantenimento di ossa normali.<\/p>\n<p><b>La vitamina D3 e K2 di HINNAO \u00e8 testata da terze parti<\/b><br \/>\nLa nostra vitamina D3 HINNAO \u00e8 stata testata da terzi e ha dimostrato di entrare nel flusso sanguigno in pochi secondi.<\/p>\n<p><img fetchpriority=\"high\" decoding=\"async\" class=\"alignnone wp-image-873 size-full\" src=\"https:\/\/hinnao.com\/wp-content\/uploads\/2022\/10\/Hinnao-Vitamin-D3-K2-Graph.png\" sizes=\"(max-width: 551px) 100vw, 551px\" srcset=\"https:\/\/hinnao.com\/wp-content\/uploads\/2022\/10\/Hinnao-Vitamin-D3-K2-Graph.png 551w, https:\/\/hinnao.com\/wp-content\/uploads\/2022\/10\/Hinnao-Vitamin-D3-K2-Graph-300x143.png 300w\" alt=\"\" width=\"551\" height=\"263\" \/><\/p>\n<p><a href=\"https:\/\/hinnao.com\/wp-content\/uploads\/2023\/07\/HINNAO-VIitamin-D3-Diffusion-Study.pdf?v=eabb18f0a40c\" target=\"_blank\" rel=\"noopener\">Visualizza lo studio<\/a><\/p>\n<p>La vitamina D \u00e8 fondamentale per la salute generale, ma oltre 75% di persone nel Regno Unito ne sono carenti.<\/p>\n<h2 class=\"wp-block-heading has-text-align-center has-primary-color has-text-color has-link-color wp-elements-7c162e003255bcacd68fa0c1cba86fa8\">Assorbimento in secondi<\/h2>\n<p class=\"has-text-align-center has-primary-color has-text-color has-link-color wp-elements-6ea19151869af7b15effdb8e09a24835\">La nostra tecnologia brevettata HINNAO ci permette di utilizzare particelle lipidiche per assorbire attraverso la membrana mucosa, il che significa che 85% di ogni dose viene assorbita entro 60 secondi.<\/p>\n<div class=\"wp-block-group is-content-justification-center is-nowrap is-layout-flex wp-block-group-is-layout-flex\">\n<h2>Ingredienti della vitamina D3 + K2<\/h2>\n<\/div>\n<div class=\"ingredients-list\">\n<p>Olio di mandorle dolci, vitamina D (come colecalciferolo), vitamina K2, menachinone 7, edulcorante: Glicosidi steviolici, Aromi di arancia e olio di ananas, Agente antiagglomerante: Biossido di silicio<\/p>\n<\/div>","protected":false},"excerpt":{"rendered":"<p>Why Choose HINNAO Vitamin D3 and K2 Vitamin D is technically not a vitamin \u2013 it is actually one of the most potent hormones in your body that regulates more than 2,000 genes and bodily function. It does more than any other hormone. What is even more amazing is that Vitamin D is one of [&hellip;]<\/p>","protected":false},"featured_media":4106,"comment_status":"open","ping_status":"closed","template":"","meta":[],"product_brand":[],"product_cat":[31],"product_tag":[],"class_list":{"0":"post-4104","1":"product","2":"type-product","3":"status-publish","4":"has-post-thumbnail","6":"product_cat-hinnao","8":"first","9":"instock","10":"shipping-taxable","11":"purchasable","12":"product-type-simple"},"_links":{"self":[{"href":"https:\/\/qelizaesthetics.com\/it\/wp-json\/wp\/v2\/product\/4104","targetHints":{"allow":["GET"]}}],"collection":[{"href":"https:\/\/qelizaesthetics.com\/it\/wp-json\/wp\/v2\/product"}],"about":[{"href":"https:\/\/qelizaesthetics.com\/it\/wp-json\/wp\/v2\/types\/product"}],"replies":[{"embeddable":true,"href":"https:\/\/qelizaesthetics.com\/it\/wp-json\/wp\/v2\/comments?post=4104"}],"wp:featuredmedia":[{"embeddable":true,"href":"https:\/\/qelizaesthetics.com\/it\/wp-json\/wp\/v2\/media\/4106"}],"wp:attachment":[{"href":"https:\/\/qelizaesthetics.com\/it\/wp-json\/wp\/v2\/media?parent=4104"}],"wp:term":[{"taxonomy":"product_brand","embeddable":true,"href":"https:\/\/qelizaesthetics.com\/it\/wp-json\/wp\/v2\/product_brand?post=4104"},{"taxonomy":"product_cat","embeddable":true,"href":"https:\/\/qelizaesthetics.com\/it\/wp-json\/wp\/v2\/product_cat?post=4104"},{"taxonomy":"product_tag","embeddable":true,"href":"https:\/\/qelizaesthetics.com\/it\/wp-json\/wp\/v2\/product_tag?post=4104"}],"curies":[{"name":"wp","href":"https:\/\/api.w.org\/{rel}","templated":true}]}}