{"id":3683,"date":"2025-02-03T16:31:06","date_gmt":"2025-02-03T16:31:06","guid":{"rendered":"https:\/\/qelizaesthetics.com\/?post_type=product&#038;p=3683"},"modified":"2025-09-02T15:55:44","modified_gmt":"2025-09-02T15:55:44","slug":"zinc-citrate-25-mg-60-caps","status":"publish","type":"product","link":"https:\/\/qelizaesthetics.com\/it\/prodotto\/zinco-citrato-25-mg-60-caps\/","title":{"rendered":"Zinco citrato 25 mg (60 caps)"},"content":{"rendered":"","protected":false},"excerpt":{"rendered":"<div class=\"border-section rte\">\n    <strong>Un minerale fondamentale per la funzione immunitaria<\/strong>salute della pelle e guarigione delle ferite. Lo zinco citrato offre un maggiore assorbimento, garantendo i massimi benefici.\n<\/div>\n<p><\/p>\n<div class=\"border-section rte\">\n    <strong>Lo sapevate?<\/strong><br \/>\n    Lo zinco svolge un ruolo cruciale nel potenziamento della <strong>efficacia e longevit\u00e0 del Botox<\/strong> sostenendo la regolazione dell'acetilcolina e l'attivit\u00e0 degli enzimi nella giunzione neuromuscolare. Gli studi suggeriscono che lo zinco pu\u00f2 aiutare il Botox a legarsi pi\u00f9 efficacemente alle terminazioni nervose, rendendo potenzialmente i risultati pi\u00f9 duraturi e pi\u00f9 efficienti.\n<\/div>","protected":false},"featured_media":3744,"comment_status":"open","ping_status":"closed","template":"","meta":[],"product_brand":[],"product_cat":[29],"product_tag":[],"class_list":{"0":"post-3683","1":"product","2":"type-product","3":"status-publish","4":"has-post-thumbnail","6":"product_cat-supplements","8":"first","9":"instock","10":"shipping-taxable","11":"purchasable","12":"product-type-simple"},"_links":{"self":[{"href":"https:\/\/qelizaesthetics.com\/it\/wp-json\/wp\/v2\/product\/3683","targetHints":{"allow":["GET"]}}],"collection":[{"href":"https:\/\/qelizaesthetics.com\/it\/wp-json\/wp\/v2\/product"}],"about":[{"href":"https:\/\/qelizaesthetics.com\/it\/wp-json\/wp\/v2\/types\/product"}],"replies":[{"embeddable":true,"href":"https:\/\/qelizaesthetics.com\/it\/wp-json\/wp\/v2\/comments?post=3683"}],"wp:featuredmedia":[{"embeddable":true,"href":"https:\/\/qelizaesthetics.com\/it\/wp-json\/wp\/v2\/media\/3744"}],"wp:attachment":[{"href":"https:\/\/qelizaesthetics.com\/it\/wp-json\/wp\/v2\/media?parent=3683"}],"wp:term":[{"taxonomy":"product_brand","embeddable":true,"href":"https:\/\/qelizaesthetics.com\/it\/wp-json\/wp\/v2\/product_brand?post=3683"},{"taxonomy":"product_cat","embeddable":true,"href":"https:\/\/qelizaesthetics.com\/it\/wp-json\/wp\/v2\/product_cat?post=3683"},{"taxonomy":"product_tag","embeddable":true,"href":"https:\/\/qelizaesthetics.com\/it\/wp-json\/wp\/v2\/product_tag?post=3683"}],"curies":[{"name":"wp","href":"https:\/\/api.w.org\/{rel}","templated":true}]}}