{"id":4941,"date":"2026-04-23T15:10:59","date_gmt":"2026-04-23T15:10:59","guid":{"rendered":"https:\/\/qelizaesthetics.com\/?post_type=product&#038;p=4941"},"modified":"2026-04-23T15:10:59","modified_gmt":"2026-04-23T15:10:59","slug":"limitless-rx-spray","status":"publish","type":"product","link":"https:\/\/qelizaesthetics.com\/fr\/produit\/spray-illimite-rx\/","title":{"rendered":"Spray Limitless RX"},"content":{"rendered":"","protected":false},"excerpt":{"rendered":"<p>Limitless est une formule nootropique con\u00e7ue pour am\u00e9liorer la concentration, la m\u00e9moire et la clart\u00e9 mentale. Elle aide \u00e0 augmenter la concentration, \u00e0 r\u00e9duire le stress et \u00e0 soutenir les performances cognitives dans des situations de charge mentale \u00e9lev\u00e9e. Id\u00e9ale pour les professionnels, les \u00e9tudiants et les personnes recherchant un avantage mental au quotidien.<\/p>","protected":false},"featured_media":4943,"comment_status":"open","ping_status":"closed","template":"","meta":[],"product_brand":[],"product_cat":[33],"product_tag":[],"class_list":{"0":"post-4941","1":"product","2":"type-product","3":"status-publish","4":"has-post-thumbnail","6":"product_cat-peptide","8":"first","9":"instock","10":"shipping-taxable","11":"purchasable","12":"product-type-simple"},"_links":{"self":[{"href":"https:\/\/qelizaesthetics.com\/fr\/wp-json\/wp\/v2\/product\/4941","targetHints":{"allow":["GET"]}}],"collection":[{"href":"https:\/\/qelizaesthetics.com\/fr\/wp-json\/wp\/v2\/product"}],"about":[{"href":"https:\/\/qelizaesthetics.com\/fr\/wp-json\/wp\/v2\/types\/product"}],"replies":[{"embeddable":true,"href":"https:\/\/qelizaesthetics.com\/fr\/wp-json\/wp\/v2\/comments?post=4941"}],"wp:featuredmedia":[{"embeddable":true,"href":"https:\/\/qelizaesthetics.com\/fr\/wp-json\/wp\/v2\/media\/4943"}],"wp:attachment":[{"href":"https:\/\/qelizaesthetics.com\/fr\/wp-json\/wp\/v2\/media?parent=4941"}],"wp:term":[{"taxonomy":"product_brand","embeddable":true,"href":"https:\/\/qelizaesthetics.com\/fr\/wp-json\/wp\/v2\/product_brand?post=4941"},{"taxonomy":"product_cat","embeddable":true,"href":"https:\/\/qelizaesthetics.com\/fr\/wp-json\/wp\/v2\/product_cat?post=4941"},{"taxonomy":"product_tag","embeddable":true,"href":"https:\/\/qelizaesthetics.com\/fr\/wp-json\/wp\/v2\/product_tag?post=4941"}],"curies":[{"name":"wp","href":"https:\/\/api.w.org\/{rel}","templated":true}]}}