{"id":4816,"date":"2026-02-11T16:06:34","date_gmt":"2026-02-11T16:06:34","guid":{"rendered":"https:\/\/qelizaesthetics.com\/?post_type=product&#038;p=4816"},"modified":"2026-02-11T16:06:34","modified_gmt":"2026-02-11T16:06:34","slug":"turkesterone-lvlup","status":"publish","type":"product","link":"https:\/\/qelizaesthetics.com\/fr\/produit\/turkesterone-lvlup\/","title":{"rendered":"Turkesterone LVLUP"},"content":{"rendered":"<h3 data-start=\"515\" data-end=\"557\">Soutien v\u00e9g\u00e9tal avanc\u00e9 pour les muscles maigres<\/h3>\n<p data-start=\"559\" data-end=\"869\">LVLUP Turkesterone est con\u00e7u pour les athl\u00e8tes et les halt\u00e9rophiles qui recherchent des produits de qualit\u00e9. <strong data-start=\"633\" data-end=\"691\">un soutien musculaire efficace sans manipulation hormonale<\/strong>. Chaque portion fournit un extrait d'Ajuga Turkestanica standardis\u00e9 \u00e0 20% Turkesterone et complex\u00e9 \u00e0 <strong data-start=\"794\" data-end=\"826\">HydroxyPropyl-\u03b2-Cyclodextrine<\/strong> pour am\u00e9liorer la solubilit\u00e9 et la biodisponibilit\u00e9.<\/p>\n<p data-start=\"871\" data-end=\"1110\">Contrairement aux agents \u00e0 base d'androg\u00e8nes, la Turkesterone agit par le biais de <strong data-start=\"928\" data-end=\"963\">voies du r\u00e9cepteur des \u0153strog\u00e8nes b\u00eata<\/strong> dans le muscle squelettique, contribuant \u00e0 soutenir la synth\u00e8se naturelle des prot\u00e9ines et l'int\u00e9grit\u00e9 musculaire tout en \u00e9vitant la suppression des niveaux d'hormones endog\u00e8nes.<\/p>\n<h3 data-start=\"1112\" data-end=\"1143\">Comment \u00e7a marche - Trois \u00e9tapes<\/h3>\n<p data-start=\"1145\" data-end=\"1347\"><strong data-start=\"1145\" data-end=\"1178\">\u00c9tape 1 - Absorption renforc\u00e9e<\/strong><br data-start=\"1178\" data-end=\"1181\" \/>Le complexe de cyclodextrine augmente l'absorption intestinale de la Turkesterone, ce qui permet \u00e0 une plus grande quantit\u00e9 de compos\u00e9 actif d'atteindre la circulation syst\u00e9mique par rapport aux extraits non formul\u00e9s.<\/p>\n<p data-start=\"1349\" data-end=\"1553\"><strong data-start=\"1349\" data-end=\"1386\">\u00c9tape 2 - Activation non hormonale<\/strong><br data-start=\"1386\" data-end=\"1389\" \/>La Turkesterone module les voies musculaires sans d\u00e9pendre des r\u00e9cepteurs androg\u00e9niques, ce qui favorise le maintien de la force et de la masse maigre sans n\u00e9cessiter de traitement post-cycle.<\/p>\n<p data-start=\"1555\" data-end=\"1741\"><strong data-start=\"1555\" data-end=\"1588\">\u00c9tape 3 - Soutien adaptog\u00e8ne<\/strong><br data-start=\"1588\" data-end=\"1591\" \/>Le profil adaptog\u00e8ne aide l'organisme \u00e0 g\u00e9rer le stress li\u00e9 \u00e0 l'entra\u00eenement, favorisant une r\u00e9cup\u00e9ration \u00e9quilibr\u00e9e et une bonne r\u00e9sistance pendant les cycles d'entra\u00eenement \u00e0 haut volume.<\/p>\n<h3 data-start=\"1743\" data-end=\"1761\">Ingr\u00e9dient cl\u00e9<\/h3>\n<p data-start=\"1765\" data-end=\"1892\"><strong data-start=\"1765\" data-end=\"1797\">Ajuga Turkestanica (1200mg) :<\/strong> source de phytoecdyst\u00e9ro\u00efdes \u00e9tudi\u00e9s pour leur r\u00f4le dans la sant\u00e9, la performance et la r\u00e9cup\u00e9ration musculaires<\/p>\n<h3 data-start=\"1894\" data-end=\"1910\">Pour qui ?<\/h3>\n<p data-start=\"1912\" data-end=\"2073\">Id\u00e9al pour les personnes qui souhaitent <strong data-start=\"1943\" data-end=\"1983\">soutien musculaire naturel et non hormonal<\/strong>L'objectif est d'am\u00e9liorer la capacit\u00e9 d'entra\u00eenement et la r\u00e9cup\u00e9ration dans le cadre d'un programme de remise en forme structur\u00e9.<\/p>\n<h3 data-start=\"2075\" data-end=\"2090\">Comment prendre<\/h3>\n<p data-start=\"2092\" data-end=\"2216\">Prendre <strong data-start=\"2097\" data-end=\"2117\">2 g\u00e9lules par jour<\/strong> ou selon les recommandations d'un professionnel de la sant\u00e9. Convient pour une utilisation continue, sans cycle.<\/p>\n<p data-start=\"2218\" data-end=\"2256\"><strong data-start=\"2218\" data-end=\"2230\">Paquet :<\/strong> 60 g\u00e9lules - 30 portions<\/p>","protected":false},"excerpt":{"rendered":"<p data-start=\"136\" data-end=\"160\"><strong data-start=\"136\" data-end=\"160\">Turkesterone - LVLUP<\/strong><\/p>\n<p data-start=\"162\" data-end=\"466\">Une formule de soutien musculaire \u00e0 base de plantes comprenant <strong data-start=\"211\" data-end=\"274\">Extrait d'Ajuga Turkestanica standardis\u00e9 \u00e0 20% Turkesterone<\/strong>La vitamine C est une substance complexe pour une meilleure absorption. Favorise le maintien des muscles maigres, la force et la r\u00e9cup\u00e9ration par le biais d'un syst\u00e8me d'alimentation en oxyg\u00e8ne. <strong data-start=\"378\" data-end=\"404\">m\u00e9canisme non hormonal<\/strong>Il est donc adapt\u00e9 \u00e0 une utilisation quotidienne et r\u00e9guli\u00e8re sans cyclisme.<\/p>","protected":false},"featured_media":4818,"comment_status":"open","ping_status":"closed","template":"","meta":[],"product_brand":[],"product_cat":[29],"product_tag":[],"class_list":{"0":"post-4816","1":"product","2":"type-product","3":"status-publish","4":"has-post-thumbnail","6":"product_cat-supplements","8":"first","9":"instock","10":"shipping-taxable","11":"purchasable","12":"product-type-simple"},"_links":{"self":[{"href":"https:\/\/qelizaesthetics.com\/fr\/wp-json\/wp\/v2\/product\/4816","targetHints":{"allow":["GET"]}}],"collection":[{"href":"https:\/\/qelizaesthetics.com\/fr\/wp-json\/wp\/v2\/product"}],"about":[{"href":"https:\/\/qelizaesthetics.com\/fr\/wp-json\/wp\/v2\/types\/product"}],"replies":[{"embeddable":true,"href":"https:\/\/qelizaesthetics.com\/fr\/wp-json\/wp\/v2\/comments?post=4816"}],"wp:featuredmedia":[{"embeddable":true,"href":"https:\/\/qelizaesthetics.com\/fr\/wp-json\/wp\/v2\/media\/4818"}],"wp:attachment":[{"href":"https:\/\/qelizaesthetics.com\/fr\/wp-json\/wp\/v2\/media?parent=4816"}],"wp:term":[{"taxonomy":"product_brand","embeddable":true,"href":"https:\/\/qelizaesthetics.com\/fr\/wp-json\/wp\/v2\/product_brand?post=4816"},{"taxonomy":"product_cat","embeddable":true,"href":"https:\/\/qelizaesthetics.com\/fr\/wp-json\/wp\/v2\/product_cat?post=4816"},{"taxonomy":"product_tag","embeddable":true,"href":"https:\/\/qelizaesthetics.com\/fr\/wp-json\/wp\/v2\/product_tag?post=4816"}],"curies":[{"name":"wp","href":"https:\/\/api.w.org\/{rel}","templated":true}]}}