{"id":4798,"date":"2026-02-11T15:59:27","date_gmt":"2026-02-11T15:59:27","guid":{"rendered":"https:\/\/qelizaesthetics.com\/?post_type=product&#038;p=4798"},"modified":"2026-02-11T15:59:27","modified_gmt":"2026-02-11T15:59:27","slug":"ultimate-gi-repair-lvlup","status":"publish","type":"product","link":"https:\/\/qelizaesthetics.com\/fr\/produit\/ultimate-gi-repair-lvlup\/","title":{"rendered":"R\u00e9paration ultime de l'IG LVLUP"},"content":{"rendered":"<h3 data-start=\"636\" data-end=\"687\">Soutien avanc\u00e9 en peptides pour la sant\u00e9 de la barri\u00e8re intestinale<\/h3>\n<p data-start=\"689\" data-end=\"1083\">Ultimate GI Repair de LVLUP est une formulation de nouvelle g\u00e9n\u00e9ration cr\u00e9\u00e9e pour les personnes qui souhaitent <strong data-start=\"782\" data-end=\"844\">soutien profond et multicouche de la muqueuse gastro-intestinale<\/strong>. Le m\u00e9lange associe quatre peptides biodisponibles par voie orale \u00e0 des nutraceutiques de pr\u00e9cision pour cibler les aspects cl\u00e9s de la structure de la barri\u00e8re, du renouvellement des tissus et de l'\u00e9quilibre immunitaire, afin d'aider l'intestin \u00e0 se remettre des facteurs de stress li\u00e9s \u00e0 l'alimentation, \u00e0 l'environnement et au mode de vie.<\/p>\n<h3 data-start=\"1085\" data-end=\"1111\">Approche \u00e0 voies multiples<\/h3>\n<p data-start=\"1113\" data-end=\"1345\"><strong data-start=\"1113\" data-end=\"1150\">\u00c9tape 1 - Renforcer la barri\u00e8re<\/strong><br data-start=\"1150\" data-end=\"1153\" \/>Les peptides tels que <strong data-start=\"1170\" data-end=\"1201\">BPC-Arginate et Larazotide<\/strong> aident \u00e0 maintenir l'int\u00e9grit\u00e9 des jonctions serr\u00e9es, en favorisant une perm\u00e9abilit\u00e9 normale et en prot\u00e9geant la muqueuse intestinale pendant les p\u00e9riodes d'irritation ou de d\u00e9s\u00e9quilibre.<\/p>\n<p data-start=\"1347\" data-end=\"1580\"><strong data-start=\"1347\" data-end=\"1386\">\u00c9tape 2 - Favoriser le renouvellement des tissus<\/strong><br data-start=\"1386\" data-end=\"1389\" \/><strong data-start=\"1389\" data-end=\"1399\">GHK-Cu<\/strong> contribue aux processus de r\u00e9paration cellulaire, tandis que <strong data-start=\"1448\" data-end=\"1462\">Tributyrine<\/strong> fournit du butyrate - un carburant essentiel pour les cellules du c\u00f4lon - qui favorise le renouvellement et la r\u00e9sistance de la paroi intestinale.<\/p>\n<p data-start=\"1582\" data-end=\"1807\"><strong data-start=\"1582\" data-end=\"1629\">\u00c9tape 3 - Modulation de l'environnement immunitaire<\/strong><br data-start=\"1629\" data-end=\"1632\" \/><strong data-start=\"1632\" data-end=\"1645\">Querc\u00e9tine<\/strong> aide \u00e0 r\u00e9guler les r\u00e9ponses inflammatoires locales, et <strong data-start=\"1695\" data-end=\"1715\">Zinc L-Carnosine<\/strong> favorise le r\u00e9tablissement des muqueuses, cr\u00e9ant un environnement \u00e9quilibr\u00e9 pour un confort digestif \u00e0 long terme.<\/p>\n<h3 data-start=\"1809\" data-end=\"1828\">Ingr\u00e9dients cl\u00e9s<\/h3>\n<p data-start=\"1832\" data-end=\"1935\"><strong data-start=\"1832\" data-end=\"1858\">BPC-Arginate (1000mg) :<\/strong> peptide d\u00e9riv\u00e9 de la muqueuse de l'estomac pour favoriser le r\u00e9tablissement de l'intestin et des tissus<\/p>\n<p data-start=\"1938\" data-end=\"2003\"><strong data-start=\"1938\" data-end=\"1961\">Larazotide (500 mg) :<\/strong> aide \u00e0 maintenir la fonction de barri\u00e8re naturelle<\/p>\n<p data-start=\"2006\" data-end=\"2088\"><strong data-start=\"2006\" data-end=\"2022\">KPV (500 mg) :<\/strong> soutien immunitaire et tissulaire cibl\u00e9 sans suppression des d\u00e9fenses<\/p>\n<p data-start=\"2091\" data-end=\"2154\"><strong data-start=\"2091\" data-end=\"2110\">GHK-Cu (2,5 mg) :<\/strong> favorise la r\u00e9paration et la r\u00e9g\u00e9n\u00e9ration cellulaires<\/p>\n<p data-start=\"2157\" data-end=\"2223\"><strong data-start=\"2157\" data-end=\"2180\">Tributyrine (400 mg) :<\/strong> source de butyrate pour la sant\u00e9 du colon<\/p>\n<p data-start=\"2226\" data-end=\"2297\"><strong data-start=\"2226\" data-end=\"2248\">Querc\u00e9tine (200 mg) :<\/strong> compos\u00e9 v\u00e9g\u00e9tal pour l'\u00e9quilibre cellulaire et immunitaire<\/p>\n<p data-start=\"2226\" data-end=\"2297\"><strong data-start=\"2300\" data-end=\"2329\">Zinc L-Carnosine (150mg) :<\/strong> adh\u00e8re \u00e0 la muqueuse intestinale pour favoriser son renouvellement<\/p>\n<h3 data-start=\"2374\" data-end=\"2390\">Pour qui ?<\/h3>\n<p data-start=\"2392\" data-end=\"2560\">Id\u00e9al pour les personnes souffrant d'une sensibilit\u00e9 digestive permanente, d'une gu\u00e9rison post-irritation ou pour celles qui souhaitent <strong data-start=\"2496\" data-end=\"2559\">un soutien proactif et de haut niveau pour l'int\u00e9grit\u00e9 et le confort intestinaux<\/strong>.<\/p>\n<h3 data-start=\"2562\" data-end=\"2577\">Comment prendre<\/h3>\n<p data-start=\"2579\" data-end=\"2649\">Prendre <strong data-start=\"2584\" data-end=\"2604\">2 g\u00e9lules par jour<\/strong> ou selon les recommandations d'un professionnel de la sant\u00e9.<\/p>\n<p data-start=\"2651\" data-end=\"2689\"><strong data-start=\"2651\" data-end=\"2663\">Paquet :<\/strong> 60 g\u00e9lules - 30 portions<\/p>","protected":false},"excerpt":{"rendered":"<p data-start=\"142\" data-end=\"172\"><strong data-start=\"142\" data-end=\"172\">Ultimate GI Repair - LVLUP<\/strong><\/p>\n<p data-start=\"174\" data-end=\"587\">Une formule compl\u00e8te \u00e0 base de peptides con\u00e7ue pour soutenir l'int\u00e9grit\u00e9 de la barri\u00e8re intestinale et la r\u00e9sistance digestive. Associe des peptides bioactifs \u00e0 des nutriments cibl\u00e9s, notamment <strong data-start=\"342\" data-end=\"428\">BPC-Arginate, Larazotide, KPV, GHK-Cu, Tributyrine, Querc\u00e9tine et Zinc L-Carnosine<\/strong>-pour aider \u00e0 maintenir la force des muqueuses, une activit\u00e9 immunitaire \u00e9quilibr\u00e9e et une fonction intestinale saine. Fabriqu\u00e9 selon les BPF et soumis \u00e0 des tests de qualit\u00e9 et de puret\u00e9 effectu\u00e9s par des tiers.<\/p>","protected":false},"featured_media":4800,"comment_status":"open","ping_status":"closed","template":"","meta":[],"product_brand":[],"product_cat":[29],"product_tag":[],"class_list":{"0":"post-4798","1":"product","2":"type-product","3":"status-publish","4":"has-post-thumbnail","6":"product_cat-supplements","8":"first","9":"instock","10":"shipping-taxable","11":"purchasable","12":"product-type-simple"},"_links":{"self":[{"href":"https:\/\/qelizaesthetics.com\/fr\/wp-json\/wp\/v2\/product\/4798","targetHints":{"allow":["GET"]}}],"collection":[{"href":"https:\/\/qelizaesthetics.com\/fr\/wp-json\/wp\/v2\/product"}],"about":[{"href":"https:\/\/qelizaesthetics.com\/fr\/wp-json\/wp\/v2\/types\/product"}],"replies":[{"embeddable":true,"href":"https:\/\/qelizaesthetics.com\/fr\/wp-json\/wp\/v2\/comments?post=4798"}],"wp:featuredmedia":[{"embeddable":true,"href":"https:\/\/qelizaesthetics.com\/fr\/wp-json\/wp\/v2\/media\/4800"}],"wp:attachment":[{"href":"https:\/\/qelizaesthetics.com\/fr\/wp-json\/wp\/v2\/media?parent=4798"}],"wp:term":[{"taxonomy":"product_brand","embeddable":true,"href":"https:\/\/qelizaesthetics.com\/fr\/wp-json\/wp\/v2\/product_brand?post=4798"},{"taxonomy":"product_cat","embeddable":true,"href":"https:\/\/qelizaesthetics.com\/fr\/wp-json\/wp\/v2\/product_cat?post=4798"},{"taxonomy":"product_tag","embeddable":true,"href":"https:\/\/qelizaesthetics.com\/fr\/wp-json\/wp\/v2\/product_tag?post=4798"}],"curies":[{"name":"wp","href":"https:\/\/api.w.org\/{rel}","templated":true}]}}