{"id":4783,"date":"2026-02-11T15:49:11","date_gmt":"2026-02-11T15:49:11","guid":{"rendered":"https:\/\/qelizaesthetics.com\/?post_type=product&#038;p=4783"},"modified":"2026-02-11T15:49:11","modified_gmt":"2026-02-11T15:49:11","slug":"liposomal-b-complex-altrient","status":"publish","type":"product","link":"https:\/\/qelizaesthetics.com\/fr\/produit\/complexe-b-liposomal-altrient\/","title":{"rendered":"Complexe Liposomal B Altrient"},"content":{"rendered":"<h3 data-start=\"794\" data-end=\"863\">Complexe Liposomal B avanc\u00e9 pour l'\u00e9nergie, l'humeur et l'\u00e9quilibre m\u00e9tabolique<\/h3>\n<p data-start=\"865\" data-end=\"1264\">Altrient B combine un <strong data-start=\"887\" data-end=\"922\">spectre complet de vitamines B<\/strong>-dont le folate bioactif Quatrefolic\u00ae avec des min\u00e9raux essentiels <strong data-start=\"987\" data-end=\"1019\">le zinc, le s\u00e9l\u00e9nium et le chrome<\/strong>Tous ces \u00e9l\u00e9ments sont d\u00e9livr\u00e9s par la technologie liposomale brevet\u00e9e d'Altrient. Ce syst\u00e8me encapsule les nutriments dans des nanosph\u00e8res ultra-stables, les prot\u00e9geant de la d\u00e9gradation digestive et les transportant directement dans les cellules pour une biodisponibilit\u00e9 exceptionnelle.<\/p>\n<p data-start=\"1266\" data-end=\"1568\">Les vitamines B sont essentielles pour <strong data-start=\"1296\" data-end=\"1326\">la production d'\u00e9nergie cellulaire<\/strong>Les min\u00e9raux ajout\u00e9s renforcent cet effet en favorisant le m\u00e9tabolisme normal, les performances musculaires et la protection contre le stress oxydatif. Les min\u00e9raux ajout\u00e9s renforcent cet effet en favorisant un m\u00e9tabolisme normal, la performance musculaire et la protection contre le stress oxydatif.<\/p>\n<h3 data-start=\"1570\" data-end=\"1611\">Soutien de l'esprit, des hormones et de la vitalit\u00e9<\/h3>\n<p data-start=\"1613\" data-end=\"1884\">Cette formule aide \u00e0 maintenir <strong data-start=\"1641\" data-end=\"1702\">un fonctionnement sain du syst\u00e8me nerveux et un \u00e9quilibre psychologique<\/strong>. Les vitamines B1, B6, B12, la biotine et le folate contribuent \u00e0 des performances cognitives normales et \u00e0 la r\u00e9gulation de l'humeur, tandis que l'acide pantoth\u00e9nique soutient la r\u00e9sistance mentale pendant les p\u00e9riodes difficiles.<\/p>\n<p data-start=\"1886\" data-end=\"2132\">La vitamine B6 contribue \u00e0 <strong data-start=\"1908\" data-end=\"1931\">r\u00e9gulation hormonale<\/strong>Le zinc et le s\u00e9l\u00e9nium apportent une protection antioxydante suppl\u00e9mentaire importante pour la fertilit\u00e9 et la vitalit\u00e9 en g\u00e9n\u00e9ral. Le zinc et le s\u00e9l\u00e9nium apportent une protection antioxydante suppl\u00e9mentaire importante pour la fertilit\u00e9 et la vitalit\u00e9 g\u00e9n\u00e9rale.<\/p>\n<h3 data-start=\"2134\" data-end=\"2166\">Beaut\u00e9 et \u00e9quilibre glyc\u00e9mique<\/h3>\n<p data-start=\"2168\" data-end=\"2452\">La biotine, la niacine et la riboflavine contribuent au maintien de la sant\u00e9. <strong data-start=\"2213\" data-end=\"2257\">une peau, des cheveux et des muqueuses sains<\/strong>tandis que le zinc contribue \u00e0 la solidit\u00e9 des cheveux et des ongles. Le chrome soutient <strong data-start=\"2335\" data-end=\"2366\">des niveaux normaux de glucose dans le sang<\/strong> et un m\u00e9tabolisme \u00e9quilibr\u00e9 des macronutriments, ce qui contribue \u00e0 r\u00e9duire les baisses d'\u00e9nergie tout au long de la journ\u00e9e.<\/p>\n<h3 data-start=\"2454\" data-end=\"2481\">Formule propre et cibl\u00e9e<\/h3>\n<p data-start=\"2483\" data-end=\"2691\">Altrient B est exempt de sucres, de colorants, de gluten, de produits laitiers, d'ingr\u00e9dients OGM, de levure et de sous-produits animaux. Les sachets \u00e0 usage unique prot\u00e8gent l'int\u00e9grit\u00e9 des liposomes, garantissant une distribution fiable \u00e0 chaque dose.<\/p>\n<h3 data-start=\"2693\" data-end=\"2708\">Comment prendre<\/h3>\n<p data-start=\"2710\" data-end=\"3018\">Prendre <strong data-start=\"2715\" data-end=\"2745\">un sachet par jour avec de la nourriture<\/strong> ou apr\u00e8s une collation l\u00e9g\u00e8re. A presser dans environ <strong data-start=\"2789\" data-end=\"2815\">20 ml d'eau ou de jus<\/strong> et agiter doucement - ne pas remuer ou m\u00e9langer, car les liposomes ne se dissolvent pas comme les poudres. Buvez en une seule fois et attendez <strong data-start=\"2923\" data-end=\"2940\">15-20 minutes<\/strong> avant les boissons chaudes. Les estomacs sensibles peuvent diviser le sachet en deux doses.<\/p>","protected":false},"excerpt":{"rendered":"<p data-start=\"194\" data-end=\"267\"><strong data-start=\"194\" data-end=\"267\">Altrient B Complex - Vitamine B liposomale + min\u00e9raux avec Quatrefolic\u00ae.<\/strong><\/p>\n<p data-start=\"269\" data-end=\"745\">Un spectre complet de vitamines B, y compris les vitamines brevet\u00e9es <strong data-start=\"318\" data-end=\"334\">Quatrefolic\u00ae<\/strong>, plus <strong data-start=\"341\" data-end=\"370\">250 mg de phosphatidylcholine<\/strong>Le zinc, le s\u00e9l\u00e9nium et le chrome sont fournis par une technologie liposomale avanc\u00e9e pour une meilleure absorption. Favorise la production d'\u00e9nergie, le fonctionnement du syst\u00e8me nerveux, l'\u00e9quilibre hormonal, la sant\u00e9 de la peau et des cheveux et la stabilit\u00e9 de la glyc\u00e9mie. V\u00e9g\u00e9talien, sans sucres, gluten, produits laitiers, ingr\u00e9dients OGM et additifs artificiels. Les sachets individuels garantissent une stabilit\u00e9 optimale des liposomes et une puissance constante.<\/p>","protected":false},"featured_media":4785,"comment_status":"open","ping_status":"closed","template":"","meta":[],"product_brand":[],"product_cat":[29],"product_tag":[],"class_list":{"0":"post-4783","1":"product","2":"type-product","3":"status-publish","4":"has-post-thumbnail","6":"product_cat-supplements","8":"first","9":"instock","10":"shipping-taxable","11":"purchasable","12":"product-type-simple"},"_links":{"self":[{"href":"https:\/\/qelizaesthetics.com\/fr\/wp-json\/wp\/v2\/product\/4783","targetHints":{"allow":["GET"]}}],"collection":[{"href":"https:\/\/qelizaesthetics.com\/fr\/wp-json\/wp\/v2\/product"}],"about":[{"href":"https:\/\/qelizaesthetics.com\/fr\/wp-json\/wp\/v2\/types\/product"}],"replies":[{"embeddable":true,"href":"https:\/\/qelizaesthetics.com\/fr\/wp-json\/wp\/v2\/comments?post=4783"}],"wp:featuredmedia":[{"embeddable":true,"href":"https:\/\/qelizaesthetics.com\/fr\/wp-json\/wp\/v2\/media\/4785"}],"wp:attachment":[{"href":"https:\/\/qelizaesthetics.com\/fr\/wp-json\/wp\/v2\/media?parent=4783"}],"wp:term":[{"taxonomy":"product_brand","embeddable":true,"href":"https:\/\/qelizaesthetics.com\/fr\/wp-json\/wp\/v2\/product_brand?post=4783"},{"taxonomy":"product_cat","embeddable":true,"href":"https:\/\/qelizaesthetics.com\/fr\/wp-json\/wp\/v2\/product_cat?post=4783"},{"taxonomy":"product_tag","embeddable":true,"href":"https:\/\/qelizaesthetics.com\/fr\/wp-json\/wp\/v2\/product_tag?post=4783"}],"curies":[{"name":"wp","href":"https:\/\/api.w.org\/{rel}","templated":true}]}}