{"id":4773,"date":"2026-02-11T15:43:27","date_gmt":"2026-02-11T15:43:27","guid":{"rendered":"https:\/\/qelizaesthetics.com\/?post_type=product&#038;p=4773"},"modified":"2026-02-11T15:43:27","modified_gmt":"2026-02-11T15:43:27","slug":"liposomal-glutathione-altrient","status":"publish","type":"product","link":"https:\/\/qelizaesthetics.com\/fr\/produit\/alterant-liposomal-du-glutathion\/","title":{"rendered":"Altrient de glutathion liposomal"},"content":{"rendered":"<h3 data-start=\"659\" data-end=\"717\">Glutathion liposomal avanc\u00e9 pour la protection cellulaire<\/h3>\n<p data-start=\"719\" data-end=\"1059\">Altrient Glutathione fournit <strong data-start=\"749\" data-end=\"855\">450 mg de Setria\u00ae - une forme brevet\u00e9e et tr\u00e8s stable de glutathion - combin\u00e9e \u00e0 500 mg de phosphatidylcholine<\/strong> dans un format liposomal de pointe. Cette technologie encapsule le glutathion dans des nanosph\u00e8res ultra-stables qui le prot\u00e8gent de la d\u00e9gradation digestive et le transportent directement vers les cellules qui en ont le plus besoin.<\/p>\n<p data-start=\"1061\" data-end=\"1397\">Le glutathion est le principal antioxydant de l'organisme. Il est naturellement produit par le foie et est essentiel pour <strong data-start=\"1157\" data-end=\"1232\">d\u00e9toxification, soutien immunitaire et protection contre le stress oxydatif<\/strong>. En aidant \u00e0 recycler les vitamines C et E dans leurs formes actives, il renforce le r\u00e9seau antioxydant interne de l'organisme et favorise une fonction cellulaire saine.<\/p>\n<h3 data-start=\"1399\" data-end=\"1439\">Beaut\u00e9, d\u00e9tox et antioxydants<\/h3>\n<p data-start=\"1441\" data-end=\"1764\">La recherche clinique a montr\u00e9 que le glutathion liposomal peut contribuer \u00e0 <strong data-start=\"1514\" data-end=\"1547\">un teint plus clair et plus uniforme<\/strong>Il contribue \u00e0 r\u00e9duire l'hyperpigmentation et les rougeurs au fil du temps. Il joue \u00e9galement un r\u00f4le central dans les voies de nettoyage naturel du foie, favorisant la r\u00e9sistance quotidienne aux facteurs de stress environnementaux, \u00e0 la fatigue et au vieillissement.<\/p>\n<h3 data-start=\"1766\" data-end=\"1792\">Formule \u00e9pur\u00e9e et minimale<\/h3>\n<p data-start=\"1794\" data-end=\"2059\">Altrient Glutathione est compos\u00e9 de <strong data-start=\"1828\" data-end=\"1853\">cinq ingr\u00e9dients seulement<\/strong> et ne contient pas de sucres, d'\u00e9dulcorants, de colorants, d'ar\u00f4mes, de gluten, de produits laitiers, de fruits \u00e0 coque, d'ingr\u00e9dients OGM ou de sous-produits animaux. Les sachets \u00e0 usage unique garantissent une stabilit\u00e9 optimale des liposomes et un dosage pr\u00e9cis \u00e0 chaque fois.<\/p>\n<h3 data-start=\"2061\" data-end=\"2076\">Comment prendre<\/h3>\n<p data-start=\"2078\" data-end=\"2372\">Prendre <strong data-start=\"2083\" data-end=\"2123\">un sachet par jour \u00e0 jeun<\/strong>de pr\u00e9f\u00e9rence le matin. Pressez le gel dans une petite quantit\u00e9 (environ 20 ml) d'eau ou de jus de fruit et faites tourner doucement - ne remuez pas et ne m\u00e9langez pas, car les liposomes ne se dissolvent pas comme les poudres. Boire en une seule fois et attendre 15 \u00e0 20 minutes avant de consommer des boissons chaudes.<\/p>","protected":false},"excerpt":{"rendered":"<p data-start=\"109\" data-end=\"170\"><strong data-start=\"109\" data-end=\"170\">Altrient Glutathione - Glutathion liposomal avec Setria\u00ae.<\/strong><\/p>\n<p data-start=\"172\" data-end=\"610\">450 mg de Setria\u00ae glutathione avec 500 mg de phosphatidylcholine par sachet, d\u00e9livr\u00e9s par une technologie liposomale brevet\u00e9e pour une absorption sup\u00e9rieure. Favorise la d\u00e9fense cellulaire, la fonction h\u00e9patique, l'\u00e9quilibre immunitaire et un teint plus \u00e9clatant. Non aromatis\u00e9, non sucr\u00e9, v\u00e9g\u00e9talien et compos\u00e9 de seulement 5 ingr\u00e9dients propres. Exempt de sucres, de gluten, de produits laitiers, d'ingr\u00e9dients OGM et d'additifs artificiels. Les sachets individuels pr\u00e9servent la stabilit\u00e9 des liposomes pour une efficacit\u00e9 constante.<\/p>","protected":false},"featured_media":4775,"comment_status":"open","ping_status":"closed","template":"","meta":[],"product_brand":[],"product_cat":[29],"product_tag":[],"class_list":{"0":"post-4773","1":"product","2":"type-product","3":"status-publish","4":"has-post-thumbnail","6":"product_cat-supplements","8":"first","9":"instock","10":"shipping-taxable","11":"purchasable","12":"product-type-simple"},"_links":{"self":[{"href":"https:\/\/qelizaesthetics.com\/fr\/wp-json\/wp\/v2\/product\/4773","targetHints":{"allow":["GET"]}}],"collection":[{"href":"https:\/\/qelizaesthetics.com\/fr\/wp-json\/wp\/v2\/product"}],"about":[{"href":"https:\/\/qelizaesthetics.com\/fr\/wp-json\/wp\/v2\/types\/product"}],"replies":[{"embeddable":true,"href":"https:\/\/qelizaesthetics.com\/fr\/wp-json\/wp\/v2\/comments?post=4773"}],"wp:featuredmedia":[{"embeddable":true,"href":"https:\/\/qelizaesthetics.com\/fr\/wp-json\/wp\/v2\/media\/4775"}],"wp:attachment":[{"href":"https:\/\/qelizaesthetics.com\/fr\/wp-json\/wp\/v2\/media?parent=4773"}],"wp:term":[{"taxonomy":"product_brand","embeddable":true,"href":"https:\/\/qelizaesthetics.com\/fr\/wp-json\/wp\/v2\/product_brand?post=4773"},{"taxonomy":"product_cat","embeddable":true,"href":"https:\/\/qelizaesthetics.com\/fr\/wp-json\/wp\/v2\/product_cat?post=4773"},{"taxonomy":"product_tag","embeddable":true,"href":"https:\/\/qelizaesthetics.com\/fr\/wp-json\/wp\/v2\/product_tag?post=4773"}],"curies":[{"name":"wp","href":"https:\/\/api.w.org\/{rel}","templated":true}]}}