{"id":4554,"date":"2025-09-03T08:56:09","date_gmt":"2025-09-03T08:56:09","guid":{"rendered":"https:\/\/qelizaesthetics.com\/?post_type=product&#038;p=4554"},"modified":"2025-09-03T08:56:09","modified_gmt":"2025-09-03T08:56:09","slug":"bio-c-peptide-spray","status":"publish","type":"product","link":"https:\/\/qelizaesthetics.com\/fr\/produit\/bio-c-peptide-spray\/","title":{"rendered":"BIO-C Peptide Spray"},"content":{"rendered":"<h2 class=\"image-with-text__heading inline-richtext h2\">Rafra\u00eechir et prot\u00e9ger \u00e0 chaque brumisation<\/h2>\n<div class=\"border-section rte\">\n  <strong>Hydratation et tonification<\/strong><br \/>\n  Rafra\u00eechit, hydrate et \u00e9quilibre instantan\u00e9ment le pH de la peau pour un \u00e9clat sain et radieux.\n<\/div>\n<div class=\"border-section rte\">\n  <strong>Protection contre la lumi\u00e8re bleue et les UV<\/strong><br \/>\n  Prot\u00e8ge la peau contre le photovieillissement num\u00e9rique et solaire, contribuant ainsi \u00e0 pr\u00e9server la jeunesse de la peau.\n<\/div>\n<div class=\"border-section rte\">\n  <strong>Formule antioxydante puissante<\/strong><br \/>\n  Infus\u00e9 de phosphate d'ascorbyle de magn\u00e9sium (vitamine C), de peptides, d'algues marines hawa\u00efennes et d'ingr\u00e9dients botaniques stimulant l'\u00e9nergie pour lutter contre le stress oxydatif.\n<\/div>\n<div class=\"border-section rte\">\n  <strong>Pour qui ?<\/strong><br \/>\n  Parfait pour tous ceux qui recherchent une hydratation rafra\u00eechissante avec une protection environnementale suppl\u00e9mentaire.\n<\/div>\n<div class=\"border-section rte\">\n  <strong>Comment l'utiliser<\/strong><br \/>\n  <em>A tout moment Rafra\u00eechissement :<\/em> Vaporiser tout au long de la journ\u00e9e, m\u00eame sur le maquillage.<br \/>\n  <em>Matin et soir :<\/em> Apr\u00e8s le nettoyage, vaporiser pour pr\u00e9parer et hydrater avant les s\u00e9rums ou les cr\u00e8mes.<br \/>\n  <em>Post-exposition :<\/em> Utiliser apr\u00e8s le soleil ou l'\u00e9cran pour apaiser et prot\u00e9ger contre les effets du photovieillissement.\n<\/div>","protected":false},"excerpt":{"rendered":"<p><strong>BIO-C PEPTIDE SPRAY - Brume peptidique hydratante et tonifiante<\/strong><br \/>\nHydratation et tonicit\u00e9 - Protection contre la lumi\u00e8re bleue et les UV - Formule antioxydante puissante<\/p>\n<div class=\"stats\">\n<div class=\"metric\">\n<div class=\"circle-chart\">\n<div class=\"percentage\">\n<h2 class=\"center\">Ce qu'il vise<\/h2>\n<div class=\"stats\">\n<div class=\"metric\">\n<div class=\"circle-chart\">\n<div class=\"percentage\">100% Hydratation<\/div>\n<\/p><\/div>\n<\/p><\/div>\n<div class=\"metric\">\n<div class=\"circle-chart\">\n<div class=\"percentage\">95% Protection contre la lumi\u00e8re bleue<\/div>\n<\/p><\/div>\n<\/p><\/div>\n<div class=\"metric\">\n<div class=\"circle-chart\">\n<div class=\"percentage\">90% UV Defense<\/div>\n<\/p><\/div>\n<\/p><\/div>\n<div class=\"metric\">\n<div class=\"circle-chart\">\n<div class=\"percentage\">85% Pouvoir antioxydant<\/div>\n<\/p><\/div>\n<\/p><\/div>\n<div class=\"metric\">\n<div class=\"circle-chart\">\n<div class=\"percentage\">80% Radiance<\/div>\n<\/p><\/div>\n<\/p><\/div>\n<div class=\"metric\">\n<div class=\"circle-chart\">\n<div class=\"percentage\">95% Rafra\u00eechissement<\/div>\n<\/p><\/div>\n<\/p><\/div>\n<\/p><\/div>\n<\/p><\/div>\n<\/p><\/div>\n<\/p><\/div>\n<\/div>","protected":false},"featured_media":4556,"comment_status":"open","ping_status":"closed","template":"","meta":[],"product_brand":[],"product_cat":[25,34],"product_tag":[],"class_list":{"0":"post-4554","1":"product","2":"type-product","3":"status-publish","4":"has-post-thumbnail","6":"product_cat-young-goose","7":"product_cat-skincare","9":"first","10":"instock","11":"shipping-taxable","12":"purchasable","13":"product-type-simple"},"_links":{"self":[{"href":"https:\/\/qelizaesthetics.com\/fr\/wp-json\/wp\/v2\/product\/4554","targetHints":{"allow":["GET"]}}],"collection":[{"href":"https:\/\/qelizaesthetics.com\/fr\/wp-json\/wp\/v2\/product"}],"about":[{"href":"https:\/\/qelizaesthetics.com\/fr\/wp-json\/wp\/v2\/types\/product"}],"replies":[{"embeddable":true,"href":"https:\/\/qelizaesthetics.com\/fr\/wp-json\/wp\/v2\/comments?post=4554"}],"wp:featuredmedia":[{"embeddable":true,"href":"https:\/\/qelizaesthetics.com\/fr\/wp-json\/wp\/v2\/media\/4556"}],"wp:attachment":[{"href":"https:\/\/qelizaesthetics.com\/fr\/wp-json\/wp\/v2\/media?parent=4554"}],"wp:term":[{"taxonomy":"product_brand","embeddable":true,"href":"https:\/\/qelizaesthetics.com\/fr\/wp-json\/wp\/v2\/product_brand?post=4554"},{"taxonomy":"product_cat","embeddable":true,"href":"https:\/\/qelizaesthetics.com\/fr\/wp-json\/wp\/v2\/product_cat?post=4554"},{"taxonomy":"product_tag","embeddable":true,"href":"https:\/\/qelizaesthetics.com\/fr\/wp-json\/wp\/v2\/product_tag?post=4554"}],"curies":[{"name":"wp","href":"https:\/\/api.w.org\/{rel}","templated":true}]}}