{"id":4535,"date":"2025-09-02T15:22:23","date_gmt":"2025-09-02T15:22:23","guid":{"rendered":"https:\/\/qelizaesthetics.com\/?post_type=product&#038;p=4535"},"modified":"2025-09-02T15:39:39","modified_gmt":"2025-09-02T15:39:39","slug":"youth-firming-body-cream","status":"publish","type":"product","link":"https:\/\/qelizaesthetics.com\/fr\/produit\/creme-corporelle-raffermissante-pour-la-jeunesse\/","title":{"rendered":"Cr\u00e8me corporelle jeunesse raffermissante"},"content":{"rendered":"<h2 class=\"image-with-text__heading inline-richtext h2\">NAD+ Powered Body Renewal<\/h2>\n<div class=\"border-section rte\">\n  <strong>Des entreprises visibles<\/strong><br \/>\n  D\u00e8s la premi\u00e8re application, les syst\u00e8mes \u00e9nerg\u00e9tiques cellulaires et les voies de renouvellement sont activ\u00e9s pour une peau corporelle plus ferme et plus tonique.\n<\/div>\n<div class=\"border-section rte\">\n  <strong>Am\u00e9liore l'hydratation<\/strong><br \/>\n  Sa texture velout\u00e9e \u00e0 absorption rapide hydrate en profondeur sans laisser de r\u00e9sidus, laissant la peau souple, lisse et rafra\u00eechie.\n<\/div>\n<div class=\"border-section rte\">\n  <strong>Favorise la long\u00e9vit\u00e9 cellulaire<\/strong><br \/>\n  Le NAD+ Apex\u2122 Complex, la CelVio\u2122 Spermidine, les LipoPeptides, l'Ergothion\u00e9ine et les champignons de long\u00e9vit\u00e9 alimentent les syst\u00e8mes de r\u00e9paration, stimulant le collag\u00e8ne et l'\u00e9lastine pour une peau jeune et durable.\n<\/div>\n<div class=\"border-section rte\">\n  <strong>Pour qui ?<\/strong><br \/>\n  Id\u00e9al pour tous ceux qui recherchent un raffermissement et un renouvellement visibles de la peau rel\u00e2ch\u00e9e ou frip\u00e9e du corps - parfait pour les bras, les cuisses, la poitrine, les genoux, les mains et le d\u00e9collet\u00e9.\n<\/div>\n<div class=\"border-section rte\">\n  <strong>Comment l'utiliser<\/strong><br \/>\n  <em>Prendre un nouveau d\u00e9part :<\/em> Appliquer g\u00e9n\u00e9reusement sur une peau propre et s\u00e8che.<br \/>\n  <em>Activer et absorber :<\/em> Masser en mouvements circulaires jusqu'\u00e0 absorption compl\u00e8te.<br \/>\n  <em>S'engager \u00e0 \u00eatre coh\u00e9rent :<\/em> Utiliser matin et soir pour un r\u00e9sultat optimal.<br \/>\n  <em>Cibler avec intention :<\/em> Concentrez-vous sur les zones qui ont besoin d'une am\u00e9lioration de la texture et d'un apport suppl\u00e9mentaire de nutriments.\n<\/div>","protected":false},"excerpt":{"rendered":"<p><strong>Youth Firming Body Cream - NAD+ Powered Body Renewal<\/strong><br \/>\nRaffermit visiblement - Am\u00e9liore l'hydratation - Favorise la long\u00e9vit\u00e9 cellulaire<\/p>\n<div class=\"stats\">\n<div class=\"metric\">\n<div class=\"circle-chart\">\n<div class=\"percentage\">\n<h2 class=\"center\">Ce qu'il vise<\/h2>\n<div class=\"stats\">\n<div class=\"metric\">\n<div class=\"circle-chart\">\n<div class=\"percentage\">100% Fermet\u00e9<\/div>\n<\/p><\/div>\n<\/p><\/div>\n<div class=\"metric\">\n<div class=\"circle-chart\">\n<div class=\"percentage\">95% Hydratation<\/div>\n<\/p><\/div>\n<\/p><\/div>\n<div class=\"metric\">\n<div class=\"circle-chart\">\n<div class=\"percentage\">90% Long\u00e9vit\u00e9 cellulaire<\/div>\n<\/p><\/div>\n<\/p><\/div>\n<div class=\"metric\">\n<div class=\"circle-chart\">\n<div class=\"percentage\">85% Collag\u00e8ne &amp; Elastine Boost<\/div>\n<\/p><\/div>\n<\/p><\/div>\n<div class=\"metric\">\n<div class=\"circle-chart\">\n<div class=\"percentage\">80% Affinage des textures<\/div>\n<\/p><\/div>\n<\/p><\/div>\n<div class=\"metric\">\n<div class=\"circle-chart\">\n<div class=\"percentage\">95% Lisse<\/div>\n<\/p><\/div>\n<\/p><\/div>\n<\/p><\/div>\n<\/p><\/div>\n<\/p><\/div>\n<\/p><\/div>\n<\/div>","protected":false},"featured_media":4537,"comment_status":"open","ping_status":"closed","template":"","meta":[],"product_brand":[],"product_cat":[25,34],"product_tag":[],"class_list":{"0":"post-4535","1":"product","2":"type-product","3":"status-publish","4":"has-post-thumbnail","6":"product_cat-young-goose","7":"product_cat-skincare","9":"first","10":"instock","11":"shipping-taxable","12":"purchasable","13":"product-type-simple"},"_links":{"self":[{"href":"https:\/\/qelizaesthetics.com\/fr\/wp-json\/wp\/v2\/product\/4535","targetHints":{"allow":["GET"]}}],"collection":[{"href":"https:\/\/qelizaesthetics.com\/fr\/wp-json\/wp\/v2\/product"}],"about":[{"href":"https:\/\/qelizaesthetics.com\/fr\/wp-json\/wp\/v2\/types\/product"}],"replies":[{"embeddable":true,"href":"https:\/\/qelizaesthetics.com\/fr\/wp-json\/wp\/v2\/comments?post=4535"}],"wp:featuredmedia":[{"embeddable":true,"href":"https:\/\/qelizaesthetics.com\/fr\/wp-json\/wp\/v2\/media\/4537"}],"wp:attachment":[{"href":"https:\/\/qelizaesthetics.com\/fr\/wp-json\/wp\/v2\/media?parent=4535"}],"wp:term":[{"taxonomy":"product_brand","embeddable":true,"href":"https:\/\/qelizaesthetics.com\/fr\/wp-json\/wp\/v2\/product_brand?post=4535"},{"taxonomy":"product_cat","embeddable":true,"href":"https:\/\/qelizaesthetics.com\/fr\/wp-json\/wp\/v2\/product_cat?post=4535"},{"taxonomy":"product_tag","embeddable":true,"href":"https:\/\/qelizaesthetics.com\/fr\/wp-json\/wp\/v2\/product_tag?post=4535"}],"curies":[{"name":"wp","href":"https:\/\/api.w.org\/{rel}","templated":true}]}}