{"id":4096,"date":"2025-07-09T14:22:58","date_gmt":"2025-07-09T14:22:58","guid":{"rendered":"https:\/\/qelizaesthetics.com\/?post_type=product&#038;p=4096"},"modified":"2025-09-02T15:46:20","modified_gmt":"2025-09-02T15:46:20","slug":"radiantly-body-cream","status":"publish","type":"product","link":"https:\/\/qelizaesthetics.com\/fr\/produit\/creme-corps-radieuse\/","title":{"rendered":"Cr\u00e8me pour le corps Radiantly"},"content":{"rendered":"<p>Lotion pour le corps destin\u00e9e \u00e0 am\u00e9liorer l'int\u00e9grit\u00e9 et l'apparence du teint et de la texture de la peau. Produit des r\u00e9sultats rapides et \u00e0 long terme. Renouvelle la peau gr\u00e2ce \u00e0 une hydratation et un raffermissement ultimes. Les c\u00e9ramides augmentent l'hydratation de la peau et ont un effet lissant et repulpant. La caf\u00e9ine contribue \u00e0 rendre la surface de la peau plus lisse, plus ferme et moins bossel\u00e9e. Riche en antioxydants avanc\u00e9s pour aider la peau \u00e0 se prot\u00e9ger. Les sources v\u00e9g\u00e9tales naturelles stimulent le renouvellement de la peau. R\u00e9duit l'apparence des rides et ridules. B\u00e9n\u00e9fique pour tous les types de peau, mais particuli\u00e8rement pour ceux qui ont des probl\u00e8mes de vieillissement.<\/p>\n<p><strong>Directions :<\/strong>\u00a0Appliquer sur le corps. Peut \u00eatre utilis\u00e9 1 \u00e0 2 fois par jour.<\/p>\n<p><strong>Type de peau :<\/strong>\u00a0Convient \u00e0 tous les types de peau.<\/p>\n<p><strong>Taille :<\/strong>\u00a08oz<\/p>\n<p><strong>Avantages :<\/strong><\/p>\n<ul>\n<li>Nourrit et hydrate la peau<\/li>\n<li>Les c\u00e9ramides augmentent l'hydratation de la peau et ont un effet lissant et repulpant.<\/li>\n<li>La caf\u00e9ine contribue \u00e0 rendre la surface de la peau plus lisse, plus ferme et moins bossel\u00e9e.<\/li>\n<li>Riche en antioxydants avanc\u00e9s pour contribuer \u00e0 la protection de la peau.<\/li>\n<li>Les sources naturelles de plantes stimulent le renouvellement de la peau.<\/li>\n<\/ul>\n<ul>\n<li>R\u00e9duit l'apparence des rides et ridules<\/li>\n<\/ul>\n<p><strong>Ingr\u00e9dients :<\/strong>\u00a0Eau DI, Lauryl Lactate, Ethyl Macadamiate, Cocoglyc\u00e9rides, Acide St\u00e9arique, Alcool Cetearyl, Glyc\u00e9rine, Glyceryl Stearate SE, Propanediol, Theobroma Cacao (Cocoa) Seed Butter, Phospholipides, Tocopheryl Linoleate, Acide Hyaluronique, Phenylethyl Resorcinol, Acide Hydroxy-Phenoxy Propionic, Cholecalciferol, Caf\u00e9ine, Retinyl Linoleate, Sodium Hyaluronate, Ascorbyl Linoleate, Ceramide NP, Myristoyl Nonapeptide-3, Ceramide AP, Ceramide EOP, Phytosphinogosine, Citrus Aurantium Bergamia (Bergamote) Peel Oil, Lavandula Hybrida Oil, Lavandula Angustifolia (Lavande) Oil, Extrait de plancton, Dimethicone, Glyceryl Stearate Citrate, Hydroxyethyl Cellulose, Disodium EDTA, Cholestrol, Sodium Lauroyl Lactylate, Carbomer, 1-2 Hexanediol, Xanthan Gum, Caprylyl Glycol.<\/p>","protected":false},"excerpt":{"rendered":"<p>Lotion pour le corps destin\u00e9e \u00e0 am\u00e9liorer l'int\u00e9grit\u00e9 et l'apparence du teint et de la texture de la peau. Produit des r\u00e9sultats rapides et \u00e0 long terme. Renouvelle la peau gr\u00e2ce \u00e0 une hydratation et un raffermissement ultimes. Les c\u00e9ramides augmentent l'hydratation de la peau et ont un effet lissant et repulpant. La caf\u00e9ine contribue \u00e0 rendre la surface de la peau plus lisse, plus ferme et moins bossel\u00e9e. Riche en antioxydants avanc\u00e9s pour aider [...]<\/p>","protected":false},"featured_media":4098,"comment_status":"open","ping_status":"closed","template":"","meta":[],"product_brand":[],"product_cat":[30,34],"product_tag":[],"class_list":{"0":"post-4096","1":"product","2":"type-product","3":"status-publish","4":"has-post-thumbnail","6":"product_cat-societe","7":"product_cat-skincare","9":"first","10":"instock","11":"shipping-taxable","12":"purchasable","13":"product-type-simple"},"_links":{"self":[{"href":"https:\/\/qelizaesthetics.com\/fr\/wp-json\/wp\/v2\/product\/4096","targetHints":{"allow":["GET"]}}],"collection":[{"href":"https:\/\/qelizaesthetics.com\/fr\/wp-json\/wp\/v2\/product"}],"about":[{"href":"https:\/\/qelizaesthetics.com\/fr\/wp-json\/wp\/v2\/types\/product"}],"replies":[{"embeddable":true,"href":"https:\/\/qelizaesthetics.com\/fr\/wp-json\/wp\/v2\/comments?post=4096"}],"wp:featuredmedia":[{"embeddable":true,"href":"https:\/\/qelizaesthetics.com\/fr\/wp-json\/wp\/v2\/media\/4098"}],"wp:attachment":[{"href":"https:\/\/qelizaesthetics.com\/fr\/wp-json\/wp\/v2\/media?parent=4096"}],"wp:term":[{"taxonomy":"product_brand","embeddable":true,"href":"https:\/\/qelizaesthetics.com\/fr\/wp-json\/wp\/v2\/product_brand?post=4096"},{"taxonomy":"product_cat","embeddable":true,"href":"https:\/\/qelizaesthetics.com\/fr\/wp-json\/wp\/v2\/product_cat?post=4096"},{"taxonomy":"product_tag","embeddable":true,"href":"https:\/\/qelizaesthetics.com\/fr\/wp-json\/wp\/v2\/product_tag?post=4096"}],"curies":[{"name":"wp","href":"https:\/\/api.w.org\/{rel}","templated":true}]}}