{"id":4093,"date":"2025-07-09T13:07:52","date_gmt":"2025-07-09T13:07:52","guid":{"rendered":"https:\/\/qelizaesthetics.com\/?post_type=product&#038;p=4093"},"modified":"2025-09-02T15:46:29","modified_gmt":"2025-09-02T15:46:29","slug":"societe-covershield-spf-27","status":"publish","type":"product","link":"https:\/\/qelizaesthetics.com\/fr\/produit\/societe-covershield-spf-27\/","title":{"rendered":"Societe Covershield SPF 27"},"content":{"rendered":"<p><strong>Un hydratant SPF ultra-cr\u00e9meux qui offre une protection \u00e0 spectre complet avec un \u00e9cran solaire physique SPF 27 qui prot\u00e8ge et lisse la peau. Excellent pour les peaux sensibles, r\u00e9actives, rosac\u00e9es et acn\u00e9iques, ainsi que pour les patients ayant subi un traitement au laser, un peeling ou une intervention chirurgicale.\u00a0<\/strong><\/p>\n<p>&nbsp;<\/p>\n<p><strong>Directions :<br \/>\n<\/strong>Appliquer apr\u00e8s le nettoyage, la solution de pr\u00e9paration et le traitement quotidien. Utiliser au besoin pour une hydratation suppl\u00e9mentaire.<\/p>\n<p><strong>Type de peau :<\/strong>\u00a0Convient \u00e0 tous les types de peau.<\/p>\n<p><strong>pH :<\/strong>\u00a0Neutre<\/p>\n<p><strong>Taille :<\/strong>\u00a02,1 oz<\/p>\n<p><strong>Avantages :<\/strong><\/p>\n<ul>\n<li>Large spectre UVA\/UVB<\/li>\n<li>Lutte et protection contre les radicaux libres<\/li>\n<li>Protection efficace de l'environnement<\/li>\n<li>Emp\u00eache les polluants de p\u00e9n\u00e9trer dans l'environnement<\/li>\n<li>L\u00e9g\u00e8rement teint\u00e9\/s\u00e9ch\u00e9 clair<\/li>\n<li>Hydratant, non irritant et lissant pour la peau<\/li>\n<\/ul>\n<p><strong>Ingr\u00e9dients :\u00a0<\/strong>Dioxyde de titane, oxyde de zinc, eau, cyclopentasiloxane, cyclom\u00e9thicone, polym\u00e8re crois\u00e9 de dim\u00e9thicone, caprylyl m\u00e9thicone, butyl\u00e8ne glycol, glyc\u00e9rine, m\u00e9thicone, dim\u00e9thicone, alcool c\u00e9tylique, polym\u00e8re crois\u00e9 de dim\u00e9thicone\/vinyl dim\u00e9thicone, st\u00e9arate de glyc\u00e9ryle, st\u00e9arate de PEG-75, ceteth-20, Tocopheryl Linoleate\/Oleate, Myristoyl Pentapeptide-17, Myristoyl Nonapeptide-3, Ascorbyl Linoleate, Oxydes de fer, Acide polyhydroxyst\u00e9arique, Acrylates\/C10-30 Alkyl Acrylate Crosspolymer, Sodium Hyaluronate, Camellia Sinensis Leaf Extract, Silica, Steareth-20, Phenoxyethanol, Ethylhexylglycerin<\/p>","protected":false},"excerpt":{"rendered":"<p>Un hydratant SPF ultra-cr\u00e9meux qui offre une protection \u00e0 spectre complet avec un \u00e9cran solaire physique SPF 27 qui prot\u00e8ge et lisse la peau. Excellent pour les peaux sensibles, r\u00e9actives, rosac\u00e9es et acn\u00e9iques, ainsi que pour les patients ayant subi un traitement au laser, un peeling ou une intervention chirurgicale.    Mode d'emploi : Appliquer apr\u00e8s le nettoyage, la solution de pr\u00e9paration et le traitement quotidien. Utiliser au besoin pour une hydratation suppl\u00e9mentaire. La peau [...]<\/p>","protected":false},"featured_media":4095,"comment_status":"open","ping_status":"closed","template":"","meta":[],"product_brand":[],"product_cat":[30,34],"product_tag":[],"class_list":{"0":"post-4093","1":"product","2":"type-product","3":"status-publish","4":"has-post-thumbnail","6":"product_cat-societe","7":"product_cat-skincare","9":"first","10":"instock","11":"shipping-taxable","12":"purchasable","13":"product-type-simple"},"_links":{"self":[{"href":"https:\/\/qelizaesthetics.com\/fr\/wp-json\/wp\/v2\/product\/4093","targetHints":{"allow":["GET"]}}],"collection":[{"href":"https:\/\/qelizaesthetics.com\/fr\/wp-json\/wp\/v2\/product"}],"about":[{"href":"https:\/\/qelizaesthetics.com\/fr\/wp-json\/wp\/v2\/types\/product"}],"replies":[{"embeddable":true,"href":"https:\/\/qelizaesthetics.com\/fr\/wp-json\/wp\/v2\/comments?post=4093"}],"wp:featuredmedia":[{"embeddable":true,"href":"https:\/\/qelizaesthetics.com\/fr\/wp-json\/wp\/v2\/media\/4095"}],"wp:attachment":[{"href":"https:\/\/qelizaesthetics.com\/fr\/wp-json\/wp\/v2\/media?parent=4093"}],"wp:term":[{"taxonomy":"product_brand","embeddable":true,"href":"https:\/\/qelizaesthetics.com\/fr\/wp-json\/wp\/v2\/product_brand?post=4093"},{"taxonomy":"product_cat","embeddable":true,"href":"https:\/\/qelizaesthetics.com\/fr\/wp-json\/wp\/v2\/product_cat?post=4093"},{"taxonomy":"product_tag","embeddable":true,"href":"https:\/\/qelizaesthetics.com\/fr\/wp-json\/wp\/v2\/product_tag?post=4093"}],"curies":[{"name":"wp","href":"https:\/\/api.w.org\/{rel}","templated":true}]}}