{"id":4090,"date":"2025-07-09T13:05:45","date_gmt":"2025-07-09T13:05:45","guid":{"rendered":"https:\/\/qelizaesthetics.com\/?post_type=product&#038;p=4090"},"modified":"2025-09-02T15:46:38","modified_gmt":"2025-09-02T15:46:38","slug":"societe-prime-defend-spf-30","status":"publish","type":"product","link":"https:\/\/qelizaesthetics.com\/fr\/produit\/societe-prime-defend-spf-30\/","title":{"rendered":"Societe Prime &amp; Defend (SPF 30)"},"content":{"rendered":"<p><strong>Primaire pour la peau et le maquillage, r\u00e9sistant \u00e0 l'eau, avec un \u00e9cran solaire physique SPF30 qui prot\u00e8ge et lisse la peau. Formule non com\u00e9dog\u00e8ne, non grasse et non collante qui forme une barri\u00e8re respirante sur la peau et pr\u00e9vient les irritations cutan\u00e9es. Excellent pour les peaux sensibles, r\u00e9actives, rosac\u00e9es et acn\u00e9iques, ainsi que pour les patients ayant subi un traitement au laser, un peeling ou une intervention chirurgicale. Les extraordinaires bienfaits du th\u00e9 vert comprennent des propri\u00e9t\u00e9s antioxydantes, antibact\u00e9riennes et antivirales, ainsi qu'une protection contre les rayons ultraviolets.<\/strong><\/p>\n<p>&nbsp;<\/p>\n<p class=\"p1\"><strong>Directions :<\/strong>\u00a0Appliquer uniform\u00e9ment en dernier lieu le matin avant le maquillage, l'exposition au soleil et selon les besoins d'hydratation. Renouveler l'application si n\u00e9cessaire apr\u00e8s le s\u00e9chage \u00e0 la serviette, la baignade ou la transpiration.<\/p>\n<p><strong>Type de peau :\u00a0<\/strong>Convient \u00e0 tous les types de peau. Excellent pour les peaux sensibles, r\u00e9actives, rosac\u00e9es et acn\u00e9iques. \u00c9galement apr\u00e8s un traitement au laser, un peeling ou une intervention chirurgicale.<\/p>\n<p><strong>pH :\u00a0<\/strong>Neutre<\/p>\n<p class=\"p1\"><strong>Taille :<\/strong>\u00a01,7oz, 8oz<\/p>\n<p class=\"p1\"><strong>Avantages :<\/strong><\/p>\n<ul>\n<li>Large spectre UVA\/UVB<\/li>\n<li>Lutte et protection contre les radicaux libres<\/li>\n<li>Protection efficace de l'environnement<\/li>\n<li>Emp\u00eache les polluants de p\u00e9n\u00e9trer dans l'environnement<\/li>\n<li>Non irritant<\/li>\n<li>Sans huile - n'obstrue pas les pores<\/li>\n<li>Excellente base de maquillage \/ Am\u00e9liore le maquillage<\/li>\n<li>Lissage de la peau - uniformisation de l'apparence du teint<\/li>\n<li>L\u00e9g\u00e8rement teint\u00e9 \/ sec et transparent<\/li>\n<\/ul>\n<p class=\"p1\"><strong>Ingr\u00e9dients :\u00a0<\/strong>Dioxyde de titane, oxyde de zinc, cyclopentasiloxane, polym\u00e8re crois\u00e9 de dim\u00e9thicone, polym\u00e8re crois\u00e9 de m\u00e9thacrylate de m\u00e9thyle\/dim\u00e9thacrylate de glycol, polym\u00e8re crois\u00e9 de dim\u00e9thicone\/vinyl dim\u00e9thicone, M\u00e9lanine, trib\u00e9h\u00e9nine, b\u00e9h\u00e9nate de calcium, isost\u00e9arate de sorbitan, dim\u00e9thiconol, cyclot\u00e9trasiloxane, alumine, PEG-10 dim\u00e9thicone, m\u00e9thicone, extrait de feuille de Camellia Sinensis, oxyde de fer.<\/p>","protected":false},"excerpt":{"rendered":"<p>Primaire pour la peau et le maquillage, r\u00e9sistant \u00e0 l'eau, avec un \u00e9cran solaire physique SPF30 qui prot\u00e8ge et lisse la peau. Formule non com\u00e9dog\u00e8ne, non grasse et non collante qui forme une barri\u00e8re respirante sur la peau et pr\u00e9vient les irritations cutan\u00e9es. Excellent pour les peaux sensibles, r\u00e9actives, rosac\u00e9es et acn\u00e9iques, ainsi que pour les patients ayant subi un traitement au laser, un peeling ou une intervention chirurgicale. Les bienfaits extraordinaires du th\u00e9 vert comprennent des propri\u00e9t\u00e9s antioxydantes, antibact\u00e9riennes [...]<\/p>","protected":false},"featured_media":4092,"comment_status":"open","ping_status":"closed","template":"","meta":[],"product_brand":[],"product_cat":[30,34],"product_tag":[],"class_list":{"0":"post-4090","1":"product","2":"type-product","3":"status-publish","4":"has-post-thumbnail","6":"product_cat-societe","7":"product_cat-skincare","9":"first","10":"instock","11":"shipping-taxable","12":"purchasable","13":"product-type-simple"},"_links":{"self":[{"href":"https:\/\/qelizaesthetics.com\/fr\/wp-json\/wp\/v2\/product\/4090","targetHints":{"allow":["GET"]}}],"collection":[{"href":"https:\/\/qelizaesthetics.com\/fr\/wp-json\/wp\/v2\/product"}],"about":[{"href":"https:\/\/qelizaesthetics.com\/fr\/wp-json\/wp\/v2\/types\/product"}],"replies":[{"embeddable":true,"href":"https:\/\/qelizaesthetics.com\/fr\/wp-json\/wp\/v2\/comments?post=4090"}],"wp:featuredmedia":[{"embeddable":true,"href":"https:\/\/qelizaesthetics.com\/fr\/wp-json\/wp\/v2\/media\/4092"}],"wp:attachment":[{"href":"https:\/\/qelizaesthetics.com\/fr\/wp-json\/wp\/v2\/media?parent=4090"}],"wp:term":[{"taxonomy":"product_brand","embeddable":true,"href":"https:\/\/qelizaesthetics.com\/fr\/wp-json\/wp\/v2\/product_brand?post=4090"},{"taxonomy":"product_cat","embeddable":true,"href":"https:\/\/qelizaesthetics.com\/fr\/wp-json\/wp\/v2\/product_cat?post=4090"},{"taxonomy":"product_tag","embeddable":true,"href":"https:\/\/qelizaesthetics.com\/fr\/wp-json\/wp\/v2\/product_tag?post=4090"}],"curies":[{"name":"wp","href":"https:\/\/api.w.org\/{rel}","templated":true}]}}