{"id":4085,"date":"2025-07-09T13:01:29","date_gmt":"2025-07-09T13:01:29","guid":{"rendered":"https:\/\/qelizaesthetics.com\/?post_type=product&#038;p=4085"},"modified":"2025-09-02T15:46:49","modified_gmt":"2025-09-02T15:46:49","slug":"vitamin-c-serum","status":"publish","type":"product","link":"https:\/\/qelizaesthetics.com\/fr\/produit\/serum-de-vitamine-c\/","title":{"rendered":"S\u00e9rum \u00e0 la vitamine C"},"content":{"rendered":"<p class=\"p1\">Un m\u00e9lange r\u00e9volutionnaire de trois vitamines C stabilis\u00e9es diff\u00e9rentes et uniques. Cette nouvelle formule utilise du phosphate d'ascorbyle de sodium, du glucoside d'ascorbyle et du phosphate d'ascorbyle de magn\u00e9sium. Ces trois formes de vitamine C cr\u00e9ent une combinaison synergique remarquable qui reste stable pendant de longues p\u00e9riodes, offrant des propri\u00e9t\u00e9s antioxydantes \u00e9lev\u00e9es et stimulant le collag\u00e8ne sans irritation. P\u00e9n\u00e8tre instantan\u00e9ment pour offrir les bienfaits durables de la vitamine C tout au long de la journ\u00e9e.<\/p>\n<p><strong>Directions :\u00a0<\/strong>Appliquer une quantit\u00e9 de la taille d'un petit pois sur le visage et le cou et lisser sur la peau.<\/p>\n<p><strong>Type de peau :<\/strong>\u00a0Convient \u00e0 tous les types de peau.<\/p>\n<p><strong>pH :<\/strong>\u00a07.5 - 8<\/p>\n<p><strong>Taille :<\/strong>\u00a01oz, 3.5oz<\/p>\n<p><strong>Avantages\u00a0<\/strong><\/p>\n<ul>\n<li>R\u00e9sultats maximaux gr\u00e2ce \u00e0 un triple m\u00e9lange de vitamine C<\/li>\n<li>Augmentation de la formation de collag\u00e8ne<\/li>\n<li>R\u00e9gulation des pigments<\/li>\n<li>Protection UV<\/li>\n<li>Les peptides anti-\u00e2ge ultimes lissent les rides et les ridules<\/li>\n<li>Les cellules souches de pomme combattent les signes du vieillissement<\/li>\n<li>Les prot\u00e9ines thermiques inhibent l'activit\u00e9 des radicaux nuisibles et d\u00e9fendent les cellules.<\/li>\n<li>Les antioxydants prot\u00e8gent la peau<\/li>\n<li>Protection accrue contre les UV et les dommages \u00e0 l'ADN<\/li>\n<li>L'anti-glycation aide \u00e0 prot\u00e9ger la production et le maintien du collag\u00e8ne.<\/li>\n<\/ul>\n<p class=\"p1\"><strong>Ingr\u00e9dients :\u00a0<\/strong>Eau, Sodium Ascorbyl Phosphate, Glyc\u00e9rine, Ascorbyl Glucoside, Sodium Polystyrene Sulfonate, Myristoyl Nonapeptide-3, Magnesium Ascorbyl Phosphate, Malus Domestica Fruit Cell Culture Extract, Palmitoyl Oligopeptide, Palmitoyl Tetrapeptide-7, Palmitoyl Tripeptide-5, Thermus Thermophillus Ferment, Cassia Alata Leaf Extract, Artemia Extract, Catalase, Aminoguanidine HCL, Teprenone, Extrait de feuille de Peumus Boldus, Extrait de racine de Polygonum Cuspidatum, Decarboxy Carnosine HCL, L\u00e9cithine, Triglyc\u00e9ride Caprylique\/Caprique, 1,2-Hexanediol, Caprylyl Glycol, Tropolone, Tocophersolan, Hydroxyethylcellulose, Xanthan Gum, Polysorbate-20, Carbomer, Butylene Glycol, Phenoxyethanol, L-Glutathione.<\/p>","protected":false},"excerpt":{"rendered":"<p>Un m\u00e9lange r\u00e9volutionnaire de trois vitamines C stabilis\u00e9es diff\u00e9rentes et uniques. Cette nouvelle formule utilise du phosphate d'ascorbyle de sodium, du glucoside d'ascorbyle et du phosphate d'ascorbyle de magn\u00e9sium. Ces trois formes de vitamine C cr\u00e9ent une combinaison synergique remarquable qui reste stable pendant de longues p\u00e9riodes, offrant des propri\u00e9t\u00e9s antioxydantes \u00e9lev\u00e9es et stimulant le collag\u00e8ne sans irritation. P\u00e9n\u00e8tre instantan\u00e9ment pour offrir les bienfaits durables de la vitamine C dans toute la [...]<\/p>","protected":false},"featured_media":4087,"comment_status":"open","ping_status":"closed","template":"","meta":[],"product_brand":[],"product_cat":[30,34],"product_tag":[],"class_list":{"0":"post-4085","1":"product","2":"type-product","3":"status-publish","4":"has-post-thumbnail","6":"product_cat-societe","7":"product_cat-skincare","9":"first","10":"instock","11":"shipping-taxable","12":"purchasable","13":"product-type-simple"},"_links":{"self":[{"href":"https:\/\/qelizaesthetics.com\/fr\/wp-json\/wp\/v2\/product\/4085","targetHints":{"allow":["GET"]}}],"collection":[{"href":"https:\/\/qelizaesthetics.com\/fr\/wp-json\/wp\/v2\/product"}],"about":[{"href":"https:\/\/qelizaesthetics.com\/fr\/wp-json\/wp\/v2\/types\/product"}],"replies":[{"embeddable":true,"href":"https:\/\/qelizaesthetics.com\/fr\/wp-json\/wp\/v2\/comments?post=4085"}],"wp:featuredmedia":[{"embeddable":true,"href":"https:\/\/qelizaesthetics.com\/fr\/wp-json\/wp\/v2\/media\/4087"}],"wp:attachment":[{"href":"https:\/\/qelizaesthetics.com\/fr\/wp-json\/wp\/v2\/media?parent=4085"}],"wp:term":[{"taxonomy":"product_brand","embeddable":true,"href":"https:\/\/qelizaesthetics.com\/fr\/wp-json\/wp\/v2\/product_brand?post=4085"},{"taxonomy":"product_cat","embeddable":true,"href":"https:\/\/qelizaesthetics.com\/fr\/wp-json\/wp\/v2\/product_cat?post=4085"},{"taxonomy":"product_tag","embeddable":true,"href":"https:\/\/qelizaesthetics.com\/fr\/wp-json\/wp\/v2\/product_tag?post=4085"}],"curies":[{"name":"wp","href":"https:\/\/api.w.org\/{rel}","templated":true}]}}