{"id":4082,"date":"2025-07-09T12:56:48","date_gmt":"2025-07-09T12:56:48","guid":{"rendered":"https:\/\/qelizaesthetics.com\/?post_type=product&#038;p=4082"},"modified":"2025-09-02T15:46:59","modified_gmt":"2025-09-02T15:46:59","slug":"vitamin-d-complex-cream","status":"publish","type":"product","link":"https:\/\/qelizaesthetics.com\/fr\/produit\/creme-complexe-vitamine-d\/","title":{"rendered":"Cr\u00e8me au complexe de vitamine D"},"content":{"rendered":"<p>Une cr\u00e8me de jour hydratante formul\u00e9e avec de la vitamine D pour r\u00e9parer la peau endommag\u00e9e par l'\u00e2ge. Des peptides stimulants aident la peau \u00e0 se raffermir et \u00e0 se resserrer pour un teint plus uniforme et des rides du lion moins visibles. La technologie affinante Pore Perfect aide \u00e0 renforcer la structure des pores pour donner \u00e0 la peau l'apparence d'une texture plus jeune.<\/p>\n<p><strong>Directions :<\/strong>\u00a0Appliquer 1 \u00e0 2 pressions par jour apr\u00e8s les s\u00e9rums. Bien faire p\u00e9n\u00e9trer. Poursuivre avec un SPF. Peut \u00e9galement \u00eatre utilis\u00e9 apr\u00e8s un peeling ou un traitement.<\/p>\n<p><strong>Type de peau :<\/strong>\u00a0Convient \u00e0 tous les types de peau, y compris les peaux sensibles et celles atteintes de rosac\u00e9e<\/p>\n<p><strong>pH :<\/strong>\u00a05.5 - 6.5<\/p>\n<p><strong>Taille :<\/strong>\u00a01,7oz \/ 48g<\/p>\n<p><strong>Avantages :<\/strong><\/p>\n<ul>\n<li>La vitamine D joue un r\u00f4le essentiel dans la protection et le rajeunissement de la peau.<\/li>\n<li>Une grande partie de la vitamine D produite par la peau est \u00e9galement absorb\u00e9e et utilis\u00e9e par d'autres syst\u00e8mes de l'organisme.<\/li>\n<li>Une dose compl\u00e8te de vitamines essentielles (vitamines D, C et E)<\/li>\n<li>Excellent pour les affections dermatologiques : dermatite, ecz\u00e9ma, psoriasis, rosac\u00e9e.<\/li>\n<li>Excellent pour les soins post peeling, post proc\u00e9dure, post chirurgie et post aiguilletage dermique.<\/li>\n<li>Pr\u00e9vient la perte d'eau de l'\u00e9piderme et scelle la barri\u00e8re cutan\u00e9e<\/li>\n<\/ul>\n<p><strong>Ingr\u00e9dients :<\/strong>\u00a0Eau, Cyclopentasiloxane, Cetearyl Alcohol, Cyclohexasiloxane, Behenoxy Dimethicone, Dimethicone, Behentrimonium Methosulfate, Glyc\u00e9rine, Niacinamide, Cholecalciferol, Myristoyl Pentapeptide-17, Myristoyl Nonapeptide-3, Sodium Hyaluronate, Apium Graveolens (Celery) Seed Extract, Linum Usitatissimum (Lin) Seed Extract,Tocopherol, Malic Acid, Ascorbyl Linoleate, Tocopheryl Linoleate\/Oleate, N-Prolyl Palmitoyl Tripeptide-56 Acetate, Ethyl Macadamiate, Caprylic\/Capric Triglyceride, Sorbitan Trioleate, Caprylyl Glycol, Pentylene Glycol, Phenoxyethanol<\/p>","protected":false},"excerpt":{"rendered":"<p>Une cr\u00e8me de jour hydratante formul\u00e9e avec de la vitamine D pour r\u00e9parer la peau endommag\u00e9e par l'\u00e2ge. Des peptides stimulants aident la peau \u00e0 se raffermir et \u00e0 se resserrer pour un teint plus uniforme et des rides du lion moins visibles. La technologie affinante Pore Perfect aide \u00e0 renforcer la structure des pores pour donner l'apparence d'une peau plus jeune [...]<\/p>","protected":false},"featured_media":4084,"comment_status":"open","ping_status":"closed","template":"","meta":[],"product_brand":[],"product_cat":[30,34],"product_tag":[],"class_list":{"0":"post-4082","1":"product","2":"type-product","3":"status-publish","4":"has-post-thumbnail","6":"product_cat-societe","7":"product_cat-skincare","9":"first","10":"instock","11":"shipping-taxable","12":"purchasable","13":"product-type-simple"},"_links":{"self":[{"href":"https:\/\/qelizaesthetics.com\/fr\/wp-json\/wp\/v2\/product\/4082","targetHints":{"allow":["GET"]}}],"collection":[{"href":"https:\/\/qelizaesthetics.com\/fr\/wp-json\/wp\/v2\/product"}],"about":[{"href":"https:\/\/qelizaesthetics.com\/fr\/wp-json\/wp\/v2\/types\/product"}],"replies":[{"embeddable":true,"href":"https:\/\/qelizaesthetics.com\/fr\/wp-json\/wp\/v2\/comments?post=4082"}],"wp:featuredmedia":[{"embeddable":true,"href":"https:\/\/qelizaesthetics.com\/fr\/wp-json\/wp\/v2\/media\/4084"}],"wp:attachment":[{"href":"https:\/\/qelizaesthetics.com\/fr\/wp-json\/wp\/v2\/media?parent=4082"}],"wp:term":[{"taxonomy":"product_brand","embeddable":true,"href":"https:\/\/qelizaesthetics.com\/fr\/wp-json\/wp\/v2\/product_brand?post=4082"},{"taxonomy":"product_cat","embeddable":true,"href":"https:\/\/qelizaesthetics.com\/fr\/wp-json\/wp\/v2\/product_cat?post=4082"},{"taxonomy":"product_tag","embeddable":true,"href":"https:\/\/qelizaesthetics.com\/fr\/wp-json\/wp\/v2\/product_tag?post=4082"}],"curies":[{"name":"wp","href":"https:\/\/api.w.org\/{rel}","templated":true}]}}