{"id":4077,"date":"2025-07-09T12:43:49","date_gmt":"2025-07-09T12:43:49","guid":{"rendered":"https:\/\/qelizaesthetics.com\/?post_type=product&#038;p=4077"},"modified":"2025-09-02T15:47:09","modified_gmt":"2025-09-02T15:47:09","slug":"peptide-mask","status":"publish","type":"product","link":"https:\/\/qelizaesthetics.com\/fr\/produit\/masque-aux-peptides\/","title":{"rendered":"Masque aux peptides"},"content":{"rendered":"<p><strong>UTILISATIONS : \u00a0<\/strong><strong>Parfait pour une utilisation apr\u00e8s : Aiguilles dermiques, microdermabrasion, modalit\u00e9s faciales, chirurgie faciale, peelings, laser et autres.<\/strong><br \/>\n<strong>Le masque gel aux peptides rajeunissant a \u00e9t\u00e9 con\u00e7u pour un usage cosm\u00e9tique afin de calmer et d'hydrater la peau apr\u00e8s les micro-aiguilles, les proc\u00e9dures chirurgicales, les injections et\/ou tout traitement ablatif. Il peut \u00e9galement \u00eatre utilis\u00e9 pendant les soins du visage et les traitements de microdermabrasion.<\/strong><\/p>\n<p>&nbsp;<\/p>\n<p>Utilisant une formulation unique de peptides, de cellules souches d'origine v\u00e9g\u00e9tale et d'ingr\u00e9dients anti-\u00e2ge de qualit\u00e9, qui contribuent au rajeunissement de la peau, ces feuilles de gel aux peptides int\u00e8grent une technologie innovante appel\u00e9e TCD (Transdermal Cosmetic Delivery), qui garantit que leurs ingr\u00e9dients cl\u00e9s sont activ\u00e9s par la temp\u00e9rature de la peau. En outre, elles r\u00e9duisent rapidement la d\u00e9shydratation de la peau et am\u00e9liorent sa capacit\u00e9 d'auto-hydratation.<\/p>\n<p class=\"p1\"><strong>Directions :<br \/>\n<\/strong>Le masque gel aux peptides rajeunissant peut \u00eatre utilis\u00e9 sur le visage et d'autres zones du corps selon les besoins pour favoriser la cicatrisation, l'hydratation en profondeur et r\u00e9duire les rougeurs, les gonflements et les irritations.<em>\u00a0CONSEIL : R\u00e9frig\u00e9rer les masques pour un effet rafra\u00eechissant suppl\u00e9mentaire.<\/em><\/p>\n<p class=\"p1\"><strong>Avantages :<\/strong><\/p>\n<ul>\n<li>Calme, rafra\u00eechit et apaise la peau instantan\u00e9ment<\/li>\n<li>R\u00e9duit les rougeurs et les poches gr\u00e2ce \u00e0 un effet rafra\u00eechissant.<\/li>\n<li>Hydrate en profondeur les peaux s\u00e8ches et stress\u00e9es<\/li>\n<\/ul>\n<p class=\"p1\"><strong>Ingr\u00e9dients :\u00a0<\/strong>Eau, extrait de fleur de Chamomilla Recutita (Matricaria), collag\u00e8ne hydrolys\u00e9, hyaluronate de sodium, Acetyl Hexapeptide-8, glyc\u00e9rine, extrait de culture cellulaire de feuille de Rhododendron Ferrugineum, extrait de culture cellulaire de fruit de Malus Domestica, extrait de Portulaca Oleracea, mannan, polysorbate 80, glycyrrhizate dipotassique, EDTA disodique, gomme de Ceratonia Silique, hydroxyde de potassium, ph\u00e9noxy\u00e9thanol.<\/p>","protected":false},"excerpt":{"rendered":"<p>USES: \u00a0Perfect for use after: Dermal Needling, Microdermabrasion, Facial Modalities, Facial Surgery, Peels, Laser and more. The Rejuvenating Peptide Gel Mask was developed for cosmetic use to calm and moisturize the skin after micro-needling, surgical procedures, post injection, and\/or any ablative treatments. In addition, it can also be used during facials and microdermabrasion treatments. &nbsp; [&hellip;]<\/p>","protected":false},"featured_media":4079,"comment_status":"open","ping_status":"closed","template":"","meta":[],"product_brand":[],"product_cat":[33],"product_tag":[],"class_list":{"0":"post-4077","1":"product","2":"type-product","3":"status-publish","4":"has-post-thumbnail","6":"product_cat-peptide","8":"first","9":"instock","10":"shipping-taxable","11":"purchasable","12":"product-type-simple"},"_links":{"self":[{"href":"https:\/\/qelizaesthetics.com\/fr\/wp-json\/wp\/v2\/product\/4077","targetHints":{"allow":["GET"]}}],"collection":[{"href":"https:\/\/qelizaesthetics.com\/fr\/wp-json\/wp\/v2\/product"}],"about":[{"href":"https:\/\/qelizaesthetics.com\/fr\/wp-json\/wp\/v2\/types\/product"}],"replies":[{"embeddable":true,"href":"https:\/\/qelizaesthetics.com\/fr\/wp-json\/wp\/v2\/comments?post=4077"}],"wp:featuredmedia":[{"embeddable":true,"href":"https:\/\/qelizaesthetics.com\/fr\/wp-json\/wp\/v2\/media\/4079"}],"wp:attachment":[{"href":"https:\/\/qelizaesthetics.com\/fr\/wp-json\/wp\/v2\/media?parent=4077"}],"wp:term":[{"taxonomy":"product_brand","embeddable":true,"href":"https:\/\/qelizaesthetics.com\/fr\/wp-json\/wp\/v2\/product_brand?post=4077"},{"taxonomy":"product_cat","embeddable":true,"href":"https:\/\/qelizaesthetics.com\/fr\/wp-json\/wp\/v2\/product_cat?post=4077"},{"taxonomy":"product_tag","embeddable":true,"href":"https:\/\/qelizaesthetics.com\/fr\/wp-json\/wp\/v2\/product_tag?post=4077"}],"curies":[{"name":"wp","href":"https:\/\/api.w.org\/{rel}","templated":true}]}}