{"id":3727,"date":"2025-02-03T16:55:54","date_gmt":"2025-02-03T16:55:54","guid":{"rendered":"https:\/\/qelizaesthetics.com\/?post_type=product&#038;p=3727"},"modified":"2025-09-02T15:53:39","modified_gmt":"2025-09-02T15:53:39","slug":"ashwagandha-500-mg-60-caps","status":"publish","type":"product","link":"https:\/\/qelizaesthetics.com\/fr\/produit\/ashwagandha-500-mg-60-gelules\/","title":{"rendered":"Ashwagandha 500 mg (60 g\u00e9lules)"},"content":{"rendered":"","protected":false},"excerpt":{"rendered":"<div class=\"border-section rte\"><strong>Une plante adaptog\u00e8ne<\/strong> connu pour r\u00e9duire le stress, am\u00e9liorer l'humeur, renforcer les fonctions cognitives et favoriser l'\u00e9quilibre hormonal.<\/div>\n<p>&nbsp;<\/p>\n<div class=\"border-section rte\"><strong>Le saviez-vous ?<\/strong><br \/>\nCouplage <strong>Ashwagandha<\/strong> avec <strong>Thr\u00e9onate de magn\u00e9sium<\/strong> <em>(bient\u00f4t sur QelizA)<\/em> peut soulager le stress, am\u00e9liorer les fonctions cognitives et favoriser une relaxation plus profonde en combinant les propri\u00e9t\u00e9s adaptog\u00e8nes de l'Ashwagandha et la capacit\u00e9 du Thr\u00e9onate de magn\u00e9sium \u00e0 traverser la barri\u00e8re h\u00e9mato-enc\u00e9phalique et \u00e0 favoriser l'\u00e9quilibre des neurotransmetteurs.<\/div>","protected":false},"featured_media":3748,"comment_status":"open","ping_status":"closed","template":"","meta":[],"product_brand":[],"product_cat":[29],"product_tag":[],"class_list":{"0":"post-3727","1":"product","2":"type-product","3":"status-publish","4":"has-post-thumbnail","6":"product_cat-supplements","8":"first","9":"instock","10":"shipping-taxable","11":"purchasable","12":"product-type-simple"},"_links":{"self":[{"href":"https:\/\/qelizaesthetics.com\/fr\/wp-json\/wp\/v2\/product\/3727","targetHints":{"allow":["GET"]}}],"collection":[{"href":"https:\/\/qelizaesthetics.com\/fr\/wp-json\/wp\/v2\/product"}],"about":[{"href":"https:\/\/qelizaesthetics.com\/fr\/wp-json\/wp\/v2\/types\/product"}],"replies":[{"embeddable":true,"href":"https:\/\/qelizaesthetics.com\/fr\/wp-json\/wp\/v2\/comments?post=3727"}],"wp:featuredmedia":[{"embeddable":true,"href":"https:\/\/qelizaesthetics.com\/fr\/wp-json\/wp\/v2\/media\/3748"}],"wp:attachment":[{"href":"https:\/\/qelizaesthetics.com\/fr\/wp-json\/wp\/v2\/media?parent=3727"}],"wp:term":[{"taxonomy":"product_brand","embeddable":true,"href":"https:\/\/qelizaesthetics.com\/fr\/wp-json\/wp\/v2\/product_brand?post=3727"},{"taxonomy":"product_cat","embeddable":true,"href":"https:\/\/qelizaesthetics.com\/fr\/wp-json\/wp\/v2\/product_cat?post=3727"},{"taxonomy":"product_tag","embeddable":true,"href":"https:\/\/qelizaesthetics.com\/fr\/wp-json\/wp\/v2\/product_tag?post=3727"}],"curies":[{"name":"wp","href":"https:\/\/api.w.org\/{rel}","templated":true}]}}