{"id":3724,"date":"2025-02-03T16:55:43","date_gmt":"2025-02-03T16:55:43","guid":{"rendered":"https:\/\/qelizaesthetics.com\/?post_type=product&#038;p=3724"},"modified":"2025-09-02T15:53:53","modified_gmt":"2025-09-02T15:53:53","slug":"hair-loss-capsules-60-mg","status":"publish","type":"product","link":"https:\/\/qelizaesthetics.com\/fr\/produit\/gelules-contre-la-chute-des-cheveux-60-mg\/","title":{"rendered":"G\u00e9lules contre la chute des cheveux 60 mg"},"content":{"rendered":"","protected":false},"excerpt":{"rendered":"<div class=\"border-section rte\">\n    <strong>Un m\u00e9lange scientifiquement formul\u00e9<\/strong> con\u00e7u pour favoriser la croissance des cheveux, r\u00e9duire la chute et renforcer les follicules pileux.\n<\/div>\n<p><\/p>\n<div class=\"border-section rte\">\n    <strong>Ingr\u00e9dients cl\u00e9s :<\/strong><\/p>\n<ul>\n<li><strong>Finasteride :<\/strong> Aide \u00e0 pr\u00e9venir la chute des cheveux en r\u00e9duisant les niveaux de DHT.<\/li>\n<li><strong>L-Arginine :<\/strong> Am\u00e9liore la circulation sanguine au niveau du cuir chevelu, favorisant la sant\u00e9 des follicules.<\/li>\n<li><strong>Cystine :<\/strong> Un acide amin\u00e9 vital qui renforce la structure des cheveux.<\/li>\n<li><strong>Zinc :<\/strong> Essentiel pour la croissance des cheveux et la sant\u00e9 du cuir chevelu.<\/li>\n<li><strong>Vitamine B5 :<\/strong> Favorise la sant\u00e9 des follicules pileux et r\u00e9duit les cassures.<\/li>\n<li><strong>Vitamine C :<\/strong> Un antioxydant puissant qui favorise la production de collag\u00e8ne pour des cheveux plus forts.<\/li>\n<\/ul>\n<\/div>\n<p><\/p>\n<div class=\"border-section rte\">\n    <strong>Le saviez-vous ?<\/strong><br \/>\n    Le finast\u00e9ride (contenu dans vos g\u00e9lules contre la chute des cheveux) inhibe la 5-alpha r\u00e9ductase, une enzyme qui convertit la testost\u00e9rone en DHT (dihydrotestost\u00e9rone). En r\u00e9duisant les niveaux de DHT, le finast\u00e9ride contribue \u00e0 ralentir, voire \u00e0 inverser la chute des cheveux dans certains cas.\n<\/div>","protected":false},"featured_media":3751,"comment_status":"open","ping_status":"closed","template":"","meta":[],"product_brand":[],"product_cat":[29],"product_tag":[],"class_list":{"0":"post-3724","1":"product","2":"type-product","3":"status-publish","4":"has-post-thumbnail","6":"product_cat-supplements","8":"first","9":"instock","10":"shipping-taxable","11":"purchasable","12":"product-type-simple"},"_links":{"self":[{"href":"https:\/\/qelizaesthetics.com\/fr\/wp-json\/wp\/v2\/product\/3724","targetHints":{"allow":["GET"]}}],"collection":[{"href":"https:\/\/qelizaesthetics.com\/fr\/wp-json\/wp\/v2\/product"}],"about":[{"href":"https:\/\/qelizaesthetics.com\/fr\/wp-json\/wp\/v2\/types\/product"}],"replies":[{"embeddable":true,"href":"https:\/\/qelizaesthetics.com\/fr\/wp-json\/wp\/v2\/comments?post=3724"}],"wp:featuredmedia":[{"embeddable":true,"href":"https:\/\/qelizaesthetics.com\/fr\/wp-json\/wp\/v2\/media\/3751"}],"wp:attachment":[{"href":"https:\/\/qelizaesthetics.com\/fr\/wp-json\/wp\/v2\/media?parent=3724"}],"wp:term":[{"taxonomy":"product_brand","embeddable":true,"href":"https:\/\/qelizaesthetics.com\/fr\/wp-json\/wp\/v2\/product_brand?post=3724"},{"taxonomy":"product_cat","embeddable":true,"href":"https:\/\/qelizaesthetics.com\/fr\/wp-json\/wp\/v2\/product_cat?post=3724"},{"taxonomy":"product_tag","embeddable":true,"href":"https:\/\/qelizaesthetics.com\/fr\/wp-json\/wp\/v2\/product_tag?post=3724"}],"curies":[{"name":"wp","href":"https:\/\/api.w.org\/{rel}","templated":true}]}}