{"id":3715,"date":"2025-02-03T16:55:02","date_gmt":"2025-02-03T16:55:02","guid":{"rendered":"https:\/\/qelizaesthetics.com\/?post_type=product&#038;p=3715"},"modified":"2025-09-02T15:54:48","modified_gmt":"2025-09-02T15:54:48","slug":"resveratrol-200-mg-60-caps","status":"publish","type":"product","link":"https:\/\/qelizaesthetics.com\/fr\/produit\/resveratrol-200-mg-60-gelules\/","title":{"rendered":"Resv\u00e9ratrol 200 mg (60 g\u00e9lules)"},"content":{"rendered":"","protected":false},"excerpt":{"rendered":"<div class=\"border-section rte\">\n    <strong>Un polyph\u00e9nol puissant aux propri\u00e9t\u00e9s anti-\u00e2ge<\/strong>L'huile de jojoba, qui favorise la sant\u00e9 cardiaque, les fonctions c\u00e9r\u00e9brales et la r\u00e9paration cellulaire gr\u00e2ce \u00e0 l'activation des voies de la long\u00e9vit\u00e9, est un excellent moyen d'am\u00e9liorer la qualit\u00e9 de vie de la population.\n<\/div>\n<p><\/p>\n<div class=\"border-section rte\">\n    <strong>Le saviez-vous ?<\/strong><br \/>\n    Couplage <strong>Resv\u00e9ratrol<\/strong> avec <strong><a href=\"https:\/\/qelizaesthetics.com\/fr\/produit\/nmn-nicotinamide-mononucleotide-500-mg-60-gelules\/\">NMN<\/a><\/strong> peut amplifier la production de NAD+ et activer les sirtuines, am\u00e9liorant ainsi l'\u00e9nergie cellulaire, la r\u00e9paration de l'ADN et les voies de la long\u00e9vit\u00e9 pour des b\u00e9n\u00e9fices anti-\u00e2ge et m\u00e9taboliques optimaux.\n<\/div>","protected":false},"featured_media":3753,"comment_status":"open","ping_status":"closed","template":"","meta":[],"product_brand":[],"product_cat":[29],"product_tag":[],"class_list":{"0":"post-3715","1":"product","2":"type-product","3":"status-publish","4":"has-post-thumbnail","6":"product_cat-supplements","8":"first","9":"instock","10":"shipping-taxable","11":"purchasable","12":"product-type-simple"},"_links":{"self":[{"href":"https:\/\/qelizaesthetics.com\/fr\/wp-json\/wp\/v2\/product\/3715","targetHints":{"allow":["GET"]}}],"collection":[{"href":"https:\/\/qelizaesthetics.com\/fr\/wp-json\/wp\/v2\/product"}],"about":[{"href":"https:\/\/qelizaesthetics.com\/fr\/wp-json\/wp\/v2\/types\/product"}],"replies":[{"embeddable":true,"href":"https:\/\/qelizaesthetics.com\/fr\/wp-json\/wp\/v2\/comments?post=3715"}],"wp:featuredmedia":[{"embeddable":true,"href":"https:\/\/qelizaesthetics.com\/fr\/wp-json\/wp\/v2\/media\/3753"}],"wp:attachment":[{"href":"https:\/\/qelizaesthetics.com\/fr\/wp-json\/wp\/v2\/media?parent=3715"}],"wp:term":[{"taxonomy":"product_brand","embeddable":true,"href":"https:\/\/qelizaesthetics.com\/fr\/wp-json\/wp\/v2\/product_brand?post=3715"},{"taxonomy":"product_cat","embeddable":true,"href":"https:\/\/qelizaesthetics.com\/fr\/wp-json\/wp\/v2\/product_cat?post=3715"},{"taxonomy":"product_tag","embeddable":true,"href":"https:\/\/qelizaesthetics.com\/fr\/wp-json\/wp\/v2\/product_tag?post=3715"}],"curies":[{"name":"wp","href":"https:\/\/api.w.org\/{rel}","templated":true}]}}