{"id":3696,"date":"2025-02-03T16:31:54","date_gmt":"2025-02-03T16:31:54","guid":{"rendered":"https:\/\/qelizaesthetics.com\/?post_type=product&#038;p=3696"},"modified":"2025-09-02T15:55:20","modified_gmt":"2025-09-02T15:55:20","slug":"vit-d3-10000-iu-k-60-caps","status":"publish","type":"product","link":"https:\/\/qelizaesthetics.com\/fr\/produit\/vit-d3-10000-iu-k-60-caps\/","title":{"rendered":"Vit D3 10000 IU + K (60 g\u00e9lules)"},"content":{"rendered":"","protected":false},"excerpt":{"rendered":"<div class=\"border-section rte\">\n    <strong>Une combinaison puissante pour la sant\u00e9 des os<\/strong>La vitamine K2 assure une bonne utilisation du calcium dans l'organisme. La vitamine K2 assure une bonne utilisation du calcium dans l'organisme.\n<\/div>\n<p><\/p>\n<div class=\"border-section rte\">\n    <strong>Le saviez-vous ?<\/strong><br \/>\n    Couplage <strong>Vitamine D + K<\/strong> avec <strong><a href=\"https:\/\/qelizaesthetics.com\/fr\/produit\/citrate-de-magnesium-250-mg-60-gelules\/\">Magn\u00e9sium<\/a><\/strong> am\u00e9liore l'absorption du calcium, soutient la sant\u00e9 des os et optimise le m\u00e9tabolisme de la vitamine D. En effet, le magn\u00e9sium est essentiel \u00e0 la conversion de la vitamine D en sa forme active, tandis que la vitamine K garantit que le calcium est dirig\u00e9 vers les os plut\u00f4t que vers les art\u00e8res.\n<\/div>","protected":false},"featured_media":3746,"comment_status":"open","ping_status":"closed","template":"","meta":[],"product_brand":[],"product_cat":[29],"product_tag":[],"class_list":{"0":"post-3696","1":"product","2":"type-product","3":"status-publish","4":"has-post-thumbnail","6":"product_cat-supplements","8":"first","9":"instock","10":"shipping-taxable","11":"purchasable","12":"product-type-simple"},"_links":{"self":[{"href":"https:\/\/qelizaesthetics.com\/fr\/wp-json\/wp\/v2\/product\/3696","targetHints":{"allow":["GET"]}}],"collection":[{"href":"https:\/\/qelizaesthetics.com\/fr\/wp-json\/wp\/v2\/product"}],"about":[{"href":"https:\/\/qelizaesthetics.com\/fr\/wp-json\/wp\/v2\/types\/product"}],"replies":[{"embeddable":true,"href":"https:\/\/qelizaesthetics.com\/fr\/wp-json\/wp\/v2\/comments?post=3696"}],"wp:featuredmedia":[{"embeddable":true,"href":"https:\/\/qelizaesthetics.com\/fr\/wp-json\/wp\/v2\/media\/3746"}],"wp:attachment":[{"href":"https:\/\/qelizaesthetics.com\/fr\/wp-json\/wp\/v2\/media?parent=3696"}],"wp:term":[{"taxonomy":"product_brand","embeddable":true,"href":"https:\/\/qelizaesthetics.com\/fr\/wp-json\/wp\/v2\/product_brand?post=3696"},{"taxonomy":"product_cat","embeddable":true,"href":"https:\/\/qelizaesthetics.com\/fr\/wp-json\/wp\/v2\/product_cat?post=3696"},{"taxonomy":"product_tag","embeddable":true,"href":"https:\/\/qelizaesthetics.com\/fr\/wp-json\/wp\/v2\/product_tag?post=3696"}],"curies":[{"name":"wp","href":"https:\/\/api.w.org\/{rel}","templated":true}]}}